{"id":2716,"date":"2025-06-23T02:33:41","date_gmt":"2025-06-23T02:33:41","guid":{"rendered":"https:\/\/cmykprinted.com\/?post_type=product&#038;p=2716"},"modified":"2025-06-23T02:33:41","modified_gmt":"2025-06-23T02:33:41","slug":"logo-transfer-stickers","status":"publish","type":"product","link":"https:\/\/cmykprinted.com\/sk_sk\/produkt\/nalepky-na-prenos-loga\/","title":{"rendered":"Samolepky s logom na mieru z kovov\u00e9ho niklu vyroben\u00e9 v \u010c\u00edne"},"content":{"rendered":"","protected":false},"excerpt":{"rendered":"<p>Chcete, aby va\u0161a zna\u010dka vynikla elegantn\u00fdm a luxusn\u00fdm povrchom? Na\u0161e kovov\u00e9 niklov\u00e9 n\u00e1lepky s logom na mieru s\u00fa perfektn\u00fdm rie\u0161en\u00edm pre firmy, ktor\u00e9 po\u017eaduj\u00fa kvalitu, odolnos\u0165 a vizu\u00e1lny dojem. Tieto n\u00e1lepky, vyroben\u00e9 v \u010c\u00edne pomocou pokro\u010dilej technol\u00f3gie elektroformovania, s\u00fa vyroben\u00e9 z ultratenk\u00e9ho a \u013eahk\u00e9ho niklov\u00e9ho materi\u00e1lu s \u00fa\u017easn\u00fdm kovov\u00fdm povrchom \u2013 dostupn\u00e9 v striebornej, zlatej, matnej, lesklej alebo br\u00fasenej text\u00fare.<\/p>\n<p>Tieto prenosn\u00e9 n\u00e1lepky s\u00fa ide\u00e1lne na notebooky, elektroniku, obaly, spotrebi\u010de, reklamn\u00e9 predmety, f\u013ea\u0161ti\u010dky na kozmetick\u00e9 obaly, f\u013ea\u0161ti\u010dky na parfumy, krabice na svie\u010dky a \u010fal\u0161ie. V\u010faka siln\u00e9mu lepidlu nezanech\u00e1vaj\u00fa \u017eiadne zvy\u0161ky. Ka\u017ed\u00e9 logo je vyrezan\u00e9 na mieru s ostr\u00fdmi detailmi, \u010do zais\u0165uje \u010dist\u00fd a profesion\u00e1lny vzh\u013ead na akomko\u013evek hladkom povrchu.<\/p>\n<p>Minim\u00e1lne objednan\u00e9 mno\u017estv\u00e1 s\u00fa n\u00edzke, k dispoz\u00edcii s\u00fa mno\u017estevn\u00e9 z\u013eavy a r\u00fdchle medzin\u00e1rodn\u00e9 doru\u010denie zaru\u010duje v\u010dasn\u00e9 doru\u010denie. \u010ci u\u017e ste startup alebo zaveden\u00e1 zna\u010dka, vyberte si kvalitu vyroben\u00fa v \u010c\u00edne, ktorej m\u00f4\u017eete d\u00f4verova\u0165 \u2013 rafinovan\u00fa, cenovo dostupn\u00fa a vyroben\u00fa tak, aby zap\u00f4sobila.<\/p>\n<div style=\"width: 726px;\" class=\"wp-video\"><!--[if lt IE 9]><script>document.createElement('video');<\/script><![endif]--><br \/>\n<video class=\"wp-video-shortcode\" id=\"video-2716-1\" width=\"726\" height=\"720\" preload=\"metadata\" controls=\"controls\"><source type=\"video\/mp4\" src=\"https:\/\/cmykprinted.com\/wp-content\/uploads\/2025\/06\/3d-Metal-Transfer-Stickers.mp4?_=1\" \/><a href=\"https:\/\/cmykprinted.com\/wp-content\/uploads\/2025\/06\/3d-Metal-Transfer-Stickers.mp4\">https:\/\/cmykprinted.com\/wp-content\/uploads\/2025\/06\/3d-Metal-Transfer-Stickers.mp4<\/a><\/video><\/div>","protected":false},"featured_media":2717,"template":"","meta":{"_kad_post_transparent":"default","_kad_post_title":"hide","_kad_post_layout":"fullwidth","_kad_post_sidebar_id":"","_kad_post_content_style":"unboxed","_kad_post_vertical_padding":"hide","_kad_post_feature":"hide","_kad_post_feature_position":"","_kad_post_header":false,"_kad_post_footer":false},"product_cat":[101,102],"product_tag":[620,619,621],"class_list":{"0":"post-2716","1":"product","2":"type-product","3":"status-publish","4":"has-post-thumbnail","6":"product_cat-transfer-stickers","7":"product_cat-metal-transfer-stickers","8":"product_tag-custom-logo-transfer-stickers","9":"product_tag-logo-transfer-stickers","10":"product_tag-metal-nickle-logo-transfer-stickers","12":"first","13":"instock","14":"shipping-taxable","15":"product-type-simple","16":"entry","17":"content-bg","18":"loop-entry"},"_links":{"self":[{"href":"https:\/\/cmykprinted.com\/sk_sk\/wp-json\/wp\/v2\/product\/2716","targetHints":{"allow":["GET"]}}],"collection":[{"href":"https:\/\/cmykprinted.com\/sk_sk\/wp-json\/wp\/v2\/product"}],"about":[{"href":"https:\/\/cmykprinted.com\/sk_sk\/wp-json\/wp\/v2\/types\/product"}],"version-history":[{"count":1,"href":"https:\/\/cmykprinted.com\/sk_sk\/wp-json\/wp\/v2\/product\/2716\/revisions"}],"predecessor-version":[{"id":2722,"href":"https:\/\/cmykprinted.com\/sk_sk\/wp-json\/wp\/v2\/product\/2716\/revisions\/2722"}],"wp:featuredmedia":[{"embeddable":true,"href":"https:\/\/cmykprinted.com\/sk_sk\/wp-json\/wp\/v2\/media\/2717"}],"wp:attachment":[{"href":"https:\/\/cmykprinted.com\/sk_sk\/wp-json\/wp\/v2\/media?parent=2716"}],"wp:term":[{"taxonomy":"product_cat","embeddable":true,"href":"https:\/\/cmykprinted.com\/sk_sk\/wp-json\/wp\/v2\/product_cat?post=2716"},{"taxonomy":"product_tag","embeddable":true,"href":"https:\/\/cmykprinted.com\/sk_sk\/wp-json\/wp\/v2\/product_tag?post=2716"}],"curies":[{"name":"wp","href":"https:\/\/api.w.org\/{rel}","templated":true}]}}