{"id":2723,"date":"2025-06-27T03:53:26","date_gmt":"2025-06-27T03:53:26","guid":{"rendered":"https:\/\/cmykprinted.com\/?post_type=product&#038;p=2723"},"modified":"2025-06-27T06:33:48","modified_gmt":"2025-06-27T06:33:48","slug":"custom-made-football-flags","status":"publish","type":"product","link":"https:\/\/cmykprinted.com\/sk_sk\/produkt\/zakazkovo-vyrobene-futbalove-vlajky\/","title":{"rendered":"Ve\u013ekoform\u00e1tov\u00e9 futbalov\u00e9 vlajky na mieru s lacnou cenou"},"content":{"rendered":"","protected":false},"excerpt":{"rendered":"<p>Chcete vo ve\u013ekom \u0161t\u00fdle prezentova\u0165 svoju futbalov\u00fa hrdos\u0165? Na\u0161e ve\u013ekoform\u00e1tov\u00e9 futbalov\u00e9 vlajky na mieru s\u00fa perfektn\u00fdm rie\u0161en\u00edm pre v\u00e1\u0161niv\u00fdch fan\u00fa\u0161ikov, kluby alebo organiz\u00e1torov podujat\u00ed, ktor\u00ed chc\u00fa urobi\u0165 siln\u00fd dojem. Tieto bannery s\u00fa vyroben\u00e9 z pr\u00e9miovej, odolnej polyesterovej tkaniny, odol\u00e1vaj\u00fa vonkaj\u0161\u00edm vplyvom a zost\u00e1vaj\u00fa \u017eiariv\u00e9 sez\u00f3nu \u010do sez\u00f3nu.<\/p>\n<p>Pon\u00fakame kompletn\u00e9 prisp\u00f4sobenie \u2013 vyberte si farby v\u00e1\u0161ho t\u00edmu, log\u00e1, slogany a ak\u00fdko\u013evek jedine\u010dn\u00fd dizajn, aby ste vytvorili vlajky, ktor\u00e9 skuto\u010dne odr\u00e1\u017eaj\u00fa v\u00e1\u0161ho futbalov\u00e9ho ducha. \u010ci u\u017e zdob\u00edte \u0161tadi\u00f3ny, fan\u00fa\u0161ikovsk\u00e9 z\u00f3ny, \u0161portov\u00e9 bary alebo vonkaj\u0161ie podujatia, na\u0161a tla\u010d s vysok\u00fdm rozl\u00ed\u0161en\u00edm zaru\u010duje ostr\u00fa grafiku a p\u00fatav\u00e9 farby, ktor\u00e9 vy\u010dnievaj\u00fa z davu.<\/p>\n<p>Napriek ich p\u00f4sobivej ve\u013ekosti a kvalite garantujeme vysoko konkurencieschopn\u00e9 ceny, ktor\u00e9 vyhovuj\u00fa v\u0161etk\u00fdm rozpo\u010dtom, v\u010faka \u010domu je hromadn\u00e9 objedn\u00e1vanie na turnaje, ligy alebo propaga\u010dn\u00e9 kampane jednoduch\u0161ie ako kedyko\u013evek predt\u00fdm. R\u00fdchle dodanie a celosvetov\u00e1 doprava znamenaj\u00fa, \u017ee svoje bannery dostanete v\u010das, nech ste kdeko\u013evek.<\/p>\n<p>Neuspokojte sa s oby\u010dajnos\u0165ou. Uk\u00e1\u017ete v\u00e1\u0161e\u0148 svojho t\u00edmu nahlas a hrdo s na\u0161imi ve\u013ekoform\u00e1tov\u00fdmi futbalov\u00fdmi \u0161portov\u00fdmi vlajkami vyroben\u00fdmi na mieru \u2013 pr\u00e9miov\u00e1 kvalita za pr\u00e9miov\u00fa cenu!<\/p>\n<div style=\"width: 854px;\" class=\"wp-video\"><!--[if lt IE 9]><script>document.createElement('video');<\/script><![endif]--><br \/>\n<video class=\"wp-video-shortcode\" id=\"video-2723-1\" width=\"854\" height=\"480\" preload=\"metadata\" controls=\"controls\"><source type=\"video\/mp4\" src=\"https:\/\/cmykprinted.com\/wp-content\/uploads\/2025\/06\/Large-Flag-Banner-for-Football-Events.mp4?_=1\" \/><a href=\"https:\/\/cmykprinted.com\/wp-content\/uploads\/2025\/06\/Large-Flag-Banner-for-Football-Events.mp4\">https:\/\/cmykprinted.com\/wp-content\/uploads\/2025\/06\/Large-Flag-Banner-for-Football-Events.mp4<\/a><\/video><\/div>","protected":false},"featured_media":2724,"template":"","meta":{"_kad_post_transparent":"default","_kad_post_title":"hide","_kad_post_layout":"fullwidth","_kad_post_sidebar_id":"","_kad_post_content_style":"unboxed","_kad_post_vertical_padding":"hide","_kad_post_feature":"hide","_kad_post_feature_position":"","_kad_post_header":false,"_kad_post_footer":false},"product_cat":[79],"product_tag":[625,622,626,624,623],"class_list":{"0":"post-2723","1":"product","2":"type-product","3":"status-publish","4":"has-post-thumbnail","6":"product_cat-custom-flags","7":"product_tag-custom-football-flags","8":"product_tag-custom-made-football-flags","9":"product_tag-custom-made-sports-flags","10":"product_tag-large-size-flags","11":"product_tag-sports-flags-banners","13":"first","14":"instock","15":"shipping-taxable","16":"product-type-simple","17":"entry","18":"content-bg","19":"loop-entry"},"_links":{"self":[{"href":"https:\/\/cmykprinted.com\/sk_sk\/wp-json\/wp\/v2\/product\/2723","targetHints":{"allow":["GET"]}}],"collection":[{"href":"https:\/\/cmykprinted.com\/sk_sk\/wp-json\/wp\/v2\/product"}],"about":[{"href":"https:\/\/cmykprinted.com\/sk_sk\/wp-json\/wp\/v2\/types\/product"}],"version-history":[{"count":5,"href":"https:\/\/cmykprinted.com\/sk_sk\/wp-json\/wp\/v2\/product\/2723\/revisions"}],"predecessor-version":[{"id":2743,"href":"https:\/\/cmykprinted.com\/sk_sk\/wp-json\/wp\/v2\/product\/2723\/revisions\/2743"}],"wp:featuredmedia":[{"embeddable":true,"href":"https:\/\/cmykprinted.com\/sk_sk\/wp-json\/wp\/v2\/media\/2724"}],"wp:attachment":[{"href":"https:\/\/cmykprinted.com\/sk_sk\/wp-json\/wp\/v2\/media?parent=2723"}],"wp:term":[{"taxonomy":"product_cat","embeddable":true,"href":"https:\/\/cmykprinted.com\/sk_sk\/wp-json\/wp\/v2\/product_cat?post=2723"},{"taxonomy":"product_tag","embeddable":true,"href":"https:\/\/cmykprinted.com\/sk_sk\/wp-json\/wp\/v2\/product_tag?post=2723"}],"curies":[{"name":"wp","href":"https:\/\/api.w.org\/{rel}","templated":true}]}}