{"id":2738,"date":"2025-06-27T06:28:32","date_gmt":"2025-06-27T06:28:32","guid":{"rendered":"https:\/\/cmykprinted.com\/?post_type=product&#038;p=2738"},"modified":"2025-06-27T06:28:33","modified_gmt":"2025-06-27T06:28:33","slug":"business-flags","status":"publish","type":"product","link":"https:\/\/cmykprinted.com\/sk_sk\/produkt\/obchodne-vlajky\/","title":{"rendered":"Vlastn\u00e9 obchodn\u00e9 vlajky v tvare slzy s 24-hodinov\u00fdm dodan\u00edm"},"content":{"rendered":"","protected":false},"excerpt":{"rendered":"<p><strong>Okam\u017eite vyniknite s firemn\u00fdmi vlajkami v tvare slzy na mieru \u2013 doru\u010den\u00e9 u\u017e za 24 hod\u00edn!<\/strong><\/p>\n<p>Chcete, aby va\u0161a firma r\u00fdchlo up\u00fatala pozornos\u0165? Na\u0161e firemn\u00e9 vlajky v tvare slzy na mieru s\u00fa perfektn\u00fdm a p\u00f4sobiv\u00fdm rie\u0161en\u00edm na prezent\u00e1ciu va\u0161ej zna\u010dky, propaga\u010dn\u00fdch akci\u00ed alebo podujat\u00ed. Tieto vlajky s\u00fa navrhnut\u00e9 pre maxim\u00e1lnu vidite\u013enos\u0165 a maj\u00fa elegantn\u00fd, modern\u00fd tvar, ktor\u00fd kr\u00e1sne vlaje a pri\u0165ahuje poh\u013eady zo v\u0161etk\u00fdch smerov.<\/p>\n<p>Pon\u00fakame plnofarebn\u00fa tla\u010d s vysok\u00fdm rozl\u00ed\u0161en\u00edm na pr\u00e9miov\u00fa polyesterov\u00fa tkaninu, v\u010faka ktorej bud\u00fa va\u0161e log\u00e1, slogany a grafika vyzera\u0165 \u017eiarivo a profesion\u00e1lne. V\u010faka r\u00f4znym dostupn\u00fdm ve\u013ekostiam si m\u00f4\u017eete vybra\u0165 perfektn\u00fa v\u00fd\u0161ku a \u0161\u00edrku, ktor\u00e1 sa hod\u00ed do va\u0161ej predajne, st\u00e1nku na ve\u013etrhu, vonkaj\u0161ej akcie alebo vystaven\u00e9ho materi\u00e1lu pri ceste.<\/p>\n<p>A \u010do je najlep\u0161ie, poskytujeme bezkonkuren\u010dn\u00fd 24-hodinov\u00fd servis, tak\u017ee m\u00f4\u017eete dodr\u017ea\u0165 pr\u00edsne term\u00edny bez toho, aby ste obetovali kvalitu. Od schv\u00e1lenia n\u00e1vrhu a\u017e po v\u00fdrobu, n\u00e1\u0161 zjednodu\u0161en\u00fd proces zabezpe\u010duje r\u00fdchle dodanie va\u0161ich vlajok, \u010do v\u00e1m pom\u00e1ha vyu\u017ei\u0165 pr\u00edle\u017eitosti bez ome\u0161kania.<\/p>\n<p>V\u010faka dostupn\u00fdm cen\u00e1m, odoln\u00fdm materi\u00e1lom a jednoduchej mont\u00e1\u017ei s\u00fa na\u0161e firemn\u00e9 vlajky v tvare slzy na mieru dokonal\u00fdm marketingov\u00fdm n\u00e1strojom pre ka\u017ed\u00fa firmu, ktor\u00e1 je pripraven\u00e1 r\u00fdchlo zanecha\u0165 v\u00fdrazn\u00fd dojem!<\/p>\n<div style=\"width: 1290px;\" class=\"wp-video\"><!--[if lt IE 9]><script>document.createElement('video');<\/script><![endif]--><br \/>\n<video class=\"wp-video-shortcode\" id=\"video-2738-1\" width=\"1290\" height=\"726\" poster=\"https:\/\/cmykprinted.com\/wp-content\/uploads\/2023\/10\/Wholesale-Teardrop-Flags-1026002.jpg\" preload=\"metadata\" controls=\"controls\"><source type=\"video\/mp4\" src=\"https:\/\/cmykprinted.com\/wp-content\/uploads\/2023\/10\/Wholesale-Teardrop-Flags.mp4?_=1\" \/><a href=\"https:\/\/cmykprinted.com\/wp-content\/uploads\/2023\/10\/Wholesale-Teardrop-Flags.mp4\">https:\/\/cmykprinted.com\/wp-content\/uploads\/2023\/10\/Wholesale-Teardrop-Flags.mp4<\/a><\/video><\/div>","protected":false},"featured_media":2741,"template":"","meta":{"_kad_post_transparent":"default","_kad_post_title":"hide","_kad_post_layout":"fullwidth","_kad_post_sidebar_id":"","_kad_post_content_style":"unboxed","_kad_post_vertical_padding":"hide","_kad_post_feature":"hide","_kad_post_feature_position":"","_kad_post_header":false,"_kad_post_footer":false},"product_cat":[64,67],"product_tag":[627,629,628],"class_list":{"0":"post-2738","1":"product","2":"type-product","3":"status-publish","4":"has-post-thumbnail","6":"product_cat-beach-flags","7":"product_cat-teardrop-flags-banners","8":"product_tag-business-flags","9":"product_tag-custom-business-flags","10":"product_tag-teardrop-business-flags","12":"first","13":"instock","14":"shipping-taxable","15":"product-type-simple","16":"entry","17":"content-bg","18":"loop-entry"},"_links":{"self":[{"href":"https:\/\/cmykprinted.com\/sk_sk\/wp-json\/wp\/v2\/product\/2738","targetHints":{"allow":["GET"]}}],"collection":[{"href":"https:\/\/cmykprinted.com\/sk_sk\/wp-json\/wp\/v2\/product"}],"about":[{"href":"https:\/\/cmykprinted.com\/sk_sk\/wp-json\/wp\/v2\/types\/product"}],"version-history":[{"count":1,"href":"https:\/\/cmykprinted.com\/sk_sk\/wp-json\/wp\/v2\/product\/2738\/revisions"}],"predecessor-version":[{"id":2742,"href":"https:\/\/cmykprinted.com\/sk_sk\/wp-json\/wp\/v2\/product\/2738\/revisions\/2742"}],"wp:featuredmedia":[{"embeddable":true,"href":"https:\/\/cmykprinted.com\/sk_sk\/wp-json\/wp\/v2\/media\/2741"}],"wp:attachment":[{"href":"https:\/\/cmykprinted.com\/sk_sk\/wp-json\/wp\/v2\/media?parent=2738"}],"wp:term":[{"taxonomy":"product_cat","embeddable":true,"href":"https:\/\/cmykprinted.com\/sk_sk\/wp-json\/wp\/v2\/product_cat?post=2738"},{"taxonomy":"product_tag","embeddable":true,"href":"https:\/\/cmykprinted.com\/sk_sk\/wp-json\/wp\/v2\/product_tag?post=2738"}],"curies":[{"name":"wp","href":"https:\/\/api.w.org\/{rel}","templated":true}]}}