{"id":2758,"date":"2025-07-02T03:30:52","date_gmt":"2025-07-02T03:30:52","guid":{"rendered":"https:\/\/cmykprinted.com\/?post_type=product&#038;p=2758"},"modified":"2025-07-02T03:30:52","modified_gmt":"2025-07-02T03:30:52","slug":"waterproof-transfer-stickers","status":"publish","type":"product","link":"https:\/\/cmykprinted.com\/sk_sk\/produkt\/vodotesne-transferove-nalepky\/","title":{"rendered":"Samolepiace vodotesn\u00e9 prenosov\u00e9 n\u00e1lepky s logom na kozmetick\u00e9 parfumov\u00e9 sklenen\u00e9 f\u013ea\u0161e"},"content":{"rendered":"","protected":false},"excerpt":{"rendered":"<p>Pozdvihnite kvalitu svojich kozmetick\u00fdch a parfumov\u00fdch obalov pomocou samolepiacich vodeodoln\u00fdch transferov\u00fdch n\u00e1lepiek s logom na mieru, ktor\u00e9 s\u00fa navrhnut\u00e9 tak, aby bezchybne pri\u013enuli na sklenen\u00e9 f\u013ea\u0161e a elegantn\u00e9 povrchy. Tieto n\u00e1lepky s\u00fa vyroben\u00e9 z vysoko kvalitn\u00fdch materi\u00e1lov a maj\u00fa siln\u00fd lepiaci podklad, ktor\u00fd zais\u0165uje bezpe\u010dn\u00e9 uchytenie aj vo vlhkom prostred\u00ed. Vodotesn\u00e9 a olejoodoln\u00e9 vlastnosti zachov\u00e1vaj\u00fa lesk v\u00e1\u0161ho loga bez toho, aby sa \u010dasom odlupovalo alebo vybledlo. S\u00fa ide\u00e1lne na branding kozmetiky, parfumov, esenci\u00e1lnych olejov alebo luxusn\u00fdch sklenen\u00fdch n\u00e1dob a poskytuj\u00fa profesion\u00e1lny a elegantn\u00fd vzh\u013ead. Na\u0161a pokro\u010dil\u00e1 technol\u00f3gia tla\u010de zaru\u010duje \u017eiariv\u00e9 farby, ostr\u00e9 detaily a hladk\u00fd povrch, ktor\u00fd bezprobl\u00e9movo spl\u00fdva s povrchom f\u013ea\u0161e, \u010d\u00edm vytv\u00e1ra luxusn\u00fd vzh\u013ead bez etikety. Tieto transferov\u00e9 n\u00e1lepky sa \u013eahko aplikuj\u00fa a s\u00fa vysoko odoln\u00e9, poskytuj\u00fa trval\u00fd dojem zna\u010dky, zvy\u0161uj\u00fa vizu\u00e1lnu pr\u00ed\u0165a\u017elivos\u0165 va\u0161ich produktov a nech\u00e1vaj\u00fa ich vynikn\u00fa\u0165 na pultoch. Prisp\u00f4sobte si tvary, ve\u013ekosti a povrchov\u00e9 \u00fapravy tak, aby odr\u00e1\u017eali jedine\u010dn\u00fa identitu va\u0161ej zna\u010dky.<\/p>\n<div style=\"width: 1280px;\" class=\"wp-video\"><!--[if lt IE 9]><script>document.createElement('video');<\/script><![endif]--><br \/>\n<video class=\"wp-video-shortcode\" id=\"video-2758-1\" width=\"1280\" height=\"720\" preload=\"metadata\" controls=\"controls\"><source type=\"video\/mp4\" src=\"https:\/\/cmykprinted.com\/wp-content\/uploads\/2025\/07\/Waterproof-Transfer-Stickers.mp4?_=1\" \/><a href=\"https:\/\/cmykprinted.com\/wp-content\/uploads\/2025\/07\/Waterproof-Transfer-Stickers.mp4\">https:\/\/cmykprinted.com\/wp-content\/uploads\/2025\/07\/Waterproof-Transfer-Stickers.mp4<\/a><\/video><\/div>","protected":false},"featured_media":2762,"template":"","meta":{"_kad_post_transparent":"default","_kad_post_title":"hide","_kad_post_layout":"fullwidth","_kad_post_sidebar_id":"","_kad_post_content_style":"unboxed","_kad_post_vertical_padding":"hide","_kad_post_feature":"hide","_kad_post_feature_position":"","_kad_post_header":false,"_kad_post_footer":false},"product_cat":[101,102],"product_tag":[636,635,634,633],"class_list":{"0":"post-2758","1":"product","2":"type-product","3":"status-publish","4":"has-post-thumbnail","6":"product_cat-transfer-stickers","7":"product_cat-metal-transfer-stickers","8":"product_tag-transfer-stickers-for-cosmetics-bottle","9":"product_tag-transfer-stickers-for-glass-bottle","10":"product_tag-transfer-stickers-for-perfume-bottle","11":"product_tag-waterproof-transfer-stickers","13":"first","14":"instock","15":"shipping-taxable","16":"product-type-simple","17":"entry","18":"content-bg","19":"loop-entry"},"_links":{"self":[{"href":"https:\/\/cmykprinted.com\/sk_sk\/wp-json\/wp\/v2\/product\/2758","targetHints":{"allow":["GET"]}}],"collection":[{"href":"https:\/\/cmykprinted.com\/sk_sk\/wp-json\/wp\/v2\/product"}],"about":[{"href":"https:\/\/cmykprinted.com\/sk_sk\/wp-json\/wp\/v2\/types\/product"}],"version-history":[{"count":1,"href":"https:\/\/cmykprinted.com\/sk_sk\/wp-json\/wp\/v2\/product\/2758\/revisions"}],"predecessor-version":[{"id":2766,"href":"https:\/\/cmykprinted.com\/sk_sk\/wp-json\/wp\/v2\/product\/2758\/revisions\/2766"}],"wp:featuredmedia":[{"embeddable":true,"href":"https:\/\/cmykprinted.com\/sk_sk\/wp-json\/wp\/v2\/media\/2762"}],"wp:attachment":[{"href":"https:\/\/cmykprinted.com\/sk_sk\/wp-json\/wp\/v2\/media?parent=2758"}],"wp:term":[{"taxonomy":"product_cat","embeddable":true,"href":"https:\/\/cmykprinted.com\/sk_sk\/wp-json\/wp\/v2\/product_cat?post=2758"},{"taxonomy":"product_tag","embeddable":true,"href":"https:\/\/cmykprinted.com\/sk_sk\/wp-json\/wp\/v2\/product_tag?post=2758"}],"curies":[{"name":"wp","href":"https:\/\/api.w.org\/{rel}","templated":true}]}}