{"id":2767,"date":"2025-07-03T07:12:11","date_gmt":"2025-07-03T07:12:11","guid":{"rendered":"https:\/\/cmykprinted.com\/?post_type=product&#038;p=2767"},"modified":"2025-07-03T07:55:11","modified_gmt":"2025-07-03T07:55:11","slug":"banner-with-velcro","status":"publish","type":"product","link":"https:\/\/cmykprinted.com\/sk_sk\/produkt\/banner-so-suchym-zipsom\/","title":{"rendered":"Vlastn\u00fd banner na pozadie so such\u00fdm zipsom - o 30 % ni\u017e\u0161ia cena"},"content":{"rendered":"","protected":false},"excerpt":{"rendered":"<p>Vytvorte si p\u00fatav\u00fd vzh\u013ead s na\u0161\u00edm bannerom na pozadie na mieru s praktick\u00fdm upevnen\u00edm na such\u00fd zips! Tento banner na pozadie so such\u00fdm zipsom, navrhnut\u00fd pre jednoduch\u00e9 a v\u0161estrann\u00e9 pou\u017eitie, je ide\u00e1lny pre ve\u013etrhy, fotob\u00fadky, tla\u010dov\u00e9 konferencie, maloobchodn\u00e9 priestory a \u0161peci\u00e1lne udalosti. Je vyroben\u00fd z vysoko kvalitnej a odolnej l\u00e1tky alebo vinylu a pon\u00faka \u017eiariv\u00fa plnofarebn\u00fa potla\u010d, ktor\u00e1 prezentuje va\u0161u zna\u010dku, odkaz alebo umeleck\u00e9 dielo v \u00fa\u017easn\u00fdch detailoch.<\/p>\n<p>Such\u00fd zips pozd\u013a\u017e okrajov zais\u0165uje r\u00fdchlu in\u0161tal\u00e1ciu a bezprobl\u00e9mov\u00e9 zarovnanie s r\u00e1mami alebo stojanmi, \u010do v\u00e1m umo\u017e\u0148uje bez n\u00e1mahy meni\u0165 grafiku bez pou\u017eitia n\u00e1radia. N\u00e1\u0161 banner na pozadie na mieru, ktor\u00fd je k dispoz\u00edcii v r\u00f4znych ve\u013ekostiach, aby vyhovoval v\u00e1\u0161mu priestoru, je \u013eahk\u00fd, prenosn\u00fd a \u013eahko sa prepravuje. \u010ci u\u017e sa pou\u017e\u00edva v interi\u00e9ri alebo exteri\u00e9ri, zachov\u00e1va si \u017eiv\u00e9 farby a ostr\u00fd vizu\u00e1l. Urobte profesion\u00e1lny dojem a pozdvihnite svoj marketing s rie\u0161en\u00edm pozadia, ktor\u00e9 je praktick\u00e9 aj vizu\u00e1lne p\u00f4sobiv\u00e9. Preme\u0148te svoju v\u00edziu na skuto\u010dnos\u0165 s na\u0161\u00edm bannerom na pozadie na mieru so such\u00fdm zipsom e\u0161te dnes!<\/p>\n<div style=\"width: 1290px;\" class=\"wp-video\"><!--[if lt IE 9]><script>document.createElement('video');<\/script><![endif]--><br \/>\n<video class=\"wp-video-shortcode\" id=\"video-2767-1\" width=\"1290\" height=\"726\" loop autoplay preload=\"auto\" controls=\"controls\"><source type=\"video\/mp4\" src=\"http:\/\/cmykprinted.com\/wp-content\/uploads\/2022\/12\/vinyl-PVC-banners.mp4?_=1\" \/><a href=\"http:\/\/cmykprinted.com\/wp-content\/uploads\/2022\/12\/vinyl-PVC-banners.mp4\">http:\/\/cmykprinted.com\/wp-content\/uploads\/2022\/12\/vinyl-PVC-banners.mp4<\/a><\/video><\/div>\n<p>&nbsp;<\/p>","protected":false},"featured_media":2772,"template":"","meta":{"_kad_post_transparent":"default","_kad_post_title":"hide","_kad_post_layout":"fullwidth","_kad_post_sidebar_id":"","_kad_post_content_style":"unboxed","_kad_post_vertical_padding":"hide","_kad_post_feature":"hide","_kad_post_feature_position":"","_kad_post_header":false,"_kad_post_footer":false},"product_cat":[85,90,91,89],"product_tag":[637,638],"class_list":{"0":"post-2767","1":"product","2":"type-product","3":"status-publish","4":"has-post-thumbnail","6":"product_cat-outdoor-vinyl-banners","7":"product_cat-glossy-pvc-banners","8":"product_cat-matte-vinyl-banners","9":"product_cat-pvc-banners","10":"product_tag-banner-with-velcro","11":"product_tag-custom-backdrop-banner","13":"first","14":"instock","15":"shipping-taxable","16":"product-type-simple","17":"entry","18":"content-bg","19":"loop-entry"},"_links":{"self":[{"href":"https:\/\/cmykprinted.com\/sk_sk\/wp-json\/wp\/v2\/product\/2767","targetHints":{"allow":["GET"]}}],"collection":[{"href":"https:\/\/cmykprinted.com\/sk_sk\/wp-json\/wp\/v2\/product"}],"about":[{"href":"https:\/\/cmykprinted.com\/sk_sk\/wp-json\/wp\/v2\/types\/product"}],"version-history":[{"count":1,"href":"https:\/\/cmykprinted.com\/sk_sk\/wp-json\/wp\/v2\/product\/2767\/revisions"}],"predecessor-version":[{"id":2775,"href":"https:\/\/cmykprinted.com\/sk_sk\/wp-json\/wp\/v2\/product\/2767\/revisions\/2775"}],"wp:featuredmedia":[{"embeddable":true,"href":"https:\/\/cmykprinted.com\/sk_sk\/wp-json\/wp\/v2\/media\/2772"}],"wp:attachment":[{"href":"https:\/\/cmykprinted.com\/sk_sk\/wp-json\/wp\/v2\/media?parent=2767"}],"wp:term":[{"taxonomy":"product_cat","embeddable":true,"href":"https:\/\/cmykprinted.com\/sk_sk\/wp-json\/wp\/v2\/product_cat?post=2767"},{"taxonomy":"product_tag","embeddable":true,"href":"https:\/\/cmykprinted.com\/sk_sk\/wp-json\/wp\/v2\/product_tag?post=2767"}],"curies":[{"name":"wp","href":"https:\/\/api.w.org\/{rel}","templated":true}]}}