{"id":2784,"date":"2025-07-07T02:32:54","date_gmt":"2025-07-07T02:32:54","guid":{"rendered":"https:\/\/cmykprinted.com\/?post_type=product&#038;p=2784"},"modified":"2025-07-07T02:35:29","modified_gmt":"2025-07-07T02:35:29","slug":"street-light-pole-banner","status":"publish","type":"product","link":"https:\/\/cmykprinted.com\/sk_sk\/produkt\/banner-na-stlp-ulicneho-osvetlenia\/","title":{"rendered":"Lacn\u00fd banner na st\u013ap pouli\u010dn\u00e9ho osvetlenia s konzolami"},"content":{"rendered":"","protected":false},"excerpt":{"rendered":"<p>H\u013ead\u00e1te cenovo dostupn\u00fd a z\u00e1rove\u0148 p\u00f4sobiv\u00fd sp\u00f4sob, ako prezentova\u0165 svoju zna\u010dku, propagova\u0165 podujatia alebo vyzdobi\u0165 mestsk\u00e9 ulice? Na\u0161e lacn\u00e9 bannery na st\u013apy pouli\u010dn\u00e9ho osvetlenia s konzolami s\u00fa perfektn\u00fdm rie\u0161en\u00edm.<\/p>\n<p>Tieto bannery s\u00fa vyroben\u00e9 z odoln\u00fdch a poveternostn\u00fdm vplyvom odoln\u00fdch materi\u00e1lov, ako je odoln\u00fd vinyl alebo polyesterov\u00e1 tkanina, a zais\u0165uj\u00fa \u017eiariv\u00e9 a dlhotrvaj\u00face potla\u010de, ktor\u00e9 odol\u00e1vaj\u00fa slnku, da\u017e\u010fu a vetru. Ka\u017ed\u00e1 sada sa dod\u00e1va s pevn\u00fdmi konzolami pre bezpe\u010dn\u00fa a jednoduch\u00fa in\u0161tal\u00e1ciu na st\u013apy r\u00f4znych ve\u013ekost\u00ed, v\u010faka \u010domu s\u00fa ide\u00e1lne pre ulice, parkovisk\u00e1, kampusy, n\u00e1kupn\u00e9 \u0161tvrte a \u010fal\u0161ie.<\/p>\n<p>K\u013e\u00fa\u010dov\u00e9 vlastnosti:<br \/>\n1. N\u00e1kladovo efekt\u00edvny marketing \u2013 Vysok\u00e1 vidite\u013enos\u0165 za prijate\u013en\u00fa cenu.<\/p>\n<p>2. Vlastn\u00e1 tla\u010d \u2013 Plnofarebn\u00e1 grafika na zv\u00fdraznenie v\u00e1\u0161ho jedine\u010dn\u00e9ho posolstva alebo zna\u010dky.<\/p>\n<p>3. Odoln\u00e9 materi\u00e1ly \u2013 Navrhnut\u00e9 tak, aby odol\u00e1vali vonkaj\u0161\u00edm podmienkam pri dlhodobom pou\u017e\u00edvan\u00ed.<\/p>\n<p>4. Jednoduch\u00e1 in\u0161tal\u00e1cia \u2013 S\u00fa\u010das\u0165ou balenia s\u00fa spo\u013eahliv\u00e9 konzoly pre r\u00fdchlu mont\u00e1\u017e.<\/p>\n<p>5. V\u0161estrann\u00e9 vyu\u017eitie \u2013 Ide\u00e1lne pre sez\u00f3nne propaga\u010dn\u00e9 akcie, festivaly, ob\u010diansku hrdos\u0165 a obchodn\u00fa reklamu.<\/p>\n<p>Nenechajte sa obmedzi\u0165 rozpo\u010dtov\u00fdmi obmedzeniami. S na\u0161imi lacn\u00fdmi bannermi na st\u013apy pouli\u010dn\u00e9ho osvetlenia s konzolami m\u00f4\u017eete up\u00fata\u0165 pozornos\u0165 a zv\u00fdrazni\u0165 svoje posolstvo bez nadmern\u00fdch v\u00fddavkov. Kontaktujte n\u00e1s e\u0161te dnes a z\u00edskajte z\u00e1kazkov\u00e9 ve\u013ekosti, dizajn a bezplatn\u00fa cenov\u00fa ponuku!<\/p>\n<figure id=\"attachment_2785\" aria-describedby=\"caption-attachment-2785\" style=\"width: 1000px\" class=\"wp-caption alignnone\"><img fetchpriority=\"high\" decoding=\"async\" class=\"size-full wp-image-2785\" src=\"https:\/\/cmykprinted.com\/wp-content\/uploads\/2025\/07\/Street-Light-Pole-Banner.jpg\" alt=\"Banner na st\u013ap pouli\u010dn\u00e9ho osvetlenia\" width=\"1000\" height=\"560\" srcset=\"https:\/\/cmykprinted.com\/wp-content\/uploads\/2025\/07\/Street-Light-Pole-Banner.jpg 1000w, https:\/\/cmykprinted.com\/wp-content\/uploads\/2025\/07\/Street-Light-Pole-Banner-300x168.jpg 300w, https:\/\/cmykprinted.com\/wp-content\/uploads\/2025\/07\/Street-Light-Pole-Banner-768x430.jpg 768w, https:\/\/cmykprinted.com\/wp-content\/uploads\/2025\/07\/Street-Light-Pole-Banner-18x10.jpg 18w, https:\/\/cmykprinted.com\/wp-content\/uploads\/2025\/07\/Street-Light-Pole-Banner-600x336.jpg 600w\" sizes=\"(max-width: 1000px) 100vw, 1000px\" \/><figcaption id=\"caption-attachment-2785\" class=\"wp-caption-text\">Banner na st\u013ap pouli\u010dn\u00e9ho osvetlenia<\/figcaption><\/figure>\n<p>&nbsp;<\/p>","protected":false},"featured_media":2786,"template":"","meta":{"_kad_post_transparent":"default","_kad_post_title":"hide","_kad_post_layout":"fullwidth","_kad_post_sidebar_id":"","_kad_post_content_style":"unboxed","_kad_post_vertical_padding":"hide","_kad_post_feature":"hide","_kad_post_feature_position":"","_kad_post_header":false,"_kad_post_footer":false},"product_cat":[85,90,91,89],"product_tag":[642,641],"class_list":{"0":"post-2784","1":"product","2":"type-product","3":"status-publish","4":"has-post-thumbnail","6":"product_cat-outdoor-vinyl-banners","7":"product_cat-glossy-pvc-banners","8":"product_cat-matte-vinyl-banners","9":"product_cat-pvc-banners","10":"product_tag-light-pole-banner-with-brackets","11":"product_tag-street-light-pole-banner","13":"first","14":"instock","15":"shipping-taxable","16":"product-type-simple","17":"entry","18":"content-bg","19":"loop-entry"},"_links":{"self":[{"href":"https:\/\/cmykprinted.com\/sk_sk\/wp-json\/wp\/v2\/product\/2784","targetHints":{"allow":["GET"]}}],"collection":[{"href":"https:\/\/cmykprinted.com\/sk_sk\/wp-json\/wp\/v2\/product"}],"about":[{"href":"https:\/\/cmykprinted.com\/sk_sk\/wp-json\/wp\/v2\/types\/product"}],"version-history":[{"count":1,"href":"https:\/\/cmykprinted.com\/sk_sk\/wp-json\/wp\/v2\/product\/2784\/revisions"}],"predecessor-version":[{"id":2789,"href":"https:\/\/cmykprinted.com\/sk_sk\/wp-json\/wp\/v2\/product\/2784\/revisions\/2789"}],"wp:featuredmedia":[{"embeddable":true,"href":"https:\/\/cmykprinted.com\/sk_sk\/wp-json\/wp\/v2\/media\/2786"}],"wp:attachment":[{"href":"https:\/\/cmykprinted.com\/sk_sk\/wp-json\/wp\/v2\/media?parent=2784"}],"wp:term":[{"taxonomy":"product_cat","embeddable":true,"href":"https:\/\/cmykprinted.com\/sk_sk\/wp-json\/wp\/v2\/product_cat?post=2784"},{"taxonomy":"product_tag","embeddable":true,"href":"https:\/\/cmykprinted.com\/sk_sk\/wp-json\/wp\/v2\/product_tag?post=2784"}],"curies":[{"name":"wp","href":"https:\/\/api.w.org\/{rel}","templated":true}]}}