{"id":2790,"date":"2025-07-07T09:16:58","date_gmt":"2025-07-07T09:16:58","guid":{"rendered":"https:\/\/cmykprinted.com\/?post_type=product&#038;p=2790"},"modified":"2025-07-08T00:21:16","modified_gmt":"2025-07-08T00:21:16","slug":"double-sided-vinyl-banners","status":"publish","type":"product","link":"https:\/\/cmykprinted.com\/sk_sk\/produkt\/obojstranne-vinylove-bannery\/","title":{"rendered":"18 oz obojstrann\u00e9 vinylov\u00e9 bannery s cenou 11 dol\u00e1rov"},"content":{"rendered":"","protected":false},"excerpt":{"rendered":"<p>V dynamickom svete marketingu a propag\u00e1cie je prvorad\u00e9 urobi\u0165 odv\u00e1\u017ene vyhl\u00e1senie a up\u00fata\u0165 pozornos\u0165. Predstavujeme v\u00e1m na\u0161e obojstrann\u00e9 vinylov\u00e9 bannery s hmotnos\u0165ou 473 g \u2013 dokonal\u00e9 rie\u0161enie pre firmy, podujatia a jednotlivcov, ktor\u00ed chc\u00fa zanecha\u0165 nezmazate\u013en\u00fa stopu.<\/p>\n<p>Tieto bannery, vyroben\u00e9 s presnos\u0165ou a navrhnut\u00e9 pre dokonalos\u0165, nie s\u00fa len kusmi vinylu; s\u00fa to mocn\u00e9 n\u00e1stroje ur\u010den\u00e9 na pozdvihnutie v\u00e1\u0161ho posolstva do nov\u00fdch v\u00fd\u0161in.<\/p>\n<p>Jadrom na\u0161ich obojstrann\u00fdch vinylov\u00fdch bannerov s hmotnos\u0165ou 453 g je v\u00fdnimo\u010dn\u00e1 \u00farove\u0148 odolnosti. Tieto bannery s\u00fa vyroben\u00e9 z vysoko kvalitn\u00e9ho, \u200b\u200bodoln\u00e9ho vinylov\u00e9ho materi\u00e1lu a s\u00fa navrhnut\u00e9 tak, aby odolali aj t\u00fdm najdrsnej\u0161\u00edm poveternostn\u00fdm vplyvom. \u010ci u\u017e ide o p\u00e1liace slnko, pr\u00edvalov\u00fd d\u00e1\u017e\u010f, siln\u00fd vietor alebo mraziv\u00e9 teploty, na\u0161e bannery zostan\u00fa neporu\u0161en\u00e9 a \u017eiariv\u00e9. Hmotnos\u0165 453 g poskytuje pevn\u00fa a robustn\u00fa \u0161trukt\u00faru, ktor\u00e1 zais\u0165uje, \u017ee sa v\u00e1\u0161 banner neroztrhne, nestrapk\u00e1 ani \u013eahko nevybledne.<\/p>\n<p>V\u010faka tejto odolnosti s\u00fa ide\u00e1lne na kr\u00e1tkodob\u00e9 aj dlhodob\u00e9 vonkaj\u0161ie pou\u017eitie. Napr\u00edklad, ak propagujete sez\u00f3nny v\u00fdpredaj pred va\u0161ou predaj\u0148ou, banner si zachov\u00e1 svoju celistvos\u0165 po\u010das celej kampane. Alebo, ak ho pou\u017e\u00edvate na ozna\u010denie miesta konania rozsiahlej akcie po\u010das nieko\u013ek\u00fdch dn\u00ed, m\u00f4\u017eete sa spo\u013eahn\u00fa\u0165, \u017ee bude na\u010falej vyzera\u0165 skvele a jasne vyjadr\u00ed va\u0161e posolstvo.<\/p>\n<p>Obojstrann\u00e1 povaha t\u00fdchto bannerov zdvojn\u00e1sobuje ich \u00fa\u010dinok. Bez oh\u013eadu na to, z ktor\u00e9ho smeru sa va\u0161e publikum bl\u00ed\u017ei, priv\u00edta ho jasn\u00e9 a p\u00fatav\u00e9 posolstvo. To je obzvl\u00e1\u0161\u0165 v\u00fdhodn\u00e9 pre oblasti s vysokou prem\u00e1vkou, ako s\u00fa ru\u0161n\u00e9 ulice, kri\u017eovatky alebo ve\u013ek\u00e9 otvoren\u00e9 priestranstv\u00e1 na festivaloch a jarmokoch.<\/p>\n<p>Maximalizuje vidite\u013enos\u0165 va\u0161ej zna\u010dky, produktu alebo udalosti a zabezpe\u010duje, \u017ee va\u0161e marketingov\u00e9 invest\u00edcie sa vyplatia dlh\u0161ie.<\/p>\n<figure id=\"attachment_2785\" aria-describedby=\"caption-attachment-2785\" style=\"width: 1000px\" class=\"wp-caption alignnone\"><img fetchpriority=\"high\" decoding=\"async\" class=\"size-full wp-image-2785\" src=\"https:\/\/cmykprinted.com\/wp-content\/uploads\/2025\/07\/Street-Light-Pole-Banner.jpg\" alt=\" Obojstrann\u00e9 vinylov\u00e9 bannery\" width=\"1000\" height=\"560\" srcset=\"https:\/\/cmykprinted.com\/wp-content\/uploads\/2025\/07\/Street-Light-Pole-Banner.jpg 1000w, https:\/\/cmykprinted.com\/wp-content\/uploads\/2025\/07\/Street-Light-Pole-Banner-300x168.jpg 300w, https:\/\/cmykprinted.com\/wp-content\/uploads\/2025\/07\/Street-Light-Pole-Banner-768x430.jpg 768w, https:\/\/cmykprinted.com\/wp-content\/uploads\/2025\/07\/Street-Light-Pole-Banner-18x10.jpg 18w, https:\/\/cmykprinted.com\/wp-content\/uploads\/2025\/07\/Street-Light-Pole-Banner-600x336.jpg 600w\" sizes=\"(max-width: 1000px) 100vw, 1000px\" \/><figcaption id=\"caption-attachment-2785\" class=\"wp-caption-text\">Obojstrann\u00e9 vinylov\u00e9 bannery<\/figcaption><\/figure>","protected":false},"featured_media":2792,"template":"","meta":{"_kad_post_transparent":"default","_kad_post_title":"hide","_kad_post_layout":"fullwidth","_kad_post_sidebar_id":"","_kad_post_content_style":"unboxed","_kad_post_vertical_padding":"hide","_kad_post_feature":"hide","_kad_post_feature_position":"","_kad_post_header":false,"_kad_post_footer":false},"product_cat":[85,90,91,89],"product_tag":[644,645,643],"class_list":{"0":"post-2790","1":"product","2":"type-product","3":"status-publish","4":"has-post-thumbnail","6":"product_cat-outdoor-vinyl-banners","7":"product_cat-glossy-pvc-banners","8":"product_cat-matte-vinyl-banners","9":"product_cat-pvc-banners","10":"product_tag-18-oz-vinyl-banners","11":"product_tag-double-sided-banners","12":"product_tag-double-sided-vinyl-banners","14":"first","15":"instock","16":"shipping-taxable","17":"product-type-simple","18":"entry","19":"content-bg","20":"loop-entry"},"_links":{"self":[{"href":"https:\/\/cmykprinted.com\/sk_sk\/wp-json\/wp\/v2\/product\/2790","targetHints":{"allow":["GET"]}}],"collection":[{"href":"https:\/\/cmykprinted.com\/sk_sk\/wp-json\/wp\/v2\/product"}],"about":[{"href":"https:\/\/cmykprinted.com\/sk_sk\/wp-json\/wp\/v2\/types\/product"}],"version-history":[{"count":1,"href":"https:\/\/cmykprinted.com\/sk_sk\/wp-json\/wp\/v2\/product\/2790\/revisions"}],"predecessor-version":[{"id":2796,"href":"https:\/\/cmykprinted.com\/sk_sk\/wp-json\/wp\/v2\/product\/2790\/revisions\/2796"}],"wp:featuredmedia":[{"embeddable":true,"href":"https:\/\/cmykprinted.com\/sk_sk\/wp-json\/wp\/v2\/media\/2792"}],"wp:attachment":[{"href":"https:\/\/cmykprinted.com\/sk_sk\/wp-json\/wp\/v2\/media?parent=2790"}],"wp:term":[{"taxonomy":"product_cat","embeddable":true,"href":"https:\/\/cmykprinted.com\/sk_sk\/wp-json\/wp\/v2\/product_cat?post=2790"},{"taxonomy":"product_tag","embeddable":true,"href":"https:\/\/cmykprinted.com\/sk_sk\/wp-json\/wp\/v2\/product_tag?post=2790"}],"curies":[{"name":"wp","href":"https:\/\/api.w.org\/{rel}","templated":true}]}}