{"id":2799,"date":"2025-07-08T08:16:30","date_gmt":"2025-07-08T08:16:30","guid":{"rendered":"https:\/\/cmykprinted.com\/?post_type=product&#038;p=2799"},"modified":"2025-07-08T08:16:30","modified_gmt":"2025-07-08T08:16:30","slug":"custom-fabric-banners","status":"publish","type":"product","link":"https:\/\/cmykprinted.com\/sk_sk\/produkt\/zakazkove-latkove-bannery\/","title":{"rendered":"Z\u00e1kazkov\u00e9 l\u00e1tkov\u00e9 bannery na ve\u013etrhy\/\u0161port\/podujatia so z\u013eavou 20%"},"content":{"rendered":"","protected":false},"excerpt":{"rendered":"<p>S na\u0161imi pr\u00e9miov\u00fdmi l\u00e1tkov\u00fdmi bannermi na mieru zanechajte siln\u00fd dojem na ve\u013etrhoch, \u0161portov\u00fdch podujatiach alebo akejko\u013evek \u0161peci\u00e1lnej pr\u00edle\u017eitosti. Tieto bannery s\u00fa vyroben\u00e9 z vysoko kvalitn\u00fdch a odoln\u00fdch materi\u00e1lov a poskytuj\u00fa \u017eiv\u00fa a ostr\u00fa grafiku, ktor\u00e1 up\u00fata ka\u017ed\u00e9 oko a zv\u00fd\u0161i vidite\u013enos\u0165 va\u0161ej zna\u010dky. S\u00fa \u013eahk\u00e9, no z\u00e1rove\u0148 pevn\u00e9, \u013eahko sa prepravuj\u00fa, in\u0161taluj\u00fa a op\u00e4tovne pou\u017e\u00edvaj\u00fa, \u010d\u00edm v\u00e1m u\u0161etria \u010das a peniaze.<\/p>\n<p>\u010ci u\u017e prezentujete svoju firmu na v\u00fdstave, povzbudzujete svoj t\u00edm alebo vytv\u00e1rate \u00fa\u017easn\u00e9 pozadie pre podujatie, na\u0161e l\u00e1tkov\u00e9 bannery pon\u00fakaj\u00fa v\u0161estrann\u00e9 rie\u0161enia prisp\u00f4soben\u00e9 va\u0161im jedine\u010dn\u00fdm potreb\u00e1m. Vychutnajte si \u017eiv\u00e9 farby v\u010faka pokro\u010dilej sublima\u010dnej tla\u010di, ktor\u00e1 zabezpe\u010d\u00ed, \u017ee v\u00e1\u0161 odkaz zostane v\u00fdrazn\u00fd a profesion\u00e1lny.<\/p>\n<p>Nenechajte si ujs\u0165 na\u0161u \u010dasovo obmedzen\u00fa ponuku: Z\u00edskajte e\u0161te dnes 20% z\u013eavu na va\u0161e l\u00e1tkov\u00e9 bannery na mieru a nechajte svoju zna\u010dku \u017eiari\u0165 jasnej\u0161ie ako kedyko\u013evek predt\u00fdm. Kontaktujte n\u00e1s e\u0161te dnes a posu\u0148te svoju prezenta\u010dn\u00fa strat\u00e9giu na vy\u0161\u0161iu \u00farove\u0148 a odl\u00ed\u0161te sa od konkurencie!<\/p>\n<div style=\"width: 854px;\" class=\"wp-video\"><!--[if lt IE 9]><script>document.createElement('video');<\/script><![endif]--><br \/>\n<video class=\"wp-video-shortcode\" id=\"video-2799-1\" width=\"854\" height=\"480\" preload=\"metadata\" controls=\"controls\"><source type=\"video\/mp4\" src=\"https:\/\/cmykprinted.com\/wp-content\/uploads\/2025\/06\/Large-Flag-Banner-for-Football-Events.mp4?_=1\" \/><a href=\"https:\/\/cmykprinted.com\/wp-content\/uploads\/2025\/06\/Large-Flag-Banner-for-Football-Events.mp4\">https:\/\/cmykprinted.com\/wp-content\/uploads\/2025\/06\/Large-Flag-Banner-for-Football-Events.mp4<\/a><\/video><\/div>","protected":false},"featured_media":2807,"template":"","meta":{"_kad_post_transparent":"default","_kad_post_title":"hide","_kad_post_layout":"fullwidth","_kad_post_sidebar_id":"","_kad_post_content_style":"unboxed","_kad_post_vertical_padding":"hide","_kad_post_feature":"hide","_kad_post_feature_position":"","_kad_post_header":false,"_kad_post_footer":false},"product_cat":[79],"product_tag":[646,408,648,647],"class_list":{"0":"post-2799","1":"product","2":"type-product","3":"status-publish","4":"has-post-thumbnail","6":"product_cat-custom-flags","7":"product_tag-custom-fabric-banners","8":"product_tag-fabric-banners","9":"product_tag-fabric-banners-for-events","10":"product_tag-fabric-banners-for-trade-show","12":"first","13":"instock","14":"shipping-taxable","15":"product-type-simple","16":"entry","17":"content-bg","18":"loop-entry"},"_links":{"self":[{"href":"https:\/\/cmykprinted.com\/sk_sk\/wp-json\/wp\/v2\/product\/2799","targetHints":{"allow":["GET"]}}],"collection":[{"href":"https:\/\/cmykprinted.com\/sk_sk\/wp-json\/wp\/v2\/product"}],"about":[{"href":"https:\/\/cmykprinted.com\/sk_sk\/wp-json\/wp\/v2\/types\/product"}],"version-history":[{"count":1,"href":"https:\/\/cmykprinted.com\/sk_sk\/wp-json\/wp\/v2\/product\/2799\/revisions"}],"predecessor-version":[{"id":2808,"href":"https:\/\/cmykprinted.com\/sk_sk\/wp-json\/wp\/v2\/product\/2799\/revisions\/2808"}],"wp:featuredmedia":[{"embeddable":true,"href":"https:\/\/cmykprinted.com\/sk_sk\/wp-json\/wp\/v2\/media\/2807"}],"wp:attachment":[{"href":"https:\/\/cmykprinted.com\/sk_sk\/wp-json\/wp\/v2\/media?parent=2799"}],"wp:term":[{"taxonomy":"product_cat","embeddable":true,"href":"https:\/\/cmykprinted.com\/sk_sk\/wp-json\/wp\/v2\/product_cat?post=2799"},{"taxonomy":"product_tag","embeddable":true,"href":"https:\/\/cmykprinted.com\/sk_sk\/wp-json\/wp\/v2\/product_tag?post=2799"}],"curies":[{"name":"wp","href":"https:\/\/api.w.org\/{rel}","templated":true}]}}