{"id":2810,"date":"2025-07-10T09:30:52","date_gmt":"2025-07-10T09:30:52","guid":{"rendered":"https:\/\/cmykprinted.com\/?post_type=product&#038;p=2810"},"modified":"2025-07-10T09:30:52","modified_gmt":"2025-07-10T09:30:52","slug":"breakaway-banner-for-football","status":"publish","type":"product","link":"https:\/\/cmykprinted.com\/sk_sk\/produkt\/prierazovy-banner-pre-futbal\/","title":{"rendered":"Odtrh\u00e1vac\u00ed banner pre futbal s konkurencieschopnou cenou"},"content":{"rendered":"","protected":false},"excerpt":{"rendered":"<p>H\u013ead\u00e1te sp\u00f4sob, ako do svojich futbalov\u00fdch z\u00e1pasov vnies\u0165 bezkonkuren\u010dn\u00e9 vzru\u0161enie a t\u00edmov\u00e9ho ducha bez toho, aby ste prekro\u010dili svoj rozpo\u010det? N\u00e1\u0161 odtrh\u00e1vac\u00ed banner pre futbal pon\u00faka perfektn\u00e9 rie\u0161enie za konkurencieschopn\u00fa cenu. Tieto bannery, navrhnut\u00e9 pre dramatick\u00e9 vstupy hr\u00e1\u010dov, vytv\u00e1raj\u00fa vzru\u0161uj\u00face predstavenie, ktor\u00e9 nabije energiou \u0161portovcov aj fan\u00fa\u0161ikov.<\/p>\n<p>Vytvorte \u00fa\u017easn\u00e9 momenty v de\u0148 hry<\/p>\n<p>Na\u0161e futbalov\u00e9 bannery na rozl\u00fa\u010dky s\u00fa vyroben\u00e9 z vysoko kvalitnej a odolnej l\u00e1tky, ktor\u00e1 vydr\u017e\u00ed opakovan\u00e9 pou\u017eitie, z\u00e1pas za z\u00e1pasom. Banner sa sklad\u00e1 z dvoch panelov, ktor\u00e9 sa pripev\u0148uj\u00fa such\u00fdm zipsom, \u010do umo\u017e\u0148uje hr\u00e1\u010dom prerazi\u0165 stredom ihriska a dosiahnu\u0165 exploz\u00edvny vstup na ihrisko. Je to nezabudnute\u013en\u00fd sp\u00f4sob, ako prezentova\u0165 t\u00edmov\u00fa hrdos\u0165 a nabudi\u0165 div\u00e1kov.<\/p>\n<p>Jednoduch\u00e9 nastavenie a op\u00e4tovn\u00e9 pou\u017eitie<\/p>\n<p>Ka\u017ed\u00fd odtrh\u00e1vac\u00ed banner na futbal m\u00e1 na oboch stran\u00e1ch vreck\u00e1 na uchytenie podporn\u00fdch ty\u010d\u00ed. Ty\u010de sa daj\u00fa ukotvi\u0165 do zeme pre stabilitu, zatia\u013e \u010do lan\u00e1, ktor\u00e9 dr\u017eia roztlieskava\u010dky alebo person\u00e1l, udr\u017eiavaj\u00fa vrch bezpe\u010dne. In\u0161tal\u00e1cia je r\u00fdchla a jednoduch\u00e1, tak\u017ee ste pripraven\u00ed na v\u00fdkop u\u017e o p\u00e1r min\u00fat. Po z\u00e1pase jednoducho pripevnite panely sp\u00e4\u0165 a banner zrolujte pre kompaktn\u00e9 uskladnenie.<\/p>\n<p>\u017div\u00e1 tla\u010d na mieru<\/p>\n<p>Pon\u00fakame plnofarebn\u00fa tla\u010d vo vysokom rozl\u00ed\u0161en\u00ed, tak\u017ee si m\u00f4\u017eete svoj banner prisp\u00f4sobi\u0165 logami t\u00edmov, n\u00e1zvami \u0161k\u00f4l, maskotmi, sloganmi alebo grafikou sponzorov. \u017div\u00e9 potla\u010de zost\u00e1vaj\u00fa jasn\u00e9 a p\u00fatav\u00e9 aj po opakovanom pou\u017eit\u00ed, \u010d\u00edm pom\u00e1haj\u00fa v\u00e1\u0161mu t\u00edmu vynikn\u00fa\u0165 na ihrisku.<\/p>\n<div style=\"width: 960px;\" class=\"wp-video\"><!--[if lt IE 9]><script>document.createElement('video');<\/script><![endif]--><br \/>\n<video class=\"wp-video-shortcode\" id=\"video-2810-1\" width=\"960\" height=\"540\" preload=\"metadata\" controls=\"controls\"><source type=\"video\/mp4\" src=\"https:\/\/cmykprinted.com\/wp-content\/uploads\/2025\/07\/Breakaway-Banners.mp4?_=1\" \/><a href=\"https:\/\/cmykprinted.com\/wp-content\/uploads\/2025\/07\/Breakaway-Banners.mp4\">https:\/\/cmykprinted.com\/wp-content\/uploads\/2025\/07\/Breakaway-Banners.mp4<\/a><\/video><\/div>","protected":false},"featured_media":2816,"template":"","meta":{"_kad_post_transparent":"default","_kad_post_title":"hide","_kad_post_layout":"fullwidth","_kad_post_sidebar_id":"","_kad_post_content_style":"unboxed","_kad_post_vertical_padding":"hide","_kad_post_feature":"hide","_kad_post_feature_position":"","_kad_post_header":false,"_kad_post_footer":false},"product_cat":[79],"product_tag":[650,649],"class_list":{"0":"post-2810","1":"product","2":"type-product","3":"status-publish","4":"has-post-thumbnail","6":"product_cat-custom-flags","7":"product_tag-breakaway-banner","8":"product_tag-breakaway-banner-for-football","10":"first","11":"instock","12":"shipping-taxable","13":"product-type-simple","14":"entry","15":"content-bg","16":"loop-entry"},"_links":{"self":[{"href":"https:\/\/cmykprinted.com\/sk_sk\/wp-json\/wp\/v2\/product\/2810","targetHints":{"allow":["GET"]}}],"collection":[{"href":"https:\/\/cmykprinted.com\/sk_sk\/wp-json\/wp\/v2\/product"}],"about":[{"href":"https:\/\/cmykprinted.com\/sk_sk\/wp-json\/wp\/v2\/types\/product"}],"version-history":[{"count":1,"href":"https:\/\/cmykprinted.com\/sk_sk\/wp-json\/wp\/v2\/product\/2810\/revisions"}],"predecessor-version":[{"id":2820,"href":"https:\/\/cmykprinted.com\/sk_sk\/wp-json\/wp\/v2\/product\/2810\/revisions\/2820"}],"wp:featuredmedia":[{"embeddable":true,"href":"https:\/\/cmykprinted.com\/sk_sk\/wp-json\/wp\/v2\/media\/2816"}],"wp:attachment":[{"href":"https:\/\/cmykprinted.com\/sk_sk\/wp-json\/wp\/v2\/media?parent=2810"}],"wp:term":[{"taxonomy":"product_cat","embeddable":true,"href":"https:\/\/cmykprinted.com\/sk_sk\/wp-json\/wp\/v2\/product_cat?post=2810"},{"taxonomy":"product_tag","embeddable":true,"href":"https:\/\/cmykprinted.com\/sk_sk\/wp-json\/wp\/v2\/product_tag?post=2810"}],"curies":[{"name":"wp","href":"https:\/\/api.w.org\/{rel}","templated":true}]}}