{"id":2821,"date":"2025-07-16T07:13:11","date_gmt":"2025-07-16T07:13:11","guid":{"rendered":"https:\/\/cmykprinted.com\/?post_type=product&#038;p=2821"},"modified":"2025-07-16T07:13:11","modified_gmt":"2025-07-16T07:13:11","slug":"branded-backdrops","status":"publish","type":"product","link":"https:\/\/cmykprinted.com\/sk_sk\/produkt\/znackove-pozadia\/","title":{"rendered":"Lacn\u00e9 zna\u010dkov\u00e9 kulisy na mieru pre \u0161portov\u00e9 podujatia"},"content":{"rendered":"","protected":false},"excerpt":{"rendered":"<p>Zna\u010dkov\u00e9 pozadia na \u0161portov\u00e9 podujatia s\u00fa perfektn\u00fdm rie\u0161en\u00edm na zv\u00fd\u0161enie vidite\u013enosti va\u0161ej zna\u010dky a vytvorenie profesion\u00e1lnej atmosf\u00e9ry na akomko\u013evek \u0161portovom mieste. Tieto pozadia, vyroben\u00e9 z vysoko kvalitnej l\u00e1tky a s plnofarebnou sublima\u010dnou potla\u010dou, zobrazuj\u00fa log\u00e1, sponzorov, n\u00e1zvy t\u00edmov a propaga\u010dn\u00e9 spr\u00e1vy s jasnou a jasnou vidite\u013enos\u0165ou.<\/p>\n<p>\u010ci u\u017e sa pou\u017e\u00edvaj\u00fa za p\u00f3diami, v priestoroch pre tla\u010dov\u00e9 konferencie, fotoz\u00f3nach alebo vchodoch, pom\u00e1haj\u00fa up\u00fata\u0165 pozornos\u0165 a poskytuj\u00fa ide\u00e1lne prostredie vhodn\u00e9 pre m\u00e9di\u00e1.<\/p>\n<p>Na\u0161e pozadia s\u00fa dostupn\u00e9 v r\u00f4znych ve\u013ekostiach a daj\u00fa sa prisp\u00f4sobi\u0165 potreb\u00e1m va\u0161ej konkr\u00e9tnej akcie. S\u00fa \u013eahk\u00e9, prenosn\u00e9 a \u013eahko sa montuj\u00fa, dod\u00e1vaj\u00fa sa s hlin\u00edkov\u00fdmi r\u00e1mami alebo syst\u00e9mami nap\u00ednacej tkaniny pre r\u00fdchlu in\u0161tal\u00e1ciu a povrchov\u00fa \u00fapravu bez pokr\u010denia. Tieto dekor\u00e1cie na mieru s\u00fa ide\u00e1lne pre vn\u00fatorn\u00e9 aj vonkaj\u0161ie \u0161portov\u00e9 podujatia, s\u00fa odoln\u00e9 a opakovane pou\u017eite\u013en\u00e9.<\/p>\n<p>Zv\u00fd\u0161te vplyv svojej zna\u010dky a vytvorte si ucelen\u00fa vizu\u00e1lnu identitu s na\u0161imi kulisami pre \u0161portov\u00e9 podujatia na mieru.<\/p>\n<div style=\"width: 720px;\" class=\"wp-video\"><!--[if lt IE 9]><script>document.createElement('video');<\/script><![endif]--><br \/>\n<video class=\"wp-video-shortcode\" id=\"video-2821-1\" width=\"720\" height=\"1280\" preload=\"metadata\" controls=\"controls\"><source type=\"video\/mp4\" src=\"https:\/\/cmykprinted.com\/wp-content\/uploads\/2025\/07\/Branded-Backdrops.mp4?_=1\" \/><a href=\"https:\/\/cmykprinted.com\/wp-content\/uploads\/2025\/07\/Branded-Backdrops.mp4\">https:\/\/cmykprinted.com\/wp-content\/uploads\/2025\/07\/Branded-Backdrops.mp4<\/a><\/video><\/div>","protected":false},"featured_media":2825,"template":"","meta":{"_kad_post_transparent":"default","_kad_post_title":"hide","_kad_post_layout":"fullwidth","_kad_post_sidebar_id":"","_kad_post_content_style":"unboxed","_kad_post_vertical_padding":"hide","_kad_post_feature":"hide","_kad_post_feature_position":"","_kad_post_header":false,"_kad_post_footer":false},"product_cat":[97,100],"product_tag":[651,653,654,652],"class_list":{"0":"post-2821","1":"product","2":"type-product","3":"status-publish","4":"has-post-thumbnail","6":"product_cat-tension-fabric-displays","7":"product_cat-straight-tension-fabric-backdrop","8":"product_tag-branded-backdrops","9":"product_tag-branded-backdrops-for-sports-event","10":"product_tag-cheap-custom-branded-backdrops","11":"product_tag-custom-branded-backdrops","13":"first","14":"instock","15":"shipping-taxable","16":"product-type-simple","17":"entry","18":"content-bg","19":"loop-entry"},"_links":{"self":[{"href":"https:\/\/cmykprinted.com\/sk_sk\/wp-json\/wp\/v2\/product\/2821","targetHints":{"allow":["GET"]}}],"collection":[{"href":"https:\/\/cmykprinted.com\/sk_sk\/wp-json\/wp\/v2\/product"}],"about":[{"href":"https:\/\/cmykprinted.com\/sk_sk\/wp-json\/wp\/v2\/types\/product"}],"version-history":[{"count":2,"href":"https:\/\/cmykprinted.com\/sk_sk\/wp-json\/wp\/v2\/product\/2821\/revisions"}],"predecessor-version":[{"id":2829,"href":"https:\/\/cmykprinted.com\/sk_sk\/wp-json\/wp\/v2\/product\/2821\/revisions\/2829"}],"wp:featuredmedia":[{"embeddable":true,"href":"https:\/\/cmykprinted.com\/sk_sk\/wp-json\/wp\/v2\/media\/2825"}],"wp:attachment":[{"href":"https:\/\/cmykprinted.com\/sk_sk\/wp-json\/wp\/v2\/media?parent=2821"}],"wp:term":[{"taxonomy":"product_cat","embeddable":true,"href":"https:\/\/cmykprinted.com\/sk_sk\/wp-json\/wp\/v2\/product_cat?post=2821"},{"taxonomy":"product_tag","embeddable":true,"href":"https:\/\/cmykprinted.com\/sk_sk\/wp-json\/wp\/v2\/product_tag?post=2821"}],"curies":[{"name":"wp","href":"https:\/\/api.w.org\/{rel}","templated":true}]}}