{"id":2831,"date":"2025-07-19T07:54:12","date_gmt":"2025-07-19T07:54:12","guid":{"rendered":"https:\/\/cmykprinted.com\/?post_type=product&#038;p=2831"},"modified":"2025-07-19T07:54:12","modified_gmt":"2025-07-19T07:54:12","slug":"champagne-metallic-transfer-stickers","status":"publish","type":"product","link":"https:\/\/cmykprinted.com\/sk_sk\/produkt\/sampanske-kovove-prenosove-nalepky\/","title":{"rendered":"Lacn\u00e9 kovov\u00e9 n\u00e1lepky na \u0161ampansk\u00e9 na f\u013ea\u0161e"},"content":{"rendered":"","protected":false},"excerpt":{"rendered":"<p>Vylep\u0161ite balenie svojich flia\u0161 na\u0161imi cenovo dostupn\u00fdmi metalick\u00fdmi n\u00e1lepkami na \u0161ampansk\u00e9. Tieto p\u00fatav\u00e9 n\u00e1lepky s\u00fa navrhnut\u00e9 tak, aby dodali v\u00ednu, \u0161ampansk\u00e9mu alebo in\u00fdm f\u013ea\u0161kov\u00fdm produktom pr\u00e9miov\u00fd a elegantn\u00fd vzh\u013ead.<\/p>\n<p>Vyroben\u00e9 z vysoko kvalitn\u00e9ho niklov\u00e9ho metalick\u00e9ho povrchu, maj\u00fa leskl\u00fd \u0161ampansk\u00fd odtie\u0148, ktor\u00fd kr\u00e1sne odr\u00e1\u017ea svetlo a zlep\u0161uje prezent\u00e1ciu zna\u010dky. Tieto prenosn\u00e9 n\u00e1lepky s\u00fa ide\u00e1lne na etikety produktov, dar\u010deky na podujatia alebo reklamn\u00e9 obaly a hladko pri\u013en\u00fa na sklenen\u00e9, plastov\u00e9 alebo kovov\u00e9 povrchy. \u013dahko sa aplikuj\u00fa a s\u00fa dlhotrvaj\u00face, tak\u017ee pon\u00fakaj\u00fa cenovo v\u00fdhodn\u00e9 rie\u0161enie na dosiahnutie luxusn\u00e9ho vzh\u013eadu s vlastn\u00fdm brandingom bez prekro\u010denia rozpo\u010dtu. Ide\u00e1lne pre vin\u00e1rstva, ve\u010dierky alebo mal\u00e9 podniky.<\/p>\n<div style=\"width: 1280px;\" class=\"wp-video\"><!--[if lt IE 9]><script>document.createElement('video');<\/script><![endif]--><br \/>\n<video class=\"wp-video-shortcode\" id=\"video-2831-1\" width=\"1280\" height=\"720\" preload=\"metadata\" controls=\"controls\"><source type=\"video\/mp4\" src=\"https:\/\/cmykprinted.com\/wp-content\/uploads\/2024\/05\/champagne-metal-transfer-label-1.mp4?_=1\" \/><a href=\"https:\/\/cmykprinted.com\/wp-content\/uploads\/2024\/05\/champagne-metal-transfer-label-1.mp4\">https:\/\/cmykprinted.com\/wp-content\/uploads\/2024\/05\/champagne-metal-transfer-label-1.mp4<\/a><\/video><\/div>","protected":false},"featured_media":2832,"template":"","meta":{"_kad_post_transparent":"default","_kad_post_title":"hide","_kad_post_layout":"fullwidth","_kad_post_sidebar_id":"","_kad_post_content_style":"unboxed","_kad_post_vertical_padding":"hide","_kad_post_feature":"hide","_kad_post_feature_position":"","_kad_post_header":false,"_kad_post_footer":false},"product_cat":[101,102],"product_tag":[655,447,656],"class_list":{"0":"post-2831","1":"product","2":"type-product","3":"status-publish","4":"has-post-thumbnail","6":"product_cat-transfer-stickers","7":"product_cat-metal-transfer-stickers","8":"product_tag-champagne-metallic-transfer-stickers","9":"product_tag-metallic-transfer-stickers","10":"product_tag-transfer-stickers-for-bottles","12":"first","13":"instock","14":"shipping-taxable","15":"product-type-simple","16":"entry","17":"content-bg","18":"loop-entry"},"_links":{"self":[{"href":"https:\/\/cmykprinted.com\/sk_sk\/wp-json\/wp\/v2\/product\/2831","targetHints":{"allow":["GET"]}}],"collection":[{"href":"https:\/\/cmykprinted.com\/sk_sk\/wp-json\/wp\/v2\/product"}],"about":[{"href":"https:\/\/cmykprinted.com\/sk_sk\/wp-json\/wp\/v2\/types\/product"}],"version-history":[{"count":1,"href":"https:\/\/cmykprinted.com\/sk_sk\/wp-json\/wp\/v2\/product\/2831\/revisions"}],"predecessor-version":[{"id":2836,"href":"https:\/\/cmykprinted.com\/sk_sk\/wp-json\/wp\/v2\/product\/2831\/revisions\/2836"}],"wp:featuredmedia":[{"embeddable":true,"href":"https:\/\/cmykprinted.com\/sk_sk\/wp-json\/wp\/v2\/media\/2832"}],"wp:attachment":[{"href":"https:\/\/cmykprinted.com\/sk_sk\/wp-json\/wp\/v2\/media?parent=2831"}],"wp:term":[{"taxonomy":"product_cat","embeddable":true,"href":"https:\/\/cmykprinted.com\/sk_sk\/wp-json\/wp\/v2\/product_cat?post=2831"},{"taxonomy":"product_tag","embeddable":true,"href":"https:\/\/cmykprinted.com\/sk_sk\/wp-json\/wp\/v2\/product_tag?post=2831"}],"curies":[{"name":"wp","href":"https:\/\/api.w.org\/{rel}","templated":true}]}}