{"id":2856,"date":"2025-10-17T08:07:33","date_gmt":"2025-10-17T08:07:33","guid":{"rendered":"https:\/\/cmykprinted.com\/?post_type=product&#038;p=2856"},"modified":"2025-10-17T08:07:33","modified_gmt":"2025-10-17T08:07:33","slug":"ez-tube-display","status":"publish","type":"product","link":"https:\/\/cmykprinted.com\/sk_sk\/produkt\/ez-rurka-displej\/","title":{"rendered":"Lacn\u00e9 vlastn\u00e9 EZ Tube Display Banner s rovn\u00fdm nap\u00e4t\u00edm Fabric Background"},"content":{"rendered":"","protected":false},"excerpt":{"rendered":"<p>Pokia\u013e ide o prezent\u00e1ciu va\u0161ej zna\u010dky profesion\u00e1lnym, p\u00fatav\u00fdm a efekt\u00edvnym sp\u00f4sobom, ni\u010d sa nevyrovn\u00e1 displeju EZ Tube. Tento prenosn\u00fd displejov\u00fd syst\u00e9m, navrhnut\u00fd s oh\u013eadom na elegantn\u00fd \u0161t\u00fdl a jednoduch\u00fa mont\u00e1\u017e, je ob\u013e\u00faben\u00fd medzi vystavovate\u013emi, pl\u00e1nova\u010dmi podujat\u00ed a marketingov\u00fdmi profesion\u00e1lmi, ktor\u00ed si cenia pohodlie aj efekt. \u010ci u\u017e ide o ve\u013etrhy, uvedenie produktov na trh, v\u00fdstavy alebo firemn\u00e9 akcie, displej EZ Tube dod\u00e1 va\u0161ej zna\u010dke uhladen\u00fd a luxusn\u00fd vzh\u013ead, ktor\u00fd okam\u017eite up\u00fata pozornos\u0165.<\/p>\n<p>V dne\u0161nom konkuren\u010dnom marketingovom prostred\u00ed vynik\u00e1 EZ Tube Display ako v\u0161estrann\u00e9, odoln\u00e9 a vizu\u00e1lne ohromuj\u00face rie\u0161enie pre firmy, ktor\u00e9 chc\u00fa zanecha\u0165 trval\u00fd dojem. V\u010faka bezn\u00e1strojov\u00e9mu nastaveniu, \u017eivej kvalite tla\u010de a opakovane pou\u017eite\u013enej kon\u0161trukcii pon\u00faka bezkonkuren\u010dn\u00fa hodnotu a pohodlie pre profesion\u00e1lny event marketing. Pozdvihnite svoju \u010fal\u0161iu obchodn\u00fa v\u00fdstavu alebo propaga\u010dn\u00fa akciu s EZ Tube Display \u2013 kde sa jednoduchos\u0165 sn\u00fabi so sofistikovanos\u0165ou a va\u0161a zna\u010dka je v centre pozornosti.<\/p>\n<div style=\"width: 720px;\" class=\"wp-video\"><!--[if lt IE 9]><script>document.createElement('video');<\/script><![endif]--><br \/>\n<video class=\"wp-video-shortcode\" id=\"video-2856-1\" width=\"720\" height=\"1280\" preload=\"metadata\" controls=\"controls\"><source type=\"video\/mp4\" src=\"https:\/\/cmykprinted.com\/wp-content\/uploads\/2025\/07\/Branded-Backdrops.mp4?_=1\" \/><a href=\"https:\/\/cmykprinted.com\/wp-content\/uploads\/2025\/07\/Branded-Backdrops.mp4\">https:\/\/cmykprinted.com\/wp-content\/uploads\/2025\/07\/Branded-Backdrops.mp4<\/a><\/video><\/div>","protected":false},"featured_media":2857,"template":"","meta":{"_kad_post_transparent":"default","_kad_post_title":"hide","_kad_post_layout":"fullwidth","_kad_post_sidebar_id":"","_kad_post_content_style":"unboxed","_kad_post_vertical_padding":"hide","_kad_post_feature":"hide","_kad_post_feature_position":"","_kad_post_header":false,"_kad_post_footer":false},"product_cat":[97,100],"product_tag":[664,662,663,197],"class_list":{"0":"post-2856","1":"product","2":"type-product","3":"status-publish","4":"has-post-thumbnail","6":"product_cat-tension-fabric-displays","7":"product_cat-straight-tension-fabric-backdrop","8":"product_tag-custom-straight-tension-fabric-backdrop","9":"product_tag-ez-tube-display","10":"product_tag-ez-tube-display-banner","11":"product_tag-tension-fabric-backdrop","13":"first","14":"instock","15":"shipping-taxable","16":"product-type-simple","17":"entry","18":"content-bg","19":"loop-entry"},"_links":{"self":[{"href":"https:\/\/cmykprinted.com\/sk_sk\/wp-json\/wp\/v2\/product\/2856","targetHints":{"allow":["GET"]}}],"collection":[{"href":"https:\/\/cmykprinted.com\/sk_sk\/wp-json\/wp\/v2\/product"}],"about":[{"href":"https:\/\/cmykprinted.com\/sk_sk\/wp-json\/wp\/v2\/types\/product"}],"version-history":[{"count":1,"href":"https:\/\/cmykprinted.com\/sk_sk\/wp-json\/wp\/v2\/product\/2856\/revisions"}],"predecessor-version":[{"id":2863,"href":"https:\/\/cmykprinted.com\/sk_sk\/wp-json\/wp\/v2\/product\/2856\/revisions\/2863"}],"wp:featuredmedia":[{"embeddable":true,"href":"https:\/\/cmykprinted.com\/sk_sk\/wp-json\/wp\/v2\/media\/2857"}],"wp:attachment":[{"href":"https:\/\/cmykprinted.com\/sk_sk\/wp-json\/wp\/v2\/media?parent=2856"}],"wp:term":[{"taxonomy":"product_cat","embeddable":true,"href":"https:\/\/cmykprinted.com\/sk_sk\/wp-json\/wp\/v2\/product_cat?post=2856"},{"taxonomy":"product_tag","embeddable":true,"href":"https:\/\/cmykprinted.com\/sk_sk\/wp-json\/wp\/v2\/product_tag?post=2856"}],"curies":[{"name":"wp","href":"https:\/\/api.w.org\/{rel}","templated":true}]}}