{"id":2866,"date":"2025-10-30T09:12:11","date_gmt":"2025-10-30T09:12:11","guid":{"rendered":"https:\/\/cmykprinted.com\/?post_type=product&#038;p=2866"},"modified":"2025-10-30T09:12:11","modified_gmt":"2025-10-30T09:12:11","slug":"collapsible-trade-show-displays","status":"publish","type":"product","link":"https:\/\/cmykprinted.com\/sk_sk\/produkt\/skladacie-vystavne-displeje\/","title":{"rendered":"Skladacie ve\u013etrhov\u00e9 displeje najvy\u0161\u0161ej kvality s LED svetlom"},"content":{"rendered":"","protected":false},"excerpt":{"rendered":"<p>Nechajte svoju zna\u010dku za\u017eiari\u0165 na ka\u017edej v\u00fdstave s na\u0161imi vysokokvalitn\u00fdmi skladac\u00edmi ve\u013etrhov\u00fdmi displejmi s LED osvetlen\u00edm \u2013 perfektnou kombin\u00e1ciou prenosnosti, profesionality a vizu\u00e1lneho efektu. Tieto displeje s\u00fa ur\u010den\u00e9 pre modern\u00fdch market\u00e9rov, ktor\u00ed potrebuj\u00fa r\u00fdchlo zostavi\u0165 a okam\u017eite vynikn\u00fa\u0165. Vyzna\u010duj\u00fa sa \u013eahk\u00fdmi hlin\u00edkov\u00fdmi r\u00e1mami a pr\u00e9miovou grafikou z nap\u00ednacej tkaniny, ktor\u00e1 poskytuje ohromuj\u00faci a nekr\u010div\u00fd vizu\u00e1l.<\/p>\n<p>V\u010faka inovat\u00edvnej skladacej kon\u0161trukcii trv\u00e1 mont\u00e1\u017e a demont\u00e1\u017e len nieko\u013eko min\u00fat \u2013 nie je potrebn\u00e9 \u017eiadne n\u00e1radie. Po zostaven\u00ed poskytuje odoln\u00fd r\u00e1m pevn\u00fd z\u00e1klad, zatia\u013e \u010do integrovan\u00fd LED syst\u00e9m osvetlenia zais\u0165uje, \u017ee grafika va\u0161ej zna\u010dky bude brilantne osvetlen\u00e1 a p\u00fata pozornos\u0165 aj v t\u00fdch najru\u0161nej\u0161\u00edch prostrediach ve\u013etrhov.<\/p>\n<p>Tieto displeje s\u00fa ide\u00e1lne na ve\u013etrhy, v\u00fdstavy, kongresy a maloobchodn\u00e9 propag\u00e1cie, \u013eahko sa balia, prepravuj\u00fa a op\u00e4tovne pou\u017e\u00edvaj\u00fa, v\u010faka \u010domu s\u00fa cenovo v\u00fdhodnou dlhodobou invest\u00edciou. Mo\u017enosti vlastnej tla\u010de v\u00e1m umo\u017e\u0148uj\u00fa prezentova\u0165 farby, log\u00e1 a marketingov\u00e9 posolstv\u00e1 va\u0161ej spolo\u010dnosti v \u017eiarivej kvalite s vysok\u00fdm rozl\u00ed\u0161en\u00edm.<\/p>\n<p>\u010ci u\u017e uv\u00e1dzate na trh nov\u00fd produkt, budujete povedomie o zna\u010dke alebo oslovujete z\u00e1kazn\u00edkov tv\u00e1rou v tv\u00e1r, na\u0161e skladacie LED displeje pre ve\u013etrhy prin\u00e1\u0161aj\u00fa maxim\u00e1lny efekt s minim\u00e1lnym \u00fasil\u00edm. Zap\u00f4sobte na svoje publikum, zv\u00fd\u0161te vidite\u013enos\u0165 svojej zna\u010dky a vytvorte profesion\u00e1lnu prezent\u00e1ciu, ktor\u00e1 skuto\u010dne vynikne \u2013 kedyko\u013evek a kdeko\u013evek.<\/p>\n<div style=\"width: 720px;\" class=\"wp-video\"><!--[if lt IE 9]><script>document.createElement('video');<\/script><![endif]--><br \/>\n<video class=\"wp-video-shortcode\" id=\"video-2866-1\" width=\"720\" height=\"1280\" preload=\"metadata\" controls=\"controls\"><source type=\"video\/mp4\" src=\"https:\/\/cmykprinted.com\/wp-content\/uploads\/2025\/10\/Collapsible-Trade-Show-Displays.mp4?_=1\" \/><a href=\"https:\/\/cmykprinted.com\/wp-content\/uploads\/2025\/10\/Collapsible-Trade-Show-Displays.mp4\">https:\/\/cmykprinted.com\/wp-content\/uploads\/2025\/10\/Collapsible-Trade-Show-Displays.mp4<\/a><\/video><\/div>","protected":false},"featured_media":2868,"template":"","meta":{"_kad_post_transparent":"default","_kad_post_title":"hide","_kad_post_layout":"fullwidth","_kad_post_sidebar_id":"","_kad_post_content_style":"unboxed","_kad_post_vertical_padding":"hide","_kad_post_feature":"hide","_kad_post_feature_position":"","_kad_post_header":false,"_kad_post_footer":false},"product_cat":[97,99],"product_tag":[665,667,668,666],"class_list":{"0":"post-2866","1":"product","2":"type-product","3":"status-publish","4":"has-post-thumbnail","6":"product_cat-tension-fabric-displays","7":"product_cat-custom-fabric-displays","8":"product_tag-collapsible-trade-show-displays","9":"product_tag-top-quality-collapsible-trade-show-displays","10":"product_tag-trade-show-displays","11":"product_tag-trade-show-displays-with-led-light","13":"first","14":"instock","15":"shipping-taxable","16":"product-type-simple","17":"entry","18":"content-bg","19":"loop-entry"},"_links":{"self":[{"href":"https:\/\/cmykprinted.com\/sk_sk\/wp-json\/wp\/v2\/product\/2866","targetHints":{"allow":["GET"]}}],"collection":[{"href":"https:\/\/cmykprinted.com\/sk_sk\/wp-json\/wp\/v2\/product"}],"about":[{"href":"https:\/\/cmykprinted.com\/sk_sk\/wp-json\/wp\/v2\/types\/product"}],"version-history":[{"count":1,"href":"https:\/\/cmykprinted.com\/sk_sk\/wp-json\/wp\/v2\/product\/2866\/revisions"}],"predecessor-version":[{"id":2875,"href":"https:\/\/cmykprinted.com\/sk_sk\/wp-json\/wp\/v2\/product\/2866\/revisions\/2875"}],"wp:featuredmedia":[{"embeddable":true,"href":"https:\/\/cmykprinted.com\/sk_sk\/wp-json\/wp\/v2\/media\/2868"}],"wp:attachment":[{"href":"https:\/\/cmykprinted.com\/sk_sk\/wp-json\/wp\/v2\/media?parent=2866"}],"wp:term":[{"taxonomy":"product_cat","embeddable":true,"href":"https:\/\/cmykprinted.com\/sk_sk\/wp-json\/wp\/v2\/product_cat?post=2866"},{"taxonomy":"product_tag","embeddable":true,"href":"https:\/\/cmykprinted.com\/sk_sk\/wp-json\/wp\/v2\/product_tag?post=2866"}],"curies":[{"name":"wp","href":"https:\/\/api.w.org\/{rel}","templated":true}]}}