{"id":2891,"date":"2025-11-03T07:59:54","date_gmt":"2025-11-03T07:59:54","guid":{"rendered":"https:\/\/cmykprinted.com\/?post_type=product&#038;p=2891"},"modified":"2025-11-03T07:59:54","modified_gmt":"2025-11-03T07:59:54","slug":"printed-table-runners-trade-show","status":"publish","type":"product","link":"https:\/\/cmykprinted.com\/sk_sk\/produkt\/tlacene-stolove-bezce-veltrh\/","title":{"rendered":"N\u00edzke MOQ plnofarebn\u00e9 grafick\u00e9 potla\u010den\u00e9 stolov\u00e9 obrusy s najlep\u0161ou cenou"},"content":{"rendered":"<p>Urobte si svoj st\u00e1nok nezabudnute\u013en\u00fdm s na\u0161ou kolekciou prestieradiel na ve\u013etrhy s n\u00edzkou minim\u00e1lnou objedn\u00e1vkou a najlep\u0161ou cenou. Na\u0161e prestieradl\u00e1 s potla\u010dou a grafikou, ur\u010den\u00e9 pre firmy, ktor\u00e9 po\u017eaduj\u00fa kvalitu a hodnotu, poskytuj\u00fa \u017eiv\u00fa grafiku s vysok\u00fdm rozl\u00ed\u0161en\u00edm, ktor\u00e1 vd\u00fdchne va\u0161ej zna\u010dke \u017eivot. \u010ci u\u017e sa z\u00fa\u010dast\u0148ujete v\u00fdstav, konferenci\u00ed alebo firemn\u00fdch akci\u00ed, na\u0161e prestieradl\u00e1 s potla\u010dou zabezpe\u010dia, \u017ee v\u00e1\u0161 st\u00f4l bude vyzera\u0165 profesion\u00e1lne a p\u00fatavo z ka\u017ed\u00e9ho uhla.<\/p>\n<p>Pou\u017e\u00edvame pr\u00e9miov\u00fd polyester odoln\u00fd vo\u010di pokr\u010deniu a pokro\u010dil\u00fa sublima\u010dn\u00fa tla\u010d na v\u00fdrobu potla\u010den\u00fdch prestieradiel na ve\u013etrhy, ktor\u00e9 zobrazia va\u0161e logo, slogan a grafick\u00e9 dielo v \u00fa\u017easn\u00fdch pln\u00fdch farb\u00e1ch. V\u010faka n\u00edzkym minim\u00e1lnym objedn\u00e1vac\u00edm mno\u017estv\u00e1m (MOQ) a bezkonkuren\u010dn\u00fdm cen\u00e1m priamo z v\u00fdroby si aj mal\u00e9 firmy m\u00f4\u017eu vychutna\u0165 vlastn\u00e9 branding bez nadmern\u00fdch v\u00fddavkov. Vyberte si z r\u00f4znych ve\u013ekost\u00ed a \u0161t\u00fdlov, ktor\u00e9 sa dokonale hodia na ak\u00fdko\u013evek v\u00fdstavn\u00fd st\u00f4l.<\/p>\n<p>R\u00fdchla v\u00fdroba, spo\u013eahliv\u00e1 kvalita a konkurencieschopn\u00e9 ceny robia z na\u0161ich potla\u010den\u00fdch obrusov na ve\u013etrhu najlep\u0161iu vo\u013ebu pre propag\u00e1ciu va\u0161ej zna\u010dky s efektom a \u0161t\u00fdlom.<\/p>\n<div style=\"width: 1280px;\" class=\"wp-video\"><!--[if lt IE 9]><script>document.createElement('video');<\/script><![endif]-->\n<video class=\"wp-video-shortcode\" id=\"video-2891-1\" width=\"1280\" height=\"720\" preload=\"metadata\" controls=\"controls\"><source type=\"video\/mp4\" src=\"https:\/\/cmykprinted.com\/wp-content\/uploads\/2025\/11\/Printed-Table-Runners-Trade-Show.mp4?_=1\" \/><a href=\"https:\/\/cmykprinted.com\/wp-content\/uploads\/2025\/11\/Printed-Table-Runners-Trade-Show.mp4\">https:\/\/cmykprinted.com\/wp-content\/uploads\/2025\/11\/Printed-Table-Runners-Trade-Show.mp4<\/a><\/video><\/div>","protected":false},"excerpt":{"rendered":"<p>Make your booth unforgettable with our Low MOQ Best Price Full Color Graphic Printed Table Runners Trade Show collection. Designed for businesses that want quality and value, our printed table covers trade show products deliver vibrant, high-definition graphics that bring your brand to life. Whether you\u2019re attending exhibitions, conferences, or corporate events, our printed table&#8230;<\/p>","protected":false},"featured_media":2895,"template":"","meta":{"_kad_post_transparent":"default","_kad_post_title":"hide","_kad_post_layout":"fullwidth","_kad_post_sidebar_id":"","_kad_post_content_style":"unboxed","_kad_post_vertical_padding":"hide","_kad_post_feature":"hide","_kad_post_feature_position":"","_kad_post_header":false,"_kad_post_footer":false},"product_cat":[80,81],"product_tag":[674,673],"class_list":{"0":"post-2891","1":"product","2":"type-product","3":"status-publish","4":"has-post-thumbnail","6":"product_cat-custom-tablecloth","7":"product_cat-custom-stretch-tablecloth","8":"product_tag-full-color-graphic-printed-table-runners","9":"product_tag-printed-table-runners-trade-show","11":"first","12":"instock","13":"shipping-taxable","14":"product-type-simple","15":"entry","16":"content-bg","17":"loop-entry"},"_links":{"self":[{"href":"https:\/\/cmykprinted.com\/sk_sk\/wp-json\/wp\/v2\/product\/2891","targetHints":{"allow":["GET"]}}],"collection":[{"href":"https:\/\/cmykprinted.com\/sk_sk\/wp-json\/wp\/v2\/product"}],"about":[{"href":"https:\/\/cmykprinted.com\/sk_sk\/wp-json\/wp\/v2\/types\/product"}],"version-history":[{"count":1,"href":"https:\/\/cmykprinted.com\/sk_sk\/wp-json\/wp\/v2\/product\/2891\/revisions"}],"predecessor-version":[{"id":2900,"href":"https:\/\/cmykprinted.com\/sk_sk\/wp-json\/wp\/v2\/product\/2891\/revisions\/2900"}],"wp:featuredmedia":[{"embeddable":true,"href":"https:\/\/cmykprinted.com\/sk_sk\/wp-json\/wp\/v2\/media\/2895"}],"wp:attachment":[{"href":"https:\/\/cmykprinted.com\/sk_sk\/wp-json\/wp\/v2\/media?parent=2891"}],"wp:term":[{"taxonomy":"product_cat","embeddable":true,"href":"https:\/\/cmykprinted.com\/sk_sk\/wp-json\/wp\/v2\/product_cat?post=2891"},{"taxonomy":"product_tag","embeddable":true,"href":"https:\/\/cmykprinted.com\/sk_sk\/wp-json\/wp\/v2\/product_tag?post=2891"}],"curies":[{"name":"wp","href":"https:\/\/api.w.org\/{rel}","templated":true}]}}