{"id":2901,"date":"2025-11-07T02:21:11","date_gmt":"2025-11-07T02:21:11","guid":{"rendered":"https:\/\/cmykprinted.com\/?post_type=product&#038;p=2901"},"modified":"2025-11-07T02:21:11","modified_gmt":"2025-11-07T02:21:11","slug":"trade-show-table-covers-with-logo","status":"publish","type":"product","link":"https:\/\/cmykprinted.com\/sk_sk\/produkt\/veltrzne-obrusy-s-logom\/","title":{"rendered":"Obrusy na ve\u013etrhov\u00e9 stoly s logom s dodacou lehotou 48 hod\u00edn"},"content":{"rendered":"","protected":false},"excerpt":{"rendered":"<p>Okam\u017eite zv\u00fd\u0161te svoju pr\u00edtomnos\u0165 na podujat\u00ed s na\u0161imi obrusmi na ve\u013etrhov\u00e9 stoly s logom, ktor\u00e9 s\u00fa navrhnut\u00e9 pre firmy, ktor\u00e9 potrebuj\u00fa r\u00fdchly profesion\u00e1lny branding.<\/p>\n<p>Tieto pr\u00e9miov\u00e9 obrusy na ve\u013etrhy s\u00fa plne prisp\u00f4soben\u00e9 s vysokorozli\u0161ovacou, plnofarebnou potla\u010dou, aby zv\u00fdraznili va\u0161e logo, odkaz a vizu\u00e1lne prvky s maxim\u00e1lnym \u00fa\u010dinkom.<\/p>\n<p>Na\u0161e obrusy na ve\u013etrhy s potla\u010dou na mieru s\u00fa navrhnut\u00e9 tak, aby pozdvihli ak\u00fdko\u013evek v\u00fdstavn\u00fd st\u00e1nok a premenia oby\u010dajn\u00e9 stoly na p\u00fatav\u00e9 vitr\u00edny zna\u010diek.<\/p>\n<p>V\u010faka na\u0161ej garantovanej 48-hodinovej dodacej lehote sa m\u00f4\u017eete s istotou pripravi\u0165 na v\u00fdstavy, konferencie a marketingov\u00e9 akcie na posledn\u00fa chv\u00ed\u013eu bez toho, aby ste obetovali kvalitu. Na\u0161e obrusy na ve\u013etrhov\u00e9 stoly s\u00fa vyroben\u00e9 z odolnej a nekr\u010divej l\u00e1tky a s\u00fa dostupn\u00e9 v nap\u00ednacom, elastickom a nariasenom preveden\u00ed, ktor\u00e9 sa hodia k ak\u00e9muko\u013evek rozlo\u017eeniu st\u00e1nku.<\/p>\n<p>S\u00fa \u013eahko pou\u017eite\u013en\u00e9, opakovane pou\u017eite\u013en\u00e9 a ide\u00e1lne pre spolo\u010dnosti, ktor\u00e9 chc\u00fa konzistentn\u00fa a profesion\u00e1lnu prezent\u00e1ciu na ka\u017edej akcii.<\/p>\n<p>Vyberte si na\u0161e r\u00fdchle, spo\u013eahliv\u00e9 a vysoko kvalitn\u00e9 obrusy na ve\u013etrhy, aby ste vynikli a pril\u00e1kali viac n\u00e1v\u0161tevn\u00edkov na va\u0161om \u010fal\u0161om ve\u013etrhu.<\/p>\n<div style=\"width: 1280px;\" class=\"wp-video\"><!--[if lt IE 9]><script>document.createElement('video');<\/script><![endif]--><br \/>\n<video class=\"wp-video-shortcode\" id=\"video-2901-1\" width=\"1280\" height=\"720\" preload=\"metadata\" controls=\"controls\"><source type=\"video\/mp4\" src=\"https:\/\/cmykprinted.com\/wp-content\/uploads\/2025\/11\/Trade-Show-Table-Covers-with-Logo.mp4?_=1\" \/><a href=\"https:\/\/cmykprinted.com\/wp-content\/uploads\/2025\/11\/Trade-Show-Table-Covers-with-Logo.mp4\">https:\/\/cmykprinted.com\/wp-content\/uploads\/2025\/11\/Trade-Show-Table-Covers-with-Logo.mp4<\/a><\/video><\/div>","protected":false},"featured_media":2903,"template":"","meta":{"_kad_post_transparent":"default","_kad_post_title":"hide","_kad_post_layout":"fullwidth","_kad_post_sidebar_id":"","_kad_post_content_style":"unboxed","_kad_post_vertical_padding":"hide","_kad_post_feature":"hide","_kad_post_feature_position":"","_kad_post_header":false,"_kad_post_footer":false},"product_cat":[80,81],"product_tag":[676,675,677],"class_list":{"0":"post-2901","1":"product","2":"type-product","3":"status-publish","4":"has-post-thumbnail","6":"product_cat-custom-tablecloth","7":"product_cat-custom-stretch-tablecloth","8":"product_tag-table-covers","9":"product_tag-trade-show-table-covers","10":"product_tag-trade-show-table-covers-with-logo","12":"first","13":"instock","14":"shipping-taxable","15":"product-type-simple","16":"entry","17":"content-bg","18":"loop-entry"},"_links":{"self":[{"href":"https:\/\/cmykprinted.com\/sk_sk\/wp-json\/wp\/v2\/product\/2901","targetHints":{"allow":["GET"]}}],"collection":[{"href":"https:\/\/cmykprinted.com\/sk_sk\/wp-json\/wp\/v2\/product"}],"about":[{"href":"https:\/\/cmykprinted.com\/sk_sk\/wp-json\/wp\/v2\/types\/product"}],"version-history":[{"count":1,"href":"https:\/\/cmykprinted.com\/sk_sk\/wp-json\/wp\/v2\/product\/2901\/revisions"}],"predecessor-version":[{"id":2907,"href":"https:\/\/cmykprinted.com\/sk_sk\/wp-json\/wp\/v2\/product\/2901\/revisions\/2907"}],"wp:featuredmedia":[{"embeddable":true,"href":"https:\/\/cmykprinted.com\/sk_sk\/wp-json\/wp\/v2\/media\/2903"}],"wp:attachment":[{"href":"https:\/\/cmykprinted.com\/sk_sk\/wp-json\/wp\/v2\/media?parent=2901"}],"wp:term":[{"taxonomy":"product_cat","embeddable":true,"href":"https:\/\/cmykprinted.com\/sk_sk\/wp-json\/wp\/v2\/product_cat?post=2901"},{"taxonomy":"product_tag","embeddable":true,"href":"https:\/\/cmykprinted.com\/sk_sk\/wp-json\/wp\/v2\/product_tag?post=2901"}],"curies":[{"name":"wp","href":"https:\/\/api.w.org\/{rel}","templated":true}]}}