{"id":2909,"date":"2025-11-10T12:05:36","date_gmt":"2025-11-10T12:05:36","guid":{"rendered":"https:\/\/cmykprinted.com\/?post_type=product&#038;p=2909"},"modified":"2025-11-10T12:05:36","modified_gmt":"2025-11-10T12:05:36","slug":"8x8-pillowcase-backdrop","status":"publish","type":"product","link":"https:\/\/cmykprinted.com\/sk_sk\/produkt\/8x8-obliecka-na-vankus-pozadie\/","title":{"rendered":"Najlep\u0161ia cena 8\u00d78 oblie\u010dky na vank\u00fa\u0161 pozadia z tov\u00e1rne"},"content":{"rendered":"","protected":false},"excerpt":{"rendered":"<p>H\u013ead\u00e1te pozadie na vank\u00fa\u0161 s rozmermi 8\u00d78 za najlep\u0161iu cenu priamo z tov\u00e1rne? Na\u0161e vysokokvalitn\u00e9 pozadia z nap\u00ednacej l\u00e1tky s\u00fa navrhnut\u00e9 tak, aby va\u0161a zna\u010dka vynikla na ve\u013etrhoch, fotob\u00fadkach a propaga\u010dn\u00fdch akci\u00e1ch. Ka\u017ed\u00e9 pozadie na vank\u00fa\u0161 s rozmermi 8\u00d78 je vyroben\u00e9 z pr\u00e9miovej elastickej l\u00e1tky odolnej vo\u010di pokr\u010deniu, ktor\u00e1 perfektne sed\u00ed na \u013eahkom hlin\u00edkovom r\u00e1me a v priebehu nieko\u013ek\u00fdch min\u00fat tak vytvor\u00ed elegantn\u00fd a profesion\u00e1lny vzh\u013ead.<\/p>\n<p>Bez\u0161vov\u00e1 plnofarebn\u00e1 tla\u010d zais\u0165uje \u017eiv\u00fa grafiku, ktor\u00e1 zv\u00fdrazn\u00ed va\u0161e logo, spr\u00e1vu alebo produkty s vynikaj\u00facim vizu\u00e1lnym dopadom.<\/p>\n<p>Ako priamy v\u00fdrobca pon\u00fakame v\u00fdrobn\u00e9 ceny bez sprostredkovate\u013eov, \u010do v\u00e1m d\u00e1va v\u00fdnimo\u010dn\u00fa hodnotu za v\u00e1\u0161 rozpo\u010det.<\/p>\n<p>N\u00e1\u0161 produk\u010dn\u00fd t\u00edm pou\u017e\u00edva pokro\u010dil\u00fa technol\u00f3giu sublima\u010dnej tla\u010de na v\u00fdrobu trv\u00e1cnej a bledn\u00facej grafiky, ktor\u00e1 si zachov\u00e1va svoj lesk na ka\u017edej v\u00fdstave. \u013dahko sa montuje, je prenosn\u00e1 a opakovane pou\u017eite\u013en\u00e1 \u2013 pozadie s oblie\u010dkou na vank\u00fa\u0161 s rozmermi 8\u00d78 za najlep\u0161iu cenu je ide\u00e1lnym rie\u0161en\u00edm pre vystavovate\u013eov, ktor\u00ed chc\u00fa p\u00f4sobiv\u00fa prezent\u00e1ciu za konkurencieschopn\u00fa cenu. Prisp\u00f4sobte si svoje pozadie e\u0161te dnes a vychutnajte si r\u00fdchle vybavenie, spo\u013eahliv\u00fa kvalitu a bezkonkuren\u010dn\u00e9 ceny od v\u00fdrobcu.<\/p>\n<div style=\"width: 720px;\" class=\"wp-video\"><!--[if lt IE 9]><script>document.createElement('video');<\/script><![endif]--><br \/>\n<video class=\"wp-video-shortcode\" id=\"video-2909-1\" width=\"720\" height=\"1280\" preload=\"metadata\" controls=\"controls\"><source type=\"video\/mp4\" src=\"https:\/\/cmykprinted.com\/wp-content\/uploads\/2025\/07\/Branded-Backdrops.mp4?_=1\" \/><a href=\"https:\/\/cmykprinted.com\/wp-content\/uploads\/2025\/07\/Branded-Backdrops.mp4\">https:\/\/cmykprinted.com\/wp-content\/uploads\/2025\/07\/Branded-Backdrops.mp4<\/a><\/video><\/div>","protected":false},"featured_media":2911,"template":"","meta":{"_kad_post_transparent":"default","_kad_post_title":"hide","_kad_post_layout":"fullwidth","_kad_post_sidebar_id":"","_kad_post_content_style":"unboxed","_kad_post_vertical_padding":"hide","_kad_post_feature":"hide","_kad_post_feature_position":"","_kad_post_header":false,"_kad_post_footer":false},"product_cat":[97,100],"product_tag":[678,419],"class_list":{"0":"post-2909","1":"product","2":"type-product","3":"status-publish","4":"has-post-thumbnail","6":"product_cat-tension-fabric-displays","7":"product_cat-straight-tension-fabric-backdrop","8":"product_tag-8x8-pillowcase-backdrop","9":"product_tag-pillowcase-backdrop","11":"first","12":"instock","13":"shipping-taxable","14":"product-type-simple","15":"entry","16":"content-bg","17":"loop-entry"},"_links":{"self":[{"href":"https:\/\/cmykprinted.com\/sk_sk\/wp-json\/wp\/v2\/product\/2909","targetHints":{"allow":["GET"]}}],"collection":[{"href":"https:\/\/cmykprinted.com\/sk_sk\/wp-json\/wp\/v2\/product"}],"about":[{"href":"https:\/\/cmykprinted.com\/sk_sk\/wp-json\/wp\/v2\/types\/product"}],"version-history":[{"count":1,"href":"https:\/\/cmykprinted.com\/sk_sk\/wp-json\/wp\/v2\/product\/2909\/revisions"}],"predecessor-version":[{"id":2916,"href":"https:\/\/cmykprinted.com\/sk_sk\/wp-json\/wp\/v2\/product\/2909\/revisions\/2916"}],"wp:featuredmedia":[{"embeddable":true,"href":"https:\/\/cmykprinted.com\/sk_sk\/wp-json\/wp\/v2\/media\/2911"}],"wp:attachment":[{"href":"https:\/\/cmykprinted.com\/sk_sk\/wp-json\/wp\/v2\/media?parent=2909"}],"wp:term":[{"taxonomy":"product_cat","embeddable":true,"href":"https:\/\/cmykprinted.com\/sk_sk\/wp-json\/wp\/v2\/product_cat?post=2909"},{"taxonomy":"product_tag","embeddable":true,"href":"https:\/\/cmykprinted.com\/sk_sk\/wp-json\/wp\/v2\/product_tag?post=2909"}],"curies":[{"name":"wp","href":"https:\/\/api.w.org\/{rel}","templated":true}]}}