{"id":393,"date":"2022-12-03T03:54:51","date_gmt":"2022-12-03T03:54:51","guid":{"rendered":"https:\/\/cmykprinted.com\/?post_type=product&#038;p=393"},"modified":"2022-12-09T09:14:36","modified_gmt":"2022-12-09T09:14:36","slug":"custom-printed-advertising-promotional-beach-feather-flag","status":"publish","type":"product","link":"https:\/\/cmykprinted.com\/sk_sk\/produkt\/custom-printed-advertising-promotional-beach-feather-flag\/","title":{"rendered":"Vlastn\u00e1 tla\u010den\u00e1 reklamn\u00e1 propaga\u010dn\u00e1 pl\u00e1\u017eov\u00e1 vlajka"},"content":{"rendered":"","protected":false},"excerpt":{"rendered":"<p>Sna\u017e\u00edte sa vynikn\u00fa\u0165 na ru\u0161nej ulici alebo na preplnen\u00fdch obchodn\u00fdch v\u00fdstav\u00e1ch? Tu\u010dn\u00e9 vlastn\u00e9 vlajky s\u00fa osved\u010den\u00fdm sp\u00f4sobom, ako upozorni\u0165 na na\u0161e podnikanie na farm\u00e1rskom trhu, ve\u013etrhu alebo food trucku. S\u00fa tie\u017e efekt\u00edvnym a dobre vidite\u013en\u00fdm marketingom \u2013 pr\u00edle\u017eitos\u0165ou, aby si va\u0161e obchodn\u00e9 meno, logo a farby v\u0161imli chodci aj cestn\u00e1 prem\u00e1vka. Na\u0161e reklamn\u00e9 vlajky sa dod\u00e1vaj\u00fa so v\u0161etk\u00fdm, \u010do potrebujete na umiestnenie na rovnom povrchu. V\u00e1\u0161 bal\u00edk bude obsahova\u0165 polyesterov\u00fa vlajku odoln\u00fa vo\u010di poveternostn\u00fdm vplyvom, sklolamin\u00e1tov\u00fa a hlin\u00edkov\u00fa ty\u010d, z\u00e1klad\u0148u a dokonca aj m\u00e4kk\u00e9 puzdro na \u013eahk\u00fa prepravu. Presk\u00famajte na\u0161u gal\u00e9riu vlastn\u00fdch \u0161abl\u00f3n vlajok vr\u00e1tane mo\u017enost\u00ed pre konkr\u00e9tne odvetvia a udalosti. Ke\u010f n\u00e1jdete ob\u013e\u00faben\u00fa mo\u017enos\u0165, pridajte svoje vlastn\u00e9 podrobnosti v na\u0161om online dizajnovom \u0161t\u00fadiu. O zvy\u0161ok sa postar\u00e1me my, va\u0161u objedn\u00e1vku profesion\u00e1lne vytla\u010d\u00edme a odo\u0161leme. Va\u0161a reklamn\u00e1 vlajka bude vyzera\u0165 skvele a pripraven\u00e1 za\u010da\u0165 sa ot\u00e1\u010da\u0165.<\/p>\n<div style=\"width: 1280px;\" class=\"wp-video\"><!--[if lt IE 9]><script>document.createElement('video');<\/script><![endif]--><br \/>\n<video class=\"wp-video-shortcode\" id=\"video-393-1\" width=\"1280\" height=\"720\" loop autoplay preload=\"auto\" controls=\"controls\"><source type=\"video\/mp4\" src=\"http:\/\/cmykprinted.com\/wp-content\/uploads\/2022\/12\/Custom-Printed-Advertising-Promotional-Beach-Feather-Flag.mp4?_=1\" \/><a href=\"http:\/\/cmykprinted.com\/wp-content\/uploads\/2022\/12\/Custom-Printed-Advertising-Promotional-Beach-Feather-Flag.mp4\">http:\/\/cmykprinted.com\/wp-content\/uploads\/2022\/12\/Custom-Printed-Advertising-Promotional-Beach-Feather-Flag.mp4<\/a><\/video><\/div>","protected":false},"featured_media":394,"template":"","meta":{"_kad_post_transparent":"default","_kad_post_title":"hide","_kad_post_layout":"fullwidth","_kad_post_sidebar_id":"","_kad_post_content_style":"unboxed","_kad_post_vertical_padding":"hide","_kad_post_feature":"hide","_kad_post_feature_position":"","_kad_post_header":false,"_kad_post_footer":false},"product_cat":[64,65,66,67],"product_tag":[107,104,105,106,108],"class_list":{"0":"post-393","1":"product","2":"type-product","3":"status-publish","4":"has-post-thumbnail","6":"product_cat-beach-flags","7":"product_cat-feather-flags-banners","8":"product_cat-rectangular-flags-banners","9":"product_cat-teardrop-flags-banners","10":"product_tag-advertising-beach-flag","11":"product_tag-beach-feather-flag","12":"product_tag-custom-beach-flag","13":"product_tag-custom-beach-flag-feather-flag","14":"product_tag-promotional-beach-flag","16":"first","17":"instock","18":"shipping-taxable","19":"product-type-simple","20":"entry","21":"content-bg","22":"loop-entry"},"_links":{"self":[{"href":"https:\/\/cmykprinted.com\/sk_sk\/wp-json\/wp\/v2\/product\/393","targetHints":{"allow":["GET"]}}],"collection":[{"href":"https:\/\/cmykprinted.com\/sk_sk\/wp-json\/wp\/v2\/product"}],"about":[{"href":"https:\/\/cmykprinted.com\/sk_sk\/wp-json\/wp\/v2\/types\/product"}],"version-history":[{"count":3,"href":"https:\/\/cmykprinted.com\/sk_sk\/wp-json\/wp\/v2\/product\/393\/revisions"}],"predecessor-version":[{"id":433,"href":"https:\/\/cmykprinted.com\/sk_sk\/wp-json\/wp\/v2\/product\/393\/revisions\/433"}],"wp:featuredmedia":[{"embeddable":true,"href":"https:\/\/cmykprinted.com\/sk_sk\/wp-json\/wp\/v2\/media\/394"}],"wp:attachment":[{"href":"https:\/\/cmykprinted.com\/sk_sk\/wp-json\/wp\/v2\/media?parent=393"}],"wp:term":[{"taxonomy":"product_cat","embeddable":true,"href":"https:\/\/cmykprinted.com\/sk_sk\/wp-json\/wp\/v2\/product_cat?post=393"},{"taxonomy":"product_tag","embeddable":true,"href":"https:\/\/cmykprinted.com\/sk_sk\/wp-json\/wp\/v2\/product_tag?post=393"}],"curies":[{"name":"wp","href":"https:\/\/api.w.org\/{rel}","templated":true}]}}