{"id":488,"date":"2022-12-17T05:59:50","date_gmt":"2022-12-17T05:59:50","guid":{"rendered":"https:\/\/cmykprinted.com\/?post_type=product&#038;p=488"},"modified":"2023-03-31T01:41:05","modified_gmt":"2023-03-31T01:41:05","slug":"wholesale-custom-printed-outdoor-polyester-stretch-tablecloth","status":"publish","type":"product","link":"https:\/\/cmykprinted.com\/sk_sk\/produkt\/wholesale-custom-printed-outdoor-polyester-stretch-tablecloth\/","title":{"rendered":"Ve\u013ekoobchodn\u00fd vonkaj\u0161\u00ed polyesterov\u00fd stre\u010dov\u00fd obrus s potla\u010dou na mieru"},"content":{"rendered":"","protected":false},"excerpt":{"rendered":"<p>Tento vysoko kvalitn\u00fd vonkaj\u0161\u00ed stan s baldach\u00fdnom je vhodn\u00fd na r\u00f4zne pou\u017eitia. Vodotesn\u00fd r\u00e1m v tvare \u0161es\u0165uholn\u00edka a nastavite\u013en\u00e1 v\u00fd\u0161ka ho robia v\u0161estrann\u00fdm, zatia\u013e \u010do mo\u017enosti celofarebnej celoplo\u0161nej potla\u010de v\u00e1m umo\u017e\u0148uj\u00fa prisp\u00f4sobi\u0165 vzh\u013ead stanu. Zahrnutie puzdra na kolieskach, zemn\u00fdch kol\u00edkov a lana u\u013eah\u010duj\u00fa postavenie a upevnenie stanu na r\u00f4znych miestach. Tento stan by bol vhodn\u00fd na pou\u017eitie na obchodn\u00fdch v\u00fdstav\u00e1ch, vonkaj\u0161\u00edch podujatiach a ako do\u010dasn\u00fd pr\u00edstre\u0161ok pre outdoorov\u00e9 aktivity, ako je kempovanie alebo pikniky.<\/p>\n<div style=\"width: 1290px;\" class=\"wp-video\"><!--[if lt IE 9]><script>document.createElement('video');<\/script><![endif]--><br \/>\n<video class=\"wp-video-shortcode\" id=\"video-488-1\" width=\"1290\" height=\"726\" loop autoplay preload=\"auto\" controls=\"controls\"><source type=\"video\/mp4\" src=\"http:\/\/cmykprinted.com\/wp-content\/uploads\/2022\/12\/Custom-Stretch-Tablecloth.mp4?_=1\" \/><a href=\"http:\/\/cmykprinted.com\/wp-content\/uploads\/2022\/12\/Custom-Stretch-Tablecloth.mp4\">http:\/\/cmykprinted.com\/wp-content\/uploads\/2022\/12\/Custom-Stretch-Tablecloth.mp4<\/a><\/video><\/div>","protected":false},"featured_media":489,"template":"","meta":{"_kad_post_transparent":"default","_kad_post_title":"hide","_kad_post_layout":"fullwidth","_kad_post_sidebar_id":"","_kad_post_content_style":"unboxed","_kad_post_vertical_padding":"hide","_kad_post_feature":"hide","_kad_post_feature_position":"","_kad_post_header":false,"_kad_post_footer":false},"product_cat":[80,81],"product_tag":[116,117,119,118,120],"class_list":{"0":"post-488","1":"product","2":"type-product","3":"status-publish","4":"has-post-thumbnail","6":"product_cat-custom-tablecloth","7":"product_cat-custom-stretch-tablecloth","8":"product_tag-custom-printed-tablecloth","9":"product_tag-custom-stretch-tablecloth","10":"product_tag-outdoor-stretch-tablecloth","11":"product_tag-polyester-stretch-tablecloth","12":"product_tag-wholesale-stretch-tablecloth","14":"first","15":"instock","16":"shipping-taxable","17":"product-type-simple","18":"entry","19":"content-bg","20":"loop-entry"},"_links":{"self":[{"href":"https:\/\/cmykprinted.com\/sk_sk\/wp-json\/wp\/v2\/product\/488","targetHints":{"allow":["GET"]}}],"collection":[{"href":"https:\/\/cmykprinted.com\/sk_sk\/wp-json\/wp\/v2\/product"}],"about":[{"href":"https:\/\/cmykprinted.com\/sk_sk\/wp-json\/wp\/v2\/types\/product"}],"version-history":[{"count":3,"href":"https:\/\/cmykprinted.com\/sk_sk\/wp-json\/wp\/v2\/product\/488\/revisions"}],"predecessor-version":[{"id":1800,"href":"https:\/\/cmykprinted.com\/sk_sk\/wp-json\/wp\/v2\/product\/488\/revisions\/1800"}],"wp:featuredmedia":[{"embeddable":true,"href":"https:\/\/cmykprinted.com\/sk_sk\/wp-json\/wp\/v2\/media\/489"}],"wp:attachment":[{"href":"https:\/\/cmykprinted.com\/sk_sk\/wp-json\/wp\/v2\/media?parent=488"}],"wp:term":[{"taxonomy":"product_cat","embeddable":true,"href":"https:\/\/cmykprinted.com\/sk_sk\/wp-json\/wp\/v2\/product_cat?post=488"},{"taxonomy":"product_tag","embeddable":true,"href":"https:\/\/cmykprinted.com\/sk_sk\/wp-json\/wp\/v2\/product_tag?post=488"}],"curies":[{"name":"wp","href":"https:\/\/api.w.org\/{rel}","templated":true}]}}