{"id":510,"date":"2022-12-17T13:15:19","date_gmt":"2022-12-17T13:15:19","guid":{"rendered":"https:\/\/cmykprinted.com\/?post_type=product&#038;p=510"},"modified":"2022-12-17T14:48:04","modified_gmt":"2022-12-17T14:48:04","slug":"outdoor-flexible-custom-printed-fence-mesh-banners-signs","status":"publish","type":"product","link":"https:\/\/cmykprinted.com\/sk_sk\/produkt\/outdoor-flexible-custom-printed-fence-mesh-banners-signs\/","title":{"rendered":"Vonkaj\u0161ie flexibiln\u00e9 sie\u0165ovan\u00e9 bannery s potla\u010dou na mieru"},"content":{"rendered":"","protected":false},"excerpt":{"rendered":"<p>Bannery z plotovej siete s\u00fa typom vonkaj\u0161ieho reklamn\u00e9ho materi\u00e1lu, ktor\u00fd je navrhnut\u00fd tak, aby odolal vetru a in\u00fdm nepriazniv\u00fdm poveternostn\u00fdm podmienkam. S\u00fa vyroben\u00e9 z materi\u00e1lu podobn\u00e9ho sie\u0165ovine, ktor\u00fd umo\u017e\u0148uje pr\u00fadenie vetra, tak\u017ee je menej pravdepodobn\u00e9, \u017ee sa vo vetre bud\u00fa chvie\u0165. V\u010faka tomu s\u00fa obzvl\u00e1\u0161\u0165 vhodn\u00e9 na pou\u017eitie pri zobrazovan\u00ed od st\u013apa k st\u013apu, pri opl\u00e1\u0161ten\u00ed budov a zna\u010dk\u00e1ch na le\u0161enie. Sie\u0165ov\u00e9 bannery s\u00fa zvy\u010dajne vytla\u010den\u00e9 na pr\u00e9miovom 440 GSM sie\u0165ovom vinyle a dod\u00e1vaj\u00fa sa olemovan\u00e9 a s o\u010dkami, ktor\u00e9 umo\u017e\u0148uj\u00fa ich \u013eahk\u00e9 zavesenie alebo pripevnenie ku kon\u0161trukcii. M\u00f4\u017eu by\u0165 n\u00e1kladovo efekt\u00edvnym sp\u00f4sobom propag\u00e1cie a propag\u00e1cie v\u00e1\u0161ho podnikania alebo podujatia a na\u0161a tov\u00e1re\u0148 m\u00f4\u017ee pon\u00faknu\u0165 hromadn\u00e9 z\u013eavy na ve\u013ek\u00e9 objedn\u00e1vky.<\/p>\n<div style=\"width: 1290px;\" class=\"wp-video\"><!--[if lt IE 9]><script>document.createElement('video');<\/script><![endif]--><br \/>\n<video class=\"wp-video-shortcode\" id=\"video-510-1\" width=\"1290\" height=\"726\" loop autoplay preload=\"auto\" controls=\"controls\"><source type=\"video\/mp4\" src=\"http:\/\/cmykprinted.com\/wp-content\/uploads\/2022\/12\/Fence-Mesh-Banners.mp4?_=1\" \/><a href=\"http:\/\/cmykprinted.com\/wp-content\/uploads\/2022\/12\/Fence-Mesh-Banners.mp4\">http:\/\/cmykprinted.com\/wp-content\/uploads\/2022\/12\/Fence-Mesh-Banners.mp4<\/a><\/video><\/div>\n<p>&nbsp;<\/p>","protected":false},"featured_media":512,"template":"","meta":{"_kad_post_transparent":"default","_kad_post_title":"hide","_kad_post_layout":"fullwidth","_kad_post_sidebar_id":"","_kad_post_content_style":"unboxed","_kad_post_vertical_padding":"hide","_kad_post_feature":"hide","_kad_post_feature_position":"","_kad_post_header":false,"_kad_post_footer":false},"product_cat":[85,87,86],"product_tag":[123,121,124,122],"class_list":{"0":"post-510","1":"product","2":"type-product","3":"status-publish","4":"has-post-thumbnail","6":"product_cat-outdoor-vinyl-banners","7":"product_cat-fabric-mesh-banners","8":"product_cat-fence-mesh-banners","9":"product_tag-custom-mesh-banners","10":"product_tag-fence-mesh-banners","11":"product_tag-flexible-mesh-banners","12":"product_tag-outdoor-mesh-banners","14":"first","15":"instock","16":"shipping-taxable","17":"product-type-simple","18":"entry","19":"content-bg","20":"loop-entry"},"_links":{"self":[{"href":"https:\/\/cmykprinted.com\/sk_sk\/wp-json\/wp\/v2\/product\/510","targetHints":{"allow":["GET"]}}],"collection":[{"href":"https:\/\/cmykprinted.com\/sk_sk\/wp-json\/wp\/v2\/product"}],"about":[{"href":"https:\/\/cmykprinted.com\/sk_sk\/wp-json\/wp\/v2\/types\/product"}],"version-history":[{"count":4,"href":"https:\/\/cmykprinted.com\/sk_sk\/wp-json\/wp\/v2\/product\/510\/revisions"}],"predecessor-version":[{"id":522,"href":"https:\/\/cmykprinted.com\/sk_sk\/wp-json\/wp\/v2\/product\/510\/revisions\/522"}],"wp:featuredmedia":[{"embeddable":true,"href":"https:\/\/cmykprinted.com\/sk_sk\/wp-json\/wp\/v2\/media\/512"}],"wp:attachment":[{"href":"https:\/\/cmykprinted.com\/sk_sk\/wp-json\/wp\/v2\/media?parent=510"}],"wp:term":[{"taxonomy":"product_cat","embeddable":true,"href":"https:\/\/cmykprinted.com\/sk_sk\/wp-json\/wp\/v2\/product_cat?post=510"},{"taxonomy":"product_tag","embeddable":true,"href":"https:\/\/cmykprinted.com\/sk_sk\/wp-json\/wp\/v2\/product_tag?post=510"}],"curies":[{"name":"wp","href":"https:\/\/api.w.org\/{rel}","templated":true}]}}