{"id":536,"date":"2022-12-18T04:41:34","date_gmt":"2022-12-18T04:41:34","guid":{"rendered":"https:\/\/cmykprinted.com\/?post_type=product&#038;p=536"},"modified":"2022-12-18T05:05:21","modified_gmt":"2022-12-18T05:05:21","slug":"outdoor-circle-pop-up-banner-stand-with-full-color-printing","status":"publish","type":"product","link":"https:\/\/cmykprinted.com\/sk_sk\/produkt\/outdoor-circle-pop-up-banner-stand-with-full-color-printing\/","title":{"rendered":"Vonkaj\u0161\u00ed kruhov\u00fd vyskakovac\u00ed stojan na bannery s plnofarebnou potla\u010dou"},"content":{"rendered":"","protected":false},"excerpt":{"rendered":"<p>Kruhov\u00fd kontextov\u00fd banner, ktor\u00fd ste op\u00edsali, znie ako u\u017eito\u010dn\u00fd marketingov\u00fd a reklamn\u00fd n\u00e1stroj, ktor\u00fd mo\u017eno pou\u017ei\u0165 na prezent\u00e1ciu loga alebo zna\u010dky spolo\u010dnosti na podujatiach, ve\u013etrhoch a in\u00fdch propaga\u010dn\u00fdch aktivit\u00e1ch. V\u010faka svojmu jedine\u010dn\u00e9mu tvaru a r\u00fdchlemu nastaveniu je vhodn\u00fd na pou\u017eitie v r\u00f4znych nastaveniach a dostupnos\u0165 r\u00f4znych ve\u013ekost\u00ed umo\u017e\u0148uje flexibilitu, pokia\u013e ide o mno\u017estvo priestoru dostupn\u00e9ho na vystavenie. Odoln\u00fd, patentovan\u00fd r\u00e1m a \u013eahk\u00fd dizajn bannera u\u013eah\u010duj\u00fa jeho prepravu a skladovanie a prenosn\u00e1 ta\u0161ka pom\u00e1ha chr\u00e1ni\u0165 ho po\u010das prepravy. Plnofarebn\u00e1 tla\u010d umo\u017e\u0148uje prisp\u00f4sobenie a mo\u017enos\u0165 vytv\u00e1ra\u0165 vizu\u00e1lne pr\u00ed\u0165a\u017eliv\u00e9 displeje, ktor\u00e9 efekt\u00edvne prezentuj\u00fa zna\u010dku spolo\u010dnosti.<\/p>\n<div style=\"width: 1290px;\" class=\"wp-video\"><!--[if lt IE 9]><script>document.createElement('video');<\/script><![endif]--><br \/>\n<video class=\"wp-video-shortcode\" id=\"video-536-1\" width=\"1290\" height=\"726\" loop autoplay preload=\"auto\" controls=\"controls\"><source type=\"video\/mp4\" src=\"http:\/\/cmykprinted.com\/wp-content\/uploads\/2022\/12\/Circle-Pop-Up-Banners.mp4?_=1\" \/><a href=\"http:\/\/cmykprinted.com\/wp-content\/uploads\/2022\/12\/Circle-Pop-Up-Banners.mp4\">http:\/\/cmykprinted.com\/wp-content\/uploads\/2022\/12\/Circle-Pop-Up-Banners.mp4<\/a><\/video><\/div>\n<p>&nbsp;<\/p>","protected":false},"featured_media":537,"template":"","meta":{"_kad_post_transparent":"default","_kad_post_title":"hide","_kad_post_layout":"fullwidth","_kad_post_sidebar_id":"","_kad_post_content_style":"unboxed","_kad_post_vertical_padding":"hide","_kad_post_feature":"hide","_kad_post_feature_position":"","_kad_post_header":false,"_kad_post_footer":false},"product_cat":[92,93],"product_tag":[125,127,126,128],"class_list":{"0":"post-536","1":"product","2":"type-product","3":"status-publish","4":"has-post-thumbnail","6":"product_cat-pop-up-banners","7":"product_cat-circle-pop-up-banners","8":"product_tag-circle-pop-up-banner","9":"product_tag-circle-pop-up-banner-stand","10":"product_tag-outdoor-pop-up-banner","11":"product_tag-pop-up-banner","13":"first","14":"instock","15":"shipping-taxable","16":"product-type-simple","17":"entry","18":"content-bg","19":"loop-entry"},"_links":{"self":[{"href":"https:\/\/cmykprinted.com\/sk_sk\/wp-json\/wp\/v2\/product\/536","targetHints":{"allow":["GET"]}}],"collection":[{"href":"https:\/\/cmykprinted.com\/sk_sk\/wp-json\/wp\/v2\/product"}],"about":[{"href":"https:\/\/cmykprinted.com\/sk_sk\/wp-json\/wp\/v2\/types\/product"}],"version-history":[{"count":3,"href":"https:\/\/cmykprinted.com\/sk_sk\/wp-json\/wp\/v2\/product\/536\/revisions"}],"predecessor-version":[{"id":548,"href":"https:\/\/cmykprinted.com\/sk_sk\/wp-json\/wp\/v2\/product\/536\/revisions\/548"}],"wp:featuredmedia":[{"embeddable":true,"href":"https:\/\/cmykprinted.com\/sk_sk\/wp-json\/wp\/v2\/media\/537"}],"wp:attachment":[{"href":"https:\/\/cmykprinted.com\/sk_sk\/wp-json\/wp\/v2\/media?parent=536"}],"wp:term":[{"taxonomy":"product_cat","embeddable":true,"href":"https:\/\/cmykprinted.com\/sk_sk\/wp-json\/wp\/v2\/product_cat?post=536"},{"taxonomy":"product_tag","embeddable":true,"href":"https:\/\/cmykprinted.com\/sk_sk\/wp-json\/wp\/v2\/product_tag?post=536"}],"curies":[{"name":"wp","href":"https:\/\/api.w.org\/{rel}","templated":true}]}}