{"id":549,"date":"2022-12-18T09:53:56","date_gmt":"2022-12-18T09:53:56","guid":{"rendered":"https:\/\/cmykprinted.com\/?post_type=product&#038;p=549"},"modified":"2022-12-18T10:09:57","modified_gmt":"2022-12-18T10:09:57","slug":"custom-shop-front-flag-double-sided-wall-flag-banner-sign","status":"publish","type":"product","link":"https:\/\/cmykprinted.com\/sk_sk\/produkt\/custom-shop-front-flag-double-sided-wall-flag-banner-sign\/","title":{"rendered":"Custom Shop Predn\u00e1 vlajka Obojstrann\u00e1 n\u00e1stenn\u00e1 vlajka Banner Sign"},"content":{"rendered":"","protected":false},"excerpt":{"rendered":"<p>Vlajky pred obchodom s\u00fa ob\u013e\u00faben\u00fdm sp\u00f4sobom, ako m\u00f4\u017eu firmy propagova\u0165 svoje produkty alebo slu\u017eby okoloid\u00facim. Zvy\u010dajne s\u00fa namontovan\u00e9 na vonkaj\u0161ej strane obchodu alebo obchodu a s\u00fa navrhnut\u00e9 tak, aby up\u00fatali pozornos\u0165 a pritiahli pozornos\u0165. Dva hlavn\u00e9 typy vlajok na prednej strane obchodu s\u00fa \u0161t\u00fdly so \u0161picat\u00fdm a rovn\u00fdm okrajom. Vlajky so \u0161picat\u00fdm okrajom maj\u00fa trojuholn\u00edkov\u00fd tvar a zvy\u010dajne sa montuj\u00fa na ty\u010d, zatia\u013e \u010do vlajky s rovn\u00fdm okrajom s\u00fa pravouhl\u00e9 a mo\u017eno ich namontova\u0165 na stenu alebo zavesi\u0165 na strop. Oba typy vlajok m\u00f4\u017eu by\u0165 vytla\u010den\u00e9 jednostrann\u00fdm alebo obojstrann\u00fdm umeleck\u00fdm dielom v z\u00e1vislosti od potrieb podniku.<br \/>\nVlajky pred obchodom s\u00fa zvy\u010dajne vyroben\u00e9 z hlin\u00edka alebo l\u00e1tky a mo\u017eno ich tla\u010di\u0165 r\u00f4znymi met\u00f3dami vr\u00e1tane UV digit\u00e1lnej tla\u010de alebo sublim\u00e1cie farbiva. UV digit\u00e1lna tla\u010d je proces, ktor\u00fd vyu\u017e\u00edva UV svetlo na vytvrdenie atramentu, v\u00fdsledkom \u010doho je dlh\u0161ia trv\u00e1cnos\u0165 farieb a lep\u0161ia odolnos\u0165 vo\u010di vyblednutiu a po\u0161kodeniu vodou. Sublim\u00e1cia farbiva je proces, ktor\u00fd vyu\u017e\u00edva teplo na prenos atramentu zo \u0161peci\u00e1lneho papiera na tkaninu, v\u00fdsledkom \u010doho je \u017eiariv\u00fd a ostr\u00fd povrch.<\/p>\n<p>&nbsp;<\/p>","protected":false},"featured_media":550,"template":"","meta":{"_kad_post_transparent":"default","_kad_post_title":"hide","_kad_post_layout":"fullwidth","_kad_post_sidebar_id":"","_kad_post_content_style":"unboxed","_kad_post_vertical_padding":"hide","_kad_post_feature":"hide","_kad_post_feature_position":"","_kad_post_header":false,"_kad_post_footer":false},"product_cat":[79],"product_tag":[131,133,132,129,130],"class_list":{"0":"post-549","1":"product","2":"type-product","3":"status-publish","4":"has-post-thumbnail","6":"product_cat-custom-flags","7":"product_tag-custom-flag","8":"product_tag-custom-wall-sign","9":"product_tag-double-sided-wall-flag","10":"product_tag-shop-front-flag","11":"product_tag-wall-flag","13":"first","14":"instock","15":"shipping-taxable","16":"product-type-simple","17":"entry","18":"content-bg","19":"loop-entry"},"_links":{"self":[{"href":"https:\/\/cmykprinted.com\/sk_sk\/wp-json\/wp\/v2\/product\/549","targetHints":{"allow":["GET"]}}],"collection":[{"href":"https:\/\/cmykprinted.com\/sk_sk\/wp-json\/wp\/v2\/product"}],"about":[{"href":"https:\/\/cmykprinted.com\/sk_sk\/wp-json\/wp\/v2\/types\/product"}],"version-history":[{"count":2,"href":"https:\/\/cmykprinted.com\/sk_sk\/wp-json\/wp\/v2\/product\/549\/revisions"}],"predecessor-version":[{"id":556,"href":"https:\/\/cmykprinted.com\/sk_sk\/wp-json\/wp\/v2\/product\/549\/revisions\/556"}],"wp:featuredmedia":[{"embeddable":true,"href":"https:\/\/cmykprinted.com\/sk_sk\/wp-json\/wp\/v2\/media\/550"}],"wp:attachment":[{"href":"https:\/\/cmykprinted.com\/sk_sk\/wp-json\/wp\/v2\/media?parent=549"}],"wp:term":[{"taxonomy":"product_cat","embeddable":true,"href":"https:\/\/cmykprinted.com\/sk_sk\/wp-json\/wp\/v2\/product_cat?post=549"},{"taxonomy":"product_tag","embeddable":true,"href":"https:\/\/cmykprinted.com\/sk_sk\/wp-json\/wp\/v2\/product_tag?post=549"}],"curies":[{"name":"wp","href":"https:\/\/api.w.org\/{rel}","templated":true}]}}