{"id":590,"date":"2022-12-19T03:28:56","date_gmt":"2022-12-19T03:28:56","guid":{"rendered":"https:\/\/cmykprinted.com\/?post_type=product&#038;p=590"},"modified":"2022-12-19T05:12:32","modified_gmt":"2022-12-19T05:12:32","slug":"high-quality-custom-uv-transfer-stickers-in-various-colors","status":"publish","type":"product","link":"https:\/\/cmykprinted.com\/sk_sk\/produkt\/high-quality-custom-uv-transfer-stickers-in-various-colors\/","title":{"rendered":"Vysoko kvalitn\u00e9 vlastn\u00e9 UV prenosov\u00e9 n\u00e1lepky v r\u00f4znych farb\u00e1ch"},"content":{"rendered":"","protected":false},"excerpt":{"rendered":"<p>Na\u0161e vlastn\u00e9 UV n\u00e1lepky na prenos s\u00fa vynikaj\u00facim a n\u00e1kladovo efekt\u00edvnym sp\u00f4sobom, ako propagova\u0165 va\u0161u firmu alebo doda\u0165 v\u00e1\u0161mu vozidlu osobn\u00fd n\u00e1dych. S viac ako 50 \u0161peci\u00e1lnymi materi\u00e1lmi a farbami, z ktor\u00fdch si m\u00f4\u017eete vybra\u0165, vr\u00e1tane reflexn\u00fdch, trblietav\u00fdch a holografick\u00fdch mo\u017enost\u00ed, si m\u00f4\u017eete vytvori\u0165 dokonal\u00fa prenosov\u00fa n\u00e1lepku pod\u013ea svojich potrieb. \u010ci u\u017e chcete pou\u017ei\u0165 svoje firemn\u00e9 vozidl\u00e1 na reklamu svojej firmy, zna\u010dky alebo skupiny, alebo len chcete svojmu autu doda\u0165 osobitos\u0165, na\u0161e vlastn\u00e9 n\u00e1lepky s\u00fa vynikaj\u00facou vo\u013ebou. N\u00e1\u0161 \u013eahko pou\u017eite\u013en\u00fd n\u00e1stroj na n\u00e1vrh navy\u0161e u\u013eah\u010duje vytv\u00e1ranie impozantn\u00fdch vlastn\u00fdch n\u00e1lepiek na cest\u00e1ch, v\u010faka ktor\u00fdm si v\u00e1s v\u0161imnete, nech ste kdeko\u013evek. Tak na\u010do \u010daka\u0165? Za\u010dnite navrhova\u0165 svoje vlastn\u00e9 UV prenosov\u00e9 n\u00e1lepky e\u0161te dnes a posu\u0148te svoje marketingov\u00e9 \u00fasilie na vy\u0161\u0161iu \u00farove\u0148!<\/p>\n<div style=\"width: 1290px;\" class=\"wp-video\"><!--[if lt IE 9]><script>document.createElement('video');<\/script><![endif]--><br \/>\n<video class=\"wp-video-shortcode\" id=\"video-590-1\" width=\"1290\" height=\"726\" loop autoplay preload=\"auto\" controls=\"controls\"><source type=\"video\/mp4\" src=\"http:\/\/cmykprinted.com\/wp-content\/uploads\/2022\/12\/UV-Transfer-Stickers.mp4?_=1\" \/><a href=\"http:\/\/cmykprinted.com\/wp-content\/uploads\/2022\/12\/UV-Transfer-Stickers.mp4\">http:\/\/cmykprinted.com\/wp-content\/uploads\/2022\/12\/UV-Transfer-Stickers.mp4<\/a><\/video><\/div>\n<p>&nbsp;<\/p>","protected":false},"featured_media":591,"template":"","meta":{"_kad_post_transparent":"default","_kad_post_title":"hide","_kad_post_layout":"fullwidth","_kad_post_sidebar_id":"","_kad_post_content_style":"unboxed","_kad_post_vertical_padding":"hide","_kad_post_feature":"hide","_kad_post_feature_position":"","_kad_post_header":false,"_kad_post_footer":false},"product_cat":[101,103],"product_tag":[139,141,140,138],"class_list":{"0":"post-590","1":"product","2":"type-product","3":"status-publish","4":"has-post-thumbnail","6":"product_cat-transfer-stickers","7":"product_cat-uv-transfer-stickers","8":"product_tag-custom-uv-sticker","9":"product_tag-custom-uv-transfer-stickers","10":"product_tag-high-quality-transfer-stickers","11":"product_tag-uv-transfer-stickers","13":"first","14":"instock","15":"shipping-taxable","16":"product-type-simple","17":"entry","18":"content-bg","19":"loop-entry"},"_links":{"self":[{"href":"https:\/\/cmykprinted.com\/sk_sk\/wp-json\/wp\/v2\/product\/590","targetHints":{"allow":["GET"]}}],"collection":[{"href":"https:\/\/cmykprinted.com\/sk_sk\/wp-json\/wp\/v2\/product"}],"about":[{"href":"https:\/\/cmykprinted.com\/sk_sk\/wp-json\/wp\/v2\/types\/product"}],"version-history":[{"count":3,"href":"https:\/\/cmykprinted.com\/sk_sk\/wp-json\/wp\/v2\/product\/590\/revisions"}],"predecessor-version":[{"id":598,"href":"https:\/\/cmykprinted.com\/sk_sk\/wp-json\/wp\/v2\/product\/590\/revisions\/598"}],"wp:featuredmedia":[{"embeddable":true,"href":"https:\/\/cmykprinted.com\/sk_sk\/wp-json\/wp\/v2\/media\/591"}],"wp:attachment":[{"href":"https:\/\/cmykprinted.com\/sk_sk\/wp-json\/wp\/v2\/media?parent=590"}],"wp:term":[{"taxonomy":"product_cat","embeddable":true,"href":"https:\/\/cmykprinted.com\/sk_sk\/wp-json\/wp\/v2\/product_cat?post=590"},{"taxonomy":"product_tag","embeddable":true,"href":"https:\/\/cmykprinted.com\/sk_sk\/wp-json\/wp\/v2\/product_tag?post=590"}],"curies":[{"name":"wp","href":"https:\/\/api.w.org\/{rel}","templated":true}]}}