{"id":599,"date":"2022-12-21T12:16:59","date_gmt":"2022-12-21T12:16:59","guid":{"rendered":"https:\/\/cmykprinted.com\/?post_type=product&#038;p=599"},"modified":"2022-12-21T13:11:04","modified_gmt":"2022-12-21T13:11:04","slug":"outdoor-promotional-custom-rectangular-beach-flags-banners","status":"publish","type":"product","link":"https:\/\/cmykprinted.com\/sk_sk\/produkt\/outdoor-promotional-custom-rectangular-beach-flags-banners\/","title":{"rendered":"Vonkaj\u0161ie propaga\u010dn\u00e9 vlastn\u00e9 obd\u013a\u017enikov\u00e9 pl\u00e1\u017eov\u00e9 vlajky bannery"},"content":{"rendered":"","protected":false},"excerpt":{"rendered":"<p>Na rozdiel od in\u00fdch produktov na tla\u010d vlajky, obd\u013a\u017enikov\u00e1 pl\u00e1\u017eov\u00e1 vlajka zost\u00e1va rovn\u00e1 a napnut\u00e1 a neot\u00e1\u010da sa s vetrom, a to ani v t\u00fdch najn\u00e1ro\u010dnej\u0161\u00edch podmienkach. Je to v\u010faka svojmu jedine\u010dn\u00e9mu dizajnu a kon\u0161trukcii, ktor\u00e1 vyu\u017e\u00edva \u013eahk\u00e9, odoln\u00e9 materi\u00e1ly a pevn\u00fa z\u00e1klad\u0148u, aby vlajka zostala vzpriamen\u00e1 a stabiln\u00e1. T\u00e1to pl\u00e1\u017eov\u00e1 vlajka, zn\u00e1ma aj ako lietaj\u00faci banner, je ide\u00e1lna na pou\u017eitie v situ\u00e1ci\u00e1ch, ke\u010f je d\u00f4le\u017eit\u00e9 ma\u0165 na reklamnom materi\u00e1li jasne \u010ditate\u013en\u00fd text. Tieto tla\u010den\u00e9 vlajky s\u00fa ob\u013e\u00fabenou formou reklamy na ve\u013etrhy, podujatia a in\u00e9 vonkaj\u0161ie stretnutia a s\u00fa vhodn\u00e9 na pou\u017eitie v interi\u00e9ri aj exteri\u00e9ri. Obojstrann\u00e1 mo\u017enos\u0165, pri ktorej je vlajka vytla\u010den\u00e1 na oboch stran\u00e1ch, je k dispoz\u00edcii pre maxim\u00e1lny dopad a vidite\u013enos\u0165 a je u\u017eito\u010dn\u00e1 najm\u00e4 v situ\u00e1ci\u00e1ch, ke\u010f sa na vlajku budete pozera\u0165 z viacer\u00fdch uhlov. \u010eal\u0161ie inform\u00e1cie o r\u00f4znych ve\u013ekostiach a z\u00e1kladniach dostupn\u00fdch pre tieto vlajky n\u00e1jdete na karte \u0161pecifik\u00e1cie.<\/p>\n<div style=\"width: 1290px;\" class=\"wp-video\"><!--[if lt IE 9]><script>document.createElement('video');<\/script><![endif]--><br \/>\n<video class=\"wp-video-shortcode\" id=\"video-599-1\" width=\"1290\" height=\"726\" loop autoplay preload=\"auto\" controls=\"controls\"><source type=\"video\/mp4\" src=\"http:\/\/cmykprinted.com\/wp-content\/uploads\/2022\/12\/Rectangular-Beach-Flags.mp4?_=1\" \/><a href=\"http:\/\/cmykprinted.com\/wp-content\/uploads\/2022\/12\/Rectangular-Beach-Flags.mp4\">http:\/\/cmykprinted.com\/wp-content\/uploads\/2022\/12\/Rectangular-Beach-Flags.mp4<\/a><\/video><\/div>","protected":false},"featured_media":600,"template":"","meta":{"_kad_post_transparent":"default","_kad_post_title":"hide","_kad_post_layout":"fullwidth","_kad_post_sidebar_id":"","_kad_post_content_style":"unboxed","_kad_post_vertical_padding":"hide","_kad_post_feature":"hide","_kad_post_feature_position":"","_kad_post_header":false,"_kad_post_footer":false},"product_cat":[64,66],"product_tag":[144,142,146,143,145],"class_list":{"0":"post-599","1":"product","2":"type-product","3":"status-publish","4":"has-post-thumbnail","6":"product_cat-beach-flags","7":"product_cat-rectangular-flags-banners","8":"product_tag-custom-beach-flags","9":"product_tag-outdoor-beach-flags","10":"product_tag-outdoor-promotional-beach-banners","11":"product_tag-promotional-beach-flags","12":"product_tag-rectangular-beach-flags","14":"first","15":"instock","16":"shipping-taxable","17":"product-type-simple","18":"entry","19":"content-bg","20":"loop-entry"},"_links":{"self":[{"href":"https:\/\/cmykprinted.com\/sk_sk\/wp-json\/wp\/v2\/product\/599","targetHints":{"allow":["GET"]}}],"collection":[{"href":"https:\/\/cmykprinted.com\/sk_sk\/wp-json\/wp\/v2\/product"}],"about":[{"href":"https:\/\/cmykprinted.com\/sk_sk\/wp-json\/wp\/v2\/types\/product"}],"version-history":[{"count":5,"href":"https:\/\/cmykprinted.com\/sk_sk\/wp-json\/wp\/v2\/product\/599\/revisions"}],"predecessor-version":[{"id":611,"href":"https:\/\/cmykprinted.com\/sk_sk\/wp-json\/wp\/v2\/product\/599\/revisions\/611"}],"wp:featuredmedia":[{"embeddable":true,"href":"https:\/\/cmykprinted.com\/sk_sk\/wp-json\/wp\/v2\/media\/600"}],"wp:attachment":[{"href":"https:\/\/cmykprinted.com\/sk_sk\/wp-json\/wp\/v2\/media?parent=599"}],"wp:term":[{"taxonomy":"product_cat","embeddable":true,"href":"https:\/\/cmykprinted.com\/sk_sk\/wp-json\/wp\/v2\/product_cat?post=599"},{"taxonomy":"product_tag","embeddable":true,"href":"https:\/\/cmykprinted.com\/sk_sk\/wp-json\/wp\/v2\/product_tag?post=599"}],"curies":[{"name":"wp","href":"https:\/\/api.w.org\/{rel}","templated":true}]}}