{"id":612,"date":"2022-12-21T13:15:52","date_gmt":"2022-12-21T13:15:52","guid":{"rendered":"https:\/\/cmykprinted.com\/?post_type=product&#038;p=612"},"modified":"2022-12-21T14:08:22","modified_gmt":"2022-12-21T14:08:22","slug":"outdoor-folding-50mm-heavy-duty-hexagonal-aluminum-tents","status":"publish","type":"product","link":"https:\/\/cmykprinted.com\/sk_sk\/produkt\/outdoor-folding-50mm-heavy-duty-hexagonal-aluminum-tents\/","title":{"rendered":"Vonkaj\u0161ie skladacie 50 mm \u0165a\u017ek\u00e9 \u0161es\u0165uholn\u00edkov\u00e9 hlin\u00edkov\u00e9 stany"},"content":{"rendered":"","protected":false},"excerpt":{"rendered":"<p>Na\u0161e 50 mm \u0165a\u017ek\u00e9 \u0161es\u0165hrann\u00e9 hlin\u00edkov\u00e9 stany s\u00fa dokonal\u00fdm rie\u0161en\u00edm pre ak\u00fdko\u013evek typ vonkaj\u0161\u00edch podujat\u00ed, vr\u00e1tane bl\u0161\u00edch trhov, remeseln\u00fdch vyst\u00fapen\u00ed, \u0161portov\u00fdch podujat\u00ed a umeleck\u00fdch festivalov. S\u00fa vhodn\u00e9 aj na vn\u00fatorn\u00e9 pou\u017eitie, v\u010faka \u010domu s\u00fa neuverite\u013ene v\u0161estrann\u00e9 a pohodln\u00e9. Vrchy strie\u0161ky s\u00fa vyroben\u00e9 z odoln\u00e9ho polyesteru, ktor\u00fd je odoln\u00fd vo\u010di vode a je potla\u010den\u00fd atramentmi s ochranou proti UV \u017eiareniu, \u010do zais\u0165uje, \u017ee s\u00fa vyroben\u00e9 tak, aby vydr\u017eali a odolali pr\u00edrodn\u00fdm \u017eivlom. Okrem odolnosti a funk\u010dnosti s\u00fa na\u0161e stany tie\u017e vysoko prenosn\u00e9, \u010do z nich rob\u00ed ide\u00e1lnu vo\u013ebu pre jednotlivcov a organiz\u00e1cie, ktor\u00e9 potrebuj\u00fa spo\u013eahliv\u00e9 a \u013eahko pou\u017eite\u013en\u00e9 rie\u0161enie pr\u00edstre\u0161ku, ktor\u00e9 m\u00f4\u017ee cestova\u0165 takmer kamko\u013evek. \u010ci u\u017e potrebujete do\u010dasn\u00fd baldach\u00fdn na jednorazov\u00fa akciu alebo rie\u0161enie dlhodob\u00e9ho pr\u00edstre\u0161ku pre va\u0161u firmu alebo organiz\u00e1ciu, na\u0161e 50 mm \u0165a\u017ek\u00e9 \u0161es\u0165hrann\u00e9 hlin\u00edkov\u00e9 stany pon\u00fakaj\u00fa dokonal\u00fa kombin\u00e1ciu pevnosti, odolnosti a pohodlia.<\/p>\n<div style=\"width: 1290px;\" class=\"wp-video\"><!--[if lt IE 9]><script>document.createElement('video');<\/script><![endif]--><br \/>\n<video class=\"wp-video-shortcode\" id=\"video-612-1\" width=\"1290\" height=\"726\" loop autoplay preload=\"auto\" controls=\"controls\"><source type=\"video\/mp4\" src=\"http:\/\/cmykprinted.com\/wp-content\/uploads\/2022\/12\/50mm-Heavy-Duty-Hexagon-Aluminum-Tents.mp4?_=1\" \/><a href=\"http:\/\/cmykprinted.com\/wp-content\/uploads\/2022\/12\/50mm-Heavy-Duty-Hexagon-Aluminum-Tents.mp4\">http:\/\/cmykprinted.com\/wp-content\/uploads\/2022\/12\/50mm-Heavy-Duty-Hexagon-Aluminum-Tents.mp4<\/a><\/video><\/div>","protected":false},"featured_media":613,"template":"","meta":{"_kad_post_transparent":"default","_kad_post_title":"hide","_kad_post_layout":"fullwidth","_kad_post_sidebar_id":"","_kad_post_content_style":"unboxed","_kad_post_vertical_padding":"hide","_kad_post_feature":"hide","_kad_post_feature_position":"","_kad_post_header":false,"_kad_post_footer":false},"product_cat":[68,75,74],"product_tag":[147,151,149,148,150],"class_list":{"0":"post-612","1":"product","2":"type-product","3":"status-publish","4":"has-post-thumbnail","6":"product_cat-custom-canopy-tents","7":"product_cat-10x10-custom-branded-canopy-tents","8":"product_cat-50mm-heavy-duty-hexagon-aluminum-tents","9":"product_tag-50mm-heavy-duty-hexagonal-aluminum-tents","10":"product_tag-folding-aluminum-tents","11":"product_tag-heavy-duty-aluminum-tents","12":"product_tag-hexagonal-aluminum-tents","13":"product_tag-outdoor-aluminum-tents","15":"first","16":"instock","17":"shipping-taxable","18":"product-type-simple","19":"entry","20":"content-bg","21":"loop-entry"},"_links":{"self":[{"href":"https:\/\/cmykprinted.com\/sk_sk\/wp-json\/wp\/v2\/product\/612","targetHints":{"allow":["GET"]}}],"collection":[{"href":"https:\/\/cmykprinted.com\/sk_sk\/wp-json\/wp\/v2\/product"}],"about":[{"href":"https:\/\/cmykprinted.com\/sk_sk\/wp-json\/wp\/v2\/types\/product"}],"version-history":[{"count":3,"href":"https:\/\/cmykprinted.com\/sk_sk\/wp-json\/wp\/v2\/product\/612\/revisions"}],"predecessor-version":[{"id":623,"href":"https:\/\/cmykprinted.com\/sk_sk\/wp-json\/wp\/v2\/product\/612\/revisions\/623"}],"wp:featuredmedia":[{"embeddable":true,"href":"https:\/\/cmykprinted.com\/sk_sk\/wp-json\/wp\/v2\/media\/613"}],"wp:attachment":[{"href":"https:\/\/cmykprinted.com\/sk_sk\/wp-json\/wp\/v2\/media?parent=612"}],"wp:term":[{"taxonomy":"product_cat","embeddable":true,"href":"https:\/\/cmykprinted.com\/sk_sk\/wp-json\/wp\/v2\/product_cat?post=612"},{"taxonomy":"product_tag","embeddable":true,"href":"https:\/\/cmykprinted.com\/sk_sk\/wp-json\/wp\/v2\/product_tag?post=612"}],"curies":[{"name":"wp","href":"https:\/\/api.w.org\/{rel}","templated":true}]}}