{"id":624,"date":"2022-12-22T03:01:03","date_gmt":"2022-12-22T03:01:03","guid":{"rendered":"https:\/\/cmykprinted.com\/?post_type=product&#038;p=624"},"modified":"2022-12-22T03:51:54","modified_gmt":"2022-12-22T03:51:54","slug":"custom-printed-hand-flags-handheld-stick-flag-at-cheap-price","status":"publish","type":"product","link":"https:\/\/cmykprinted.com\/sk_sk\/produkt\/custom-printed-hand-flags-handheld-stick-flag-at-cheap-price\/","title":{"rendered":"Vlastn\u00e9 vytla\u010den\u00e9 ru\u010dn\u00e9 vlajky Ru\u010dn\u00e1 vlajka na palici za n\u00edzku cenu"},"content":{"rendered":"","protected":false},"excerpt":{"rendered":"<p>Vlastn\u00e9 tla\u010den\u00e9 vlajky na ruky s\u00fa vynikaj\u00facim sp\u00f4sobom, ako vyjadri\u0165 svoje posolstvo na akomko\u013evek podujat\u00ed alebo propag\u00e1cii. S\u00fa cenovo dostupn\u00e9, no napriek tomu up\u00fataj\u00fa pozornos\u0165. \u010ci u\u017e ste na ve\u013etrhu, \u0161portovom z\u00e1pase, prehliadke, konferencii alebo na akomko\u013evek inom type udalosti, vlastn\u00e9 tla\u010den\u00e9 vlajky s\u00fa skvel\u00fdm sp\u00f4sobom, ako uk\u00e1za\u0165 svoju zna\u010dku alebo posolstvo. S\u00fa vyroben\u00e9 z odolnej polyesterovej tkaniny a s\u00fa potla\u010den\u00e9 pomocou sublima\u010dnej tla\u010de, ktor\u00e1 zais\u0165uje, \u017ee farby s\u00fa v\u00fdrazn\u00e9 a \u017eiv\u00e9. Vlajky s\u00fa vytla\u010den\u00e9 jednou rubovou stranou, \u010do znamen\u00e1, \u017ee obr\u00e1zok je vidite\u013en\u00fd na jednej strane a rub je zrkadlov\u00fd. S\u00fa zakon\u010den\u00e9 bu\u010f plastovou alebo drevenou hmo\u017edinkou a na palicu sa pripev\u0148uj\u00fa pomocou obj\u00edmky vlajky. Vlastn\u00e9 tla\u010den\u00e9 vlajky nie s\u00fa len skvel\u00fdm sp\u00f4sobom, ako propagova\u0165 va\u0161u zna\u010dku alebo posolstvo, ale s\u00fa aj z\u00e1bavn\u00fdm a interakt\u00edvnym sp\u00f4sobom, ako zauja\u0165 publikum. Tak na\u010do \u010daka\u0165? Z\u00edskajte svoje vlastn\u00e9 tla\u010den\u00e9 vlajky e\u0161te dnes a sledujte, ako va\u0161a spr\u00e1va let\u00ed!<\/p>\n<div style=\"width: 1290px;\" class=\"wp-video\"><!--[if lt IE 9]><script>document.createElement('video');<\/script><![endif]--><br \/>\n<video class=\"wp-video-shortcode\" id=\"video-624-1\" width=\"1290\" height=\"726\" loop autoplay preload=\"auto\" controls=\"controls\"><source type=\"video\/mp4\" src=\"http:\/\/cmykprinted.com\/wp-content\/uploads\/2022\/12\/Custom-Printed-Hand-Flags.mp4?_=1\" \/><a href=\"http:\/\/cmykprinted.com\/wp-content\/uploads\/2022\/12\/Custom-Printed-Hand-Flags.mp4\">http:\/\/cmykprinted.com\/wp-content\/uploads\/2022\/12\/Custom-Printed-Hand-Flags.mp4<\/a><\/video><\/div>\n<p>&nbsp;<\/p>","protected":false},"featured_media":625,"template":"","meta":{"_kad_post_transparent":"default","_kad_post_title":"hide","_kad_post_layout":"fullwidth","_kad_post_sidebar_id":"","_kad_post_content_style":"unboxed","_kad_post_vertical_padding":"hide","_kad_post_feature":"hide","_kad_post_feature_position":"","_kad_post_header":false,"_kad_post_footer":false},"product_cat":[79],"product_tag":[153,155,152,154],"class_list":{"0":"post-624","1":"product","2":"type-product","3":"status-publish","4":"has-post-thumbnail","6":"product_cat-custom-flags","7":"product_tag-custom-hand-flags","8":"product_tag-custom-handheld-flag","9":"product_tag-custom-printed-hand-flags","10":"product_tag-handheld-stick-flag","12":"first","13":"instock","14":"shipping-taxable","15":"product-type-simple","16":"entry","17":"content-bg","18":"loop-entry"},"_links":{"self":[{"href":"https:\/\/cmykprinted.com\/sk_sk\/wp-json\/wp\/v2\/product\/624","targetHints":{"allow":["GET"]}}],"collection":[{"href":"https:\/\/cmykprinted.com\/sk_sk\/wp-json\/wp\/v2\/product"}],"about":[{"href":"https:\/\/cmykprinted.com\/sk_sk\/wp-json\/wp\/v2\/types\/product"}],"version-history":[{"count":4,"href":"https:\/\/cmykprinted.com\/sk_sk\/wp-json\/wp\/v2\/product\/624\/revisions"}],"predecessor-version":[{"id":635,"href":"https:\/\/cmykprinted.com\/sk_sk\/wp-json\/wp\/v2\/product\/624\/revisions\/635"}],"wp:featuredmedia":[{"embeddable":true,"href":"https:\/\/cmykprinted.com\/sk_sk\/wp-json\/wp\/v2\/media\/625"}],"wp:attachment":[{"href":"https:\/\/cmykprinted.com\/sk_sk\/wp-json\/wp\/v2\/media?parent=624"}],"wp:term":[{"taxonomy":"product_cat","embeddable":true,"href":"https:\/\/cmykprinted.com\/sk_sk\/wp-json\/wp\/v2\/product_cat?post=624"},{"taxonomy":"product_tag","embeddable":true,"href":"https:\/\/cmykprinted.com\/sk_sk\/wp-json\/wp\/v2\/product_tag?post=624"}],"curies":[{"name":"wp","href":"https:\/\/api.w.org\/{rel}","templated":true}]}}