{"id":644,"date":"2022-12-22T07:18:12","date_gmt":"2022-12-22T07:18:12","guid":{"rendered":"https:\/\/cmykprinted.com\/?post_type=product&#038;p=644"},"modified":"2022-12-22T07:55:34","modified_gmt":"2022-12-22T07:55:34","slug":"custom-table-runners-table-cover-trade-show-tablecloth","status":"publish","type":"product","link":"https:\/\/cmykprinted.com\/sk_sk\/produkt\/custom-table-runners-table-cover-trade-show-tablecloth\/","title":{"rendered":"Vlastn\u00e9 beh\u00fane na st\u00f4l Obrus \u200b\u200bna ve\u013etrh"},"content":{"rendered":"","protected":false},"excerpt":{"rendered":"<p>Ak potrebujete vlastn\u00e9 beh\u00fane na st\u00f4l pre va\u0161e pracovn\u00e9 alebo osobn\u00e9 akcie, m\u00e1me pre v\u00e1s rie\u0161enie. Na\u0161e vysokokvalitn\u00e9 prikr\u00fdvky na st\u00f4l s\u00fa ide\u00e1lne na v\u0161etko od ve\u013etrhov a\u017e po finan\u010dn\u00e9 zbierky a s\u00fa navrhnut\u00e9 tak, aby vydr\u017eali. Vyroben\u00e9 z pr\u00e9miovej polyesterovej tkaniny s plnofarebnou potla\u010dou sublim\u00e1ciou farbiva s rozl\u00ed\u0161en\u00edm 1440 DPI, tieto beh\u00fane na st\u00f4l s vlastnou potla\u010dou ur\u010dite urobia trval\u00fd dojem. Pou\u017eite ich na propag\u00e1ciu svojej zna\u010dky alebo loga na konferenci\u00e1ch, podujatiach alebo ve\u013etrhoch, alebo ich jednoducho pridajte na pevn\u00fd po\u0165ah na st\u00f4l pre n\u00e1dych elegancie a dekor\u00e1cie. K dispoz\u00edcii vo vopred definovan\u00fdch rozmeroch 2&#039;x7,5&#039;, m\u00f4\u017eete si dokonca zvoli\u0165 vlastn\u00e9 ve\u013ekosti, ktor\u00e9 dokonale vyhovuj\u00fa va\u0161im potreb\u00e1m. D\u00f4verujte n\u00e1m ako v\u00e1\u0161mu spo\u013eahliv\u00e9mu zdroju vlastn\u00fdch stolov\u00fdch beh\u00fa\u0148ov, ktor\u00e9 bud\u00fa efekt\u00edvne propagova\u0165 va\u0161u firmu a obstoja v sk\u00fa\u0161ke \u010dasom.<\/p>","protected":false},"featured_media":647,"template":"","meta":{"_kad_post_transparent":"default","_kad_post_title":"hide","_kad_post_layout":"fullwidth","_kad_post_sidebar_id":"","_kad_post_content_style":"unboxed","_kad_post_vertical_padding":"hide","_kad_post_feature":"hide","_kad_post_feature_position":"","_kad_post_header":false,"_kad_post_footer":false},"product_cat":[80,82],"product_tag":[157,156,158,159],"class_list":{"0":"post-644","1":"product","2":"type-product","3":"status-publish","4":"has-post-thumbnail","6":"product_cat-custom-tablecloth","7":"product_cat-custom-table-runner","8":"product_tag-custom-table-cover","9":"product_tag-custom-table-runners","10":"product_tag-custom-tablecloth","11":"product_tag-trade-show-tablecloth","13":"first","14":"instock","15":"shipping-taxable","16":"product-type-simple","17":"entry","18":"content-bg","19":"loop-entry"},"_links":{"self":[{"href":"https:\/\/cmykprinted.com\/sk_sk\/wp-json\/wp\/v2\/product\/644","targetHints":{"allow":["GET"]}}],"collection":[{"href":"https:\/\/cmykprinted.com\/sk_sk\/wp-json\/wp\/v2\/product"}],"about":[{"href":"https:\/\/cmykprinted.com\/sk_sk\/wp-json\/wp\/v2\/types\/product"}],"version-history":[{"count":2,"href":"https:\/\/cmykprinted.com\/sk_sk\/wp-json\/wp\/v2\/product\/644\/revisions"}],"predecessor-version":[{"id":646,"href":"https:\/\/cmykprinted.com\/sk_sk\/wp-json\/wp\/v2\/product\/644\/revisions\/646"}],"wp:featuredmedia":[{"embeddable":true,"href":"https:\/\/cmykprinted.com\/sk_sk\/wp-json\/wp\/v2\/media\/647"}],"wp:attachment":[{"href":"https:\/\/cmykprinted.com\/sk_sk\/wp-json\/wp\/v2\/media?parent=644"}],"wp:term":[{"taxonomy":"product_cat","embeddable":true,"href":"https:\/\/cmykprinted.com\/sk_sk\/wp-json\/wp\/v2\/product_cat?post=644"},{"taxonomy":"product_tag","embeddable":true,"href":"https:\/\/cmykprinted.com\/sk_sk\/wp-json\/wp\/v2\/product_tag?post=644"}],"curies":[{"name":"wp","href":"https:\/\/api.w.org\/{rel}","templated":true}]}}