{"id":654,"date":"2022-12-22T08:00:58","date_gmt":"2022-12-22T08:00:58","guid":{"rendered":"https:\/\/cmykprinted.com\/?post_type=product&#038;p=654"},"modified":"2022-12-22T09:11:25","modified_gmt":"2022-12-22T09:11:25","slug":"custom-size-outdoor-vinyl-pvc-banners-with-free-printing","status":"publish","type":"product","link":"https:\/\/cmykprinted.com\/sk_sk\/produkt\/custom-size-outdoor-vinyl-pvc-banners-with-free-printing\/","title":{"rendered":"Vonkaj\u0161ie vinylov\u00e9 PVC bannery na mieru s bezplatnou potla\u010dou"},"content":{"rendered":"","protected":false},"excerpt":{"rendered":"<p>Vonkaj\u0161ie vinylov\u00e9 PVC bannery s\u00fa vysoko efekt\u00edvnym sp\u00f4sobom, ako up\u00fata\u0165 pozornos\u0165 na va\u0161e miesto a sprostredkova\u0165 d\u00f4le\u017eit\u00e9 inform\u00e1cie prech\u00e1dzaj\u00facej prem\u00e1vke. S\u00fa vytla\u010den\u00e9 na v\u00fdber pr\u00e9miov\u00fdch materi\u00e1lov odoln\u00fdch vo\u010di poveternostn\u00fdm vplyvom a doplnen\u00e9 o lemy a o\u010dk\u00e1 na zavesenie, \u010do zais\u0165uje, \u017ee poskytuj\u00fa trvanliv\u00e9 a n\u00e1kladovo efekt\u00edvne v\u00fdsledky. V na\u0161ej spolo\u010dnosti v\u00e1m m\u00f4\u017eeme odporu\u010di\u0165 tie najlep\u0161ie materi\u00e1ly pre va\u0161e \u0161pecifick\u00e9 potreby. Ak bude v\u00e1\u0161 banner sl\u00fa\u017ei\u0165 ako vo\u013ene stojaca vonkaj\u0161ia expoz\u00edcia, odpor\u00fa\u010dame pou\u017ei\u0165 sie\u0165ovan\u00e9 PVC bannery, ktor\u00e9 pon\u00fakaj\u00fa v\u00e4\u010d\u0161iu odolnos\u0165 vo\u010di vetru. Okrem toho pon\u00fakame aj ekologickej\u0161ie bannery bez PVC pre t\u00fdch, ktor\u00ed h\u013eadaj\u00fa udr\u017eate\u013enej\u0161iu mo\u017enos\u0165.<\/p>\n<div style=\"width: 1290px;\" class=\"wp-video\"><!--[if lt IE 9]><script>document.createElement('video');<\/script><![endif]--><br \/>\n<video class=\"wp-video-shortcode\" id=\"video-654-1\" width=\"1290\" height=\"726\" loop autoplay preload=\"auto\" controls=\"controls\"><source type=\"video\/mp4\" src=\"http:\/\/cmykprinted.com\/wp-content\/uploads\/2022\/12\/vinyl-PVC-banners.mp4?_=1\" \/><a href=\"http:\/\/cmykprinted.com\/wp-content\/uploads\/2022\/12\/vinyl-PVC-banners.mp4\">http:\/\/cmykprinted.com\/wp-content\/uploads\/2022\/12\/vinyl-PVC-banners.mp4<\/a><\/video><\/div>\n<p>&nbsp;<\/p>","protected":false},"featured_media":655,"template":"","meta":{"_kad_post_transparent":"default","_kad_post_title":"hide","_kad_post_layout":"fullwidth","_kad_post_sidebar_id":"","_kad_post_content_style":"unboxed","_kad_post_vertical_padding":"hide","_kad_post_feature":"hide","_kad_post_feature_position":"","_kad_post_header":false,"_kad_post_footer":false},"product_cat":[85,90,91,89],"product_tag":[161,162,163,164,160],"class_list":{"0":"post-654","1":"product","2":"type-product","3":"status-publish","4":"has-post-thumbnail","6":"product_cat-outdoor-vinyl-banners","7":"product_cat-glossy-pvc-banners","8":"product_cat-matte-vinyl-banners","9":"product_cat-pvc-banners","10":"product_tag-custom-vinyl-banners","11":"product_tag-outdoor-pvc-banners","12":"product_tag-outdoor-vinyl-banners","13":"product_tag-vinyl-banners-printing","14":"product_tag-vinyl-pvc-banners","16":"first","17":"instock","18":"shipping-taxable","19":"product-type-simple","20":"entry","21":"content-bg","22":"loop-entry"},"_links":{"self":[{"href":"https:\/\/cmykprinted.com\/sk_sk\/wp-json\/wp\/v2\/product\/654","targetHints":{"allow":["GET"]}}],"collection":[{"href":"https:\/\/cmykprinted.com\/sk_sk\/wp-json\/wp\/v2\/product"}],"about":[{"href":"https:\/\/cmykprinted.com\/sk_sk\/wp-json\/wp\/v2\/types\/product"}],"version-history":[{"count":2,"href":"https:\/\/cmykprinted.com\/sk_sk\/wp-json\/wp\/v2\/product\/654\/revisions"}],"predecessor-version":[{"id":663,"href":"https:\/\/cmykprinted.com\/sk_sk\/wp-json\/wp\/v2\/product\/654\/revisions\/663"}],"wp:featuredmedia":[{"embeddable":true,"href":"https:\/\/cmykprinted.com\/sk_sk\/wp-json\/wp\/v2\/media\/655"}],"wp:attachment":[{"href":"https:\/\/cmykprinted.com\/sk_sk\/wp-json\/wp\/v2\/media?parent=654"}],"wp:term":[{"taxonomy":"product_cat","embeddable":true,"href":"https:\/\/cmykprinted.com\/sk_sk\/wp-json\/wp\/v2\/product_cat?post=654"},{"taxonomy":"product_tag","embeddable":true,"href":"https:\/\/cmykprinted.com\/sk_sk\/wp-json\/wp\/v2\/product_tag?post=654"}],"curies":[{"name":"wp","href":"https:\/\/api.w.org\/{rel}","templated":true}]}}