{"id":664,"date":"2022-12-22T09:47:33","date_gmt":"2022-12-22T09:47:33","guid":{"rendered":"https:\/\/cmykprinted.com\/?post_type=product&#038;p=664"},"modified":"2022-12-22T14:15:54","modified_gmt":"2022-12-22T14:15:54","slug":"horizontal-pop-up-banners-with-free-custom-printing-services","status":"publish","type":"product","link":"https:\/\/cmykprinted.com\/sk_sk\/produkt\/horizontal-pop-up-banners-with-free-custom-printing-services\/","title":{"rendered":"Horizont\u00e1lne vyskakovacie bannery s bezplatn\u00fdmi slu\u017ebami vlastnej tla\u010de"},"content":{"rendered":"","protected":false},"excerpt":{"rendered":"<p>Na\u0161e horizont\u00e1lne vyskakovacie bannery s\u00fa vyroben\u00e9 z odoln\u00fdch materi\u00e1lov, ktor\u00e9 s\u00fa navrhnut\u00e9 tak, aby odolali pr\u00edrodn\u00fdm \u017eivlom, v\u010faka \u010domu s\u00fa ide\u00e1lne na pou\u017eitie v interi\u00e9ri aj exteri\u00e9ri. \u013dahko sa nastavuj\u00fa a skladaj\u00fa a daj\u00fa sa \u013eahko skladova\u0165 a prepravova\u0165, v\u010faka \u010domu s\u00fa pohodlnou vo\u013ebou pre firmy na cest\u00e1ch. S na\u0161imi bezplatn\u00fdmi slu\u017ebami vlastnej tla\u010de si m\u00f4\u017eete necha\u0165 vytla\u010di\u0165 svoje bannery s logom va\u0161ej spolo\u010dnosti, spr\u00e1vou zna\u010dky alebo ak\u00fdmko\u013evek in\u00fdm vlastn\u00fdm dizajnom, ktor\u00fd si vyberiete. Tieto horizont\u00e1lne vyskakovacie bannery bud\u00fa ma\u0165 ur\u010dite ve\u013ek\u00fd vplyv na ka\u017ed\u00fa udalos\u0165 a pom\u00f4\u017eu v\u00e1m efekt\u00edvne propagova\u0165 va\u0161u firmu potenci\u00e1lnym z\u00e1kazn\u00edkom. \u010ci u\u017e chcete propagova\u0165 svoju zna\u010dku na ve\u013etrhu, \u0161portovom podujat\u00ed alebo firemnej akcii, na\u0161e horizont\u00e1lne vyskakovacie bannery s\u00fa perfektnou vo\u013ebou.<\/p>\n<div style=\"width: 1290px;\" class=\"wp-video\"><!--[if lt IE 9]><script>document.createElement('video');<\/script><![endif]--><br \/>\n<video class=\"wp-video-shortcode\" id=\"video-664-1\" width=\"1290\" height=\"726\" loop autoplay preload=\"auto\" controls=\"controls\"><source type=\"video\/mp4\" src=\"http:\/\/cmykprinted.com\/wp-content\/uploads\/2022\/12\/horizontal-pop-up-banners.mp4?_=1\" \/><a href=\"http:\/\/cmykprinted.com\/wp-content\/uploads\/2022\/12\/horizontal-pop-up-banners.mp4\">http:\/\/cmykprinted.com\/wp-content\/uploads\/2022\/12\/horizontal-pop-up-banners.mp4<\/a><\/video><\/div>\n<p>&nbsp;<\/p>","protected":false},"featured_media":665,"template":"","meta":{"_kad_post_transparent":"default","_kad_post_title":"hide","_kad_post_layout":"fullwidth","_kad_post_sidebar_id":"","_kad_post_content_style":"unboxed","_kad_post_vertical_padding":"hide","_kad_post_feature":"hide","_kad_post_feature_position":"","_kad_post_header":false,"_kad_post_footer":false},"product_cat":[92,94],"product_tag":[167,165,166],"class_list":{"0":"post-664","1":"product","2":"type-product","3":"status-publish","4":"has-post-thumbnail","6":"product_cat-pop-up-banners","7":"product_cat-horizontal-pop-up-banners","8":"product_tag-custom-pop-up-banners","9":"product_tag-horizontal-pop-up-banners","10":"product_tag-pop-up-banners","12":"first","13":"instock","14":"shipping-taxable","15":"product-type-simple","16":"entry","17":"content-bg","18":"loop-entry"},"_links":{"self":[{"href":"https:\/\/cmykprinted.com\/sk_sk\/wp-json\/wp\/v2\/product\/664","targetHints":{"allow":["GET"]}}],"collection":[{"href":"https:\/\/cmykprinted.com\/sk_sk\/wp-json\/wp\/v2\/product"}],"about":[{"href":"https:\/\/cmykprinted.com\/sk_sk\/wp-json\/wp\/v2\/types\/product"}],"version-history":[{"count":3,"href":"https:\/\/cmykprinted.com\/sk_sk\/wp-json\/wp\/v2\/product\/664\/revisions"}],"predecessor-version":[{"id":672,"href":"https:\/\/cmykprinted.com\/sk_sk\/wp-json\/wp\/v2\/product\/664\/revisions\/672"}],"wp:featuredmedia":[{"embeddable":true,"href":"https:\/\/cmykprinted.com\/sk_sk\/wp-json\/wp\/v2\/media\/665"}],"wp:attachment":[{"href":"https:\/\/cmykprinted.com\/sk_sk\/wp-json\/wp\/v2\/media?parent=664"}],"wp:term":[{"taxonomy":"product_cat","embeddable":true,"href":"https:\/\/cmykprinted.com\/sk_sk\/wp-json\/wp\/v2\/product_cat?post=664"},{"taxonomy":"product_tag","embeddable":true,"href":"https:\/\/cmykprinted.com\/sk_sk\/wp-json\/wp\/v2\/product_tag?post=664"}],"curies":[{"name":"wp","href":"https:\/\/api.w.org\/{rel}","templated":true}]}}