{"id":682,"date":"2022-12-29T09:44:31","date_gmt":"2022-12-29T09:44:31","guid":{"rendered":"https:\/\/cmykprinted.com\/?post_type=product&#038;p=682"},"modified":"2022-12-29T10:03:18","modified_gmt":"2022-12-29T10:03:18","slug":"custom-3d-metal-transfer-sticker-metallic-logo-label-sticker","status":"publish","type":"product","link":"https:\/\/cmykprinted.com\/sk_sk\/produkt\/custom-3d-metal-transfer-sticker-metallic-logo-label-sticker\/","title":{"rendered":"Vlastn\u00e1 3D kovov\u00e1 prenosov\u00e1 n\u00e1lepka Kovov\u00e1 n\u00e1lepka s logom"},"content":{"rendered":"","protected":false},"excerpt":{"rendered":"<p>3D kovov\u00e9 transferov\u00e9 n\u00e1lepky s\u00fa typom rie\u0161enia ozna\u010dovania, ktor\u00e9 zah\u0155\u0148a pou\u017eitie vysoko odolnej niklovej f\u00f3lie na vytvorenie trojrozmern\u00e9ho efektu. Tieto n\u00e1lepky s\u00fa navrhnut\u00e9 tak, aby dodali vzh\u013ead \u201ebez \u0161t\u00edtku\u201c odstr\u00e1nen\u00edm prebyto\u010dn\u00e9ho materi\u00e1lu z dizajnu, \u010do m\u00e1 za n\u00e1sledok rafinovanej\u0161\u00ed a profesion\u00e1lnej\u0161\u00ed vzh\u013ead. \u010casto sa pou\u017e\u00edvaj\u00fa ako \u0161t\u00edtky \u0161pi\u010dkov\u00fdch produktov alebo na maloobchodn\u00fd predaj v internetov\u00fdch obchodoch.<br \/>\nNa vytvorenie 3D n\u00e1lepiek na prenos kovu sa dizajn najprv vytla\u010d\u00ed na list niklovej f\u00f3lie pomocou \u0161pecializovan\u00e9ho procesu tla\u010de. Prebyto\u010dn\u00fd materi\u00e1l sa potom odstr\u00e1ni a zostan\u00fa len vyv\u00fd\u0161en\u00e9 prvky dizajnu. V\u00fdsledn\u00e1 n\u00e1lepka je potom potiahnut\u00e1 vrstvou lepidla a m\u00f4\u017ee by\u0165 aplikovan\u00e1 na r\u00f4zne povrchy vr\u00e1tane plastu, kovu a papiera.<br \/>\nJednou z v\u00fdhod pou\u017e\u00edvania 3D kovov\u00fdch prenosov\u00fdch n\u00e1lepiek je ich odolnos\u0165. Nikel je pevn\u00fd a kor\u00f3zii odoln\u00fd materi\u00e1l, tak\u017ee tieto n\u00e1lepky odolaj\u00fa opotrebovaniu a udr\u017eia si svoju kvalitu v priebehu \u010dasu. S\u00fa tie\u017e odoln\u00e9 vo\u010di vyblednutiu a zmene farby, v\u010faka \u010domu s\u00fa rie\u0161en\u00edm na ozna\u010dovanie s dlhou \u017eivotnos\u0165ou. Navy\u0161e, trojrozmern\u00fd efekt t\u00fdchto n\u00e1lepiek m\u00f4\u017ee prida\u0165 jedine\u010dn\u00fd a p\u00fatav\u00fd prvok do balenia v\u00e1\u0161ho produktu alebo zna\u010dky.<\/p>\n<div style=\"width: 1280px;\" class=\"wp-video\"><!--[if lt IE 9]><script>document.createElement('video');<\/script><![endif]--><br \/>\n<video class=\"wp-video-shortcode\" id=\"video-682-1\" width=\"1280\" height=\"720\" loop autoplay preload=\"metadata\" controls=\"controls\"><source type=\"video\/mp4\" src=\"http:\/\/cmykprinted.com\/wp-content\/uploads\/2022\/12\/Metal-Transfer-Sticker.mp4?_=1\" \/><a href=\"http:\/\/cmykprinted.com\/wp-content\/uploads\/2022\/12\/Metal-Transfer-Sticker.mp4\">http:\/\/cmykprinted.com\/wp-content\/uploads\/2022\/12\/Metal-Transfer-Sticker.mp4<\/a><\/video><\/div>\n<p>&nbsp;<\/p>","protected":false},"featured_media":683,"template":"","meta":{"_kad_post_transparent":"default","_kad_post_title":"hide","_kad_post_layout":"fullwidth","_kad_post_sidebar_id":"","_kad_post_content_style":"unboxed","_kad_post_vertical_padding":"hide","_kad_post_feature":"hide","_kad_post_feature_position":"","_kad_post_header":false,"_kad_post_footer":false},"product_cat":[101,102],"product_tag":[174,173,171,172],"class_list":{"0":"post-682","1":"product","2":"type-product","3":"status-publish","4":"has-post-thumbnail","6":"product_cat-transfer-stickers","7":"product_cat-metal-transfer-stickers","8":"product_tag-3d-metal-transfer-sticker","9":"product_tag-custom-metal-transfer-sticker","10":"product_tag-metal-transfer-sticker","11":"product_tag-metallic-logo-label-sticker","13":"first","14":"instock","15":"shipping-taxable","16":"product-type-simple","17":"entry","18":"content-bg","19":"loop-entry"},"_links":{"self":[{"href":"https:\/\/cmykprinted.com\/sk_sk\/wp-json\/wp\/v2\/product\/682","targetHints":{"allow":["GET"]}}],"collection":[{"href":"https:\/\/cmykprinted.com\/sk_sk\/wp-json\/wp\/v2\/product"}],"about":[{"href":"https:\/\/cmykprinted.com\/sk_sk\/wp-json\/wp\/v2\/types\/product"}],"version-history":[{"count":2,"href":"https:\/\/cmykprinted.com\/sk_sk\/wp-json\/wp\/v2\/product\/682\/revisions"}],"predecessor-version":[{"id":691,"href":"https:\/\/cmykprinted.com\/sk_sk\/wp-json\/wp\/v2\/product\/682\/revisions\/691"}],"wp:featuredmedia":[{"embeddable":true,"href":"https:\/\/cmykprinted.com\/sk_sk\/wp-json\/wp\/v2\/media\/683"}],"wp:attachment":[{"href":"https:\/\/cmykprinted.com\/sk_sk\/wp-json\/wp\/v2\/media?parent=682"}],"wp:term":[{"taxonomy":"product_cat","embeddable":true,"href":"https:\/\/cmykprinted.com\/sk_sk\/wp-json\/wp\/v2\/product_cat?post=682"},{"taxonomy":"product_tag","embeddable":true,"href":"https:\/\/cmykprinted.com\/sk_sk\/wp-json\/wp\/v2\/product_tag?post=682"}],"curies":[{"name":"wp","href":"https:\/\/api.w.org\/{rel}","templated":true}]}}