{"id":692,"date":"2022-12-29T10:09:13","date_gmt":"2022-12-29T10:09:13","guid":{"rendered":"https:\/\/cmykprinted.com\/?post_type=product&#038;p=692"},"modified":"2022-12-29T10:44:20","modified_gmt":"2022-12-29T10:44:20","slug":"double-sided-printed-advertising-beach-teardrop-flags-banner","status":"publish","type":"product","link":"https:\/\/cmykprinted.com\/sk_sk\/produkt\/double-sided-printed-advertising-beach-teardrop-flags-banner\/","title":{"rendered":"Obojstranne potla\u010den\u00fd reklamn\u00fd banner s pl\u00e1\u017eov\u00fdmi slzami"},"content":{"rendered":"","protected":false},"excerpt":{"rendered":"<p>Vlajky slzy, tie\u017e zn\u00e1me ako z\u00e1stavy slzy alebo z\u00e1stavy slzn\u00e9ho peria, s\u00fa typom ve\u013ekej vlajky v tvare slzy, ktor\u00e1 sa pou\u017e\u00edva na reklamn\u00e9 a marketingov\u00e9 \u00fa\u010dely. Vyr\u00e1baj\u00fa sa vytla\u010den\u00edm vlastn\u00e9ho dizajnu na vlajku pomocou procesu sublim\u00e1cie farbiva, ktor\u00fd umo\u017e\u0148uje \u017eiariv\u00fa a vysokokvalitn\u00fa grafiku. Vlajky s\u00fa pripevnen\u00e9 k \u013eahkej vlajkovej ty\u010di z hlin\u00edka a sklolamin\u00e1tu, ktor\u00e1 je ohybn\u00e1 a pom\u00e1ha udr\u017ea\u0165 vlajku napnut\u00fa aj vo veternom po\u010das\u00ed. Sto\u017eiar je mo\u017en\u00e9 zapichn\u00fa\u0165 do zeme alebo umiestni\u0165 na stojan na vlajky, v z\u00e1vislosti od konkr\u00e9tnych potrieb a preferenci\u00ed u\u017e\u00edvate\u013ea.<br \/>\nPou\u017eitie banneru s vlajkou slzy pred obchodom alebo podnikom m\u00f4\u017ee by\u0165 efekt\u00edvnym sp\u00f4sobom, ako up\u00fata\u0165 pozornos\u0165 potenci\u00e1lnych z\u00e1kazn\u00edkov a in\u00fdch okoloid\u00facich. Tieto vlajky up\u00fataj\u00fa pozornos\u0165 a m\u00f4\u017eu pom\u00f4c\u0165 efekt\u00edvne propagova\u0165 va\u0161u firmu a jej produkty alebo slu\u017eby. Bannery s vlajkou slzy s\u00fa tie\u017e v\u0161estrann\u00e9 a mo\u017eno ich pou\u017ei\u0165 v r\u00f4znych prostrediach vr\u00e1tane obchodn\u00fdch v\u00fdstav, vonkaj\u0161\u00edch podujat\u00ed a v\u00fdkladov. V\u00fdberom vlastn\u00e9ho dizajnu, ktor\u00fd presne odr\u00e1\u017ea zna\u010dku a posolstvo va\u0161ej firmy, m\u00f4\u017eete efekt\u00edvne komunikova\u0165 svoje posolstvo a urobi\u0165 siln\u00fd dojem na va\u0161u cie\u013eov\u00fa skupinu.<\/p>\n<div style=\"width: 1280px;\" class=\"wp-video\"><!--[if lt IE 9]><script>document.createElement('video');<\/script><![endif]--><br \/>\n<video class=\"wp-video-shortcode\" id=\"video-692-1\" width=\"1280\" height=\"720\" loop autoplay preload=\"metadata\" controls=\"controls\"><source type=\"video\/mp4\" src=\"http:\/\/cmykprinted.com\/wp-content\/uploads\/2022\/12\/Beach-Teardrop-Flags-Banner.mp4?_=1\" \/><a href=\"http:\/\/cmykprinted.com\/wp-content\/uploads\/2022\/12\/Beach-Teardrop-Flags-Banner.mp4\">http:\/\/cmykprinted.com\/wp-content\/uploads\/2022\/12\/Beach-Teardrop-Flags-Banner.mp4<\/a><\/video><\/div>","protected":false},"featured_media":693,"template":"","meta":{"_kad_post_transparent":"default","_kad_post_title":"hide","_kad_post_layout":"fullwidth","_kad_post_sidebar_id":"","_kad_post_content_style":"unboxed","_kad_post_vertical_padding":"hide","_kad_post_feature":"hide","_kad_post_feature_position":"","_kad_post_header":false,"_kad_post_footer":false},"product_cat":[64,67],"product_tag":[177,176,175,178],"class_list":{"0":"post-692","1":"product","2":"type-product","3":"status-publish","4":"has-post-thumbnail","6":"product_cat-beach-flags","7":"product_cat-teardrop-flags-banners","8":"product_tag-advertising-beach-flags","9":"product_tag-beach-teardrop-banner","10":"product_tag-beach-teardrop-flags","11":"product_tag-teardrop-flags","13":"first","14":"instock","15":"shipping-taxable","16":"product-type-simple","17":"entry","18":"content-bg","19":"loop-entry"},"_links":{"self":[{"href":"https:\/\/cmykprinted.com\/sk_sk\/wp-json\/wp\/v2\/product\/692","targetHints":{"allow":["GET"]}}],"collection":[{"href":"https:\/\/cmykprinted.com\/sk_sk\/wp-json\/wp\/v2\/product"}],"about":[{"href":"https:\/\/cmykprinted.com\/sk_sk\/wp-json\/wp\/v2\/types\/product"}],"version-history":[{"count":4,"href":"https:\/\/cmykprinted.com\/sk_sk\/wp-json\/wp\/v2\/product\/692\/revisions"}],"predecessor-version":[{"id":703,"href":"https:\/\/cmykprinted.com\/sk_sk\/wp-json\/wp\/v2\/product\/692\/revisions\/703"}],"wp:featuredmedia":[{"embeddable":true,"href":"https:\/\/cmykprinted.com\/sk_sk\/wp-json\/wp\/v2\/media\/693"}],"wp:attachment":[{"href":"https:\/\/cmykprinted.com\/sk_sk\/wp-json\/wp\/v2\/media?parent=692"}],"wp:term":[{"taxonomy":"product_cat","embeddable":true,"href":"https:\/\/cmykprinted.com\/sk_sk\/wp-json\/wp\/v2\/product_cat?post=692"},{"taxonomy":"product_tag","embeddable":true,"href":"https:\/\/cmykprinted.com\/sk_sk\/wp-json\/wp\/v2\/product_tag?post=692"}],"curies":[{"name":"wp","href":"https:\/\/api.w.org\/{rel}","templated":true}]}}