{"id":704,"date":"2022-12-29T12:00:11","date_gmt":"2022-12-29T12:00:11","guid":{"rendered":"https:\/\/cmykprinted.com\/?post_type=product&#038;p=704"},"modified":"2022-12-29T15:39:11","modified_gmt":"2022-12-29T15:39:11","slug":"40mm-hexagonal-folding-aluminum-frame-10x15ft-pop-up-tent","status":"publish","type":"product","link":"https:\/\/cmykprinted.com\/sk_sk\/produkt\/40mm-hexagonal-folding-aluminum-frame-10x15ft-pop-up-tent\/","title":{"rendered":"40 mm \u0161es\u0165hrann\u00fd skladac\u00ed hlin\u00edkov\u00fd r\u00e1m 10 x 15 st\u00f4p vy\u0165ahovac\u00ed stan"},"content":{"rendered":"","protected":false},"excerpt":{"rendered":"<p>T\u00e1to vys\u00favacia strie\u0161ka m\u00e1 pevnej\u0161\u00ed r\u00e1m vyroben\u00fd z vylep\u0161enej oce\u013eovej kon\u0161trukcie s v\u00e4\u010d\u0161\u00edmi nosn\u00edkmi a zosilnen\u00fdm prie\u010dnym nosn\u00edkom s rozmermi 26 x 13 pre v\u00e4\u010d\u0161iu pevnos\u0165 a lep\u0161iu odolnos\u0165 vo\u010di vetru. Oce\u013eov\u00e9 no\u017ei\u010dky maj\u00fa dva vyv\u0155tan\u00e9 otvory pre zv\u00fd\u0161en\u00fa stabilitu. Samotn\u00fd baldach\u00fdn m\u00e1 rozmer 10 \u00d7 15 st\u00f4p a poskytuje ve\u013ekorys\u00fdch 150 \u0161tvorcov\u00fdch st\u00f4p tie\u0148a, vhodn\u00fd pre stretnutia 8-13 os\u00f4b. D\u00e1 sa pou\u017ei\u0165 za slne\u010dn\u00e9ho aj da\u017ediv\u00e9ho po\u010dasia. Nastavenie strie\u0161ky je jednoduch\u00e9, nevy\u017eaduje \u017eiadne n\u00e1stroje a jednej osobe zaberie len p\u00e1r min\u00fat. Nosn\u00e9 r\u00farky mo\u017eno nastavi\u0165 do troch r\u00f4znych \u00farovn\u00ed pre v\u00e4\u010d\u0161iu v\u0161estrannos\u0165. Baldach\u00fdn je vyroben\u00fd z 300D polyesteru s PU z\u00e1terom, ktor\u00fd blokuje pribli\u017ene 99% UV \u017eiarenia a m\u00e1 vodotesn\u00e9 p\u00e1sy. Baldach\u00fdn je dod\u00e1van\u00fd s kompletnou sadou pr\u00edslu\u0161enstva, vr\u00e1tane ta\u0161ky na kolieska, vriec s pieskom, zemn\u00fdch hmo\u017ediniek, nylonov\u00fdch l\u00e1n a popruhov. Toto pr\u00edslu\u0161enstvo, ako aj n\u00e1hradn\u00e9 diely s\u00fa k dispoz\u00edcii na do\u017eivotie.<\/p>\n<div style=\"width: 1280px;\" class=\"wp-video\"><!--[if lt IE 9]><script>document.createElement('video');<\/script><![endif]--><br \/>\n<video class=\"wp-video-shortcode\" id=\"video-704-1\" width=\"1280\" height=\"720\" loop autoplay preload=\"auto\" controls=\"controls\"><source type=\"video\/mp4\" src=\"http:\/\/cmykprinted.com\/wp-content\/uploads\/2022\/12\/10x15ft-Pop-up-Tent.mp4?_=1\" \/><a href=\"http:\/\/cmykprinted.com\/wp-content\/uploads\/2022\/12\/10x15ft-Pop-up-Tent.mp4\">http:\/\/cmykprinted.com\/wp-content\/uploads\/2022\/12\/10x15ft-Pop-up-Tent.mp4<\/a><\/video><\/div>","protected":false},"featured_media":705,"template":"","meta":{"_kad_post_transparent":"default","_kad_post_title":"hide","_kad_post_layout":"fullwidth","_kad_post_sidebar_id":"","_kad_post_content_style":"unboxed","_kad_post_vertical_padding":"hide","_kad_post_feature":"hide","_kad_post_feature_position":"","_kad_post_header":false,"_kad_post_footer":false},"product_cat":[68,71,69],"product_tag":[179,180,182,181],"class_list":{"0":"post-704","1":"product","2":"type-product","3":"status-publish","4":"has-post-thumbnail","6":"product_cat-custom-canopy-tents","7":"product_cat-10x15ft-pop-up-tents","8":"product_cat-40mm-hexagon-aluminum-tents","9":"product_tag-10x15ft-pop-up-tent","10":"product_tag-40mm-hexagonal-pop-up-tent","11":"product_tag-aluminum-frame-pop-up-tent","12":"product_tag-folding-pop-up-tent","14":"first","15":"instock","16":"shipping-taxable","17":"product-type-simple","18":"entry","19":"content-bg","20":"loop-entry"},"_links":{"self":[{"href":"https:\/\/cmykprinted.com\/sk_sk\/wp-json\/wp\/v2\/product\/704","targetHints":{"allow":["GET"]}}],"collection":[{"href":"https:\/\/cmykprinted.com\/sk_sk\/wp-json\/wp\/v2\/product"}],"about":[{"href":"https:\/\/cmykprinted.com\/sk_sk\/wp-json\/wp\/v2\/types\/product"}],"version-history":[{"count":3,"href":"https:\/\/cmykprinted.com\/sk_sk\/wp-json\/wp\/v2\/product\/704\/revisions"}],"predecessor-version":[{"id":714,"href":"https:\/\/cmykprinted.com\/sk_sk\/wp-json\/wp\/v2\/product\/704\/revisions\/714"}],"wp:featuredmedia":[{"embeddable":true,"href":"https:\/\/cmykprinted.com\/sk_sk\/wp-json\/wp\/v2\/media\/705"}],"wp:attachment":[{"href":"https:\/\/cmykprinted.com\/sk_sk\/wp-json\/wp\/v2\/media?parent=704"}],"wp:term":[{"taxonomy":"product_cat","embeddable":true,"href":"https:\/\/cmykprinted.com\/sk_sk\/wp-json\/wp\/v2\/product_cat?post=704"},{"taxonomy":"product_tag","embeddable":true,"href":"https:\/\/cmykprinted.com\/sk_sk\/wp-json\/wp\/v2\/product_tag?post=704"}],"curies":[{"name":"wp","href":"https:\/\/api.w.org\/{rel}","templated":true}]}}