{"id":715,"date":"2022-12-29T22:23:16","date_gmt":"2022-12-29T22:23:16","guid":{"rendered":"https:\/\/cmykprinted.com\/?post_type=product&#038;p=715"},"modified":"2022-12-29T22:34:28","modified_gmt":"2022-12-29T22:34:28","slug":"personalized-stretch-fitted-table-cover-tablecloth-with-logo","status":"publish","type":"product","link":"https:\/\/cmykprinted.com\/sk_sk\/produkt\/personalized-stretch-fitted-table-cover-tablecloth-with-logo\/","title":{"rendered":"Prisp\u00f4soben\u00fd stre\u010dov\u00fd obrus na st\u00f4l s logom"},"content":{"rendered":"","protected":false},"excerpt":{"rendered":"<p>N\u00e1\u0161 spandexov\u00fd po\u0165ah na st\u00f4l je \u0161peci\u00e1lne navrhnut\u00fd tak, aby sa pohodlne zmestil na skladac\u00ed st\u00f4l alebo banketov\u00fd st\u00f4l s rozmermi 72 palcov na d\u013a\u017eku, 30 palcov na \u0161\u00edrku a 30 palcov na v\u00fd\u0161ku. Tento obd\u013a\u017enikov\u00fd obrus je vynikaj\u00facou vo\u013ebou pre r\u00f4zne udalosti, ako s\u00fa svadby, narodeniny, sprchy, sk\u00fa\u0161ky ve\u010dere a dokonca aj jednoduch\u00e9 rodinn\u00e9 stretnutia. Na\u0161e 6\u2032 stopov\u00e9 spandexov\u00e9 obrusy vyroben\u00e9 z prvotriedneho stre\u010dov\u00e9ho polyesteru s\u00fa vyroben\u00e9 tak, aby vydr\u017eali, s odolnou kon\u0161trukciou, ktor\u00e1 je odoln\u00e1 vo\u010di pokr\u010deniu a zafarbeniu. Navy\u0161e, tieto obrusy mo\u017eno pra\u0165 nespo\u010detnekr\u00e1t, \u010do z nich rob\u00ed ekonomick\u00fa vo\u013ebu pre ka\u017ed\u00e9ho pl\u00e1nova\u010da udalost\u00ed alebo majite\u013ea domu. \u010ci u\u017e organizujete form\u00e1lnu udalos\u0165 alebo neform\u00e1lne stretnutie, n\u00e1\u0161 spandexov\u00fd po\u0165ah na st\u00f4l je atrakt\u00edvnym a praktick\u00fdm doplnkom v\u00e1\u0161ho stola.<\/p>\n<div style=\"width: 1290px;\" class=\"wp-video\"><!--[if lt IE 9]><script>document.createElement('video');<\/script><![endif]--><br \/>\n<video class=\"wp-video-shortcode\" id=\"video-715-1\" width=\"1290\" height=\"726\" loop autoplay preload=\"auto\" controls=\"controls\"><source type=\"video\/mp4\" src=\"http:\/\/cmykprinted.com\/wp-content\/uploads\/2022\/12\/Custom-Stretch-Tablecloth.mp4?_=1\" \/><a href=\"http:\/\/cmykprinted.com\/wp-content\/uploads\/2022\/12\/Custom-Stretch-Tablecloth.mp4\">http:\/\/cmykprinted.com\/wp-content\/uploads\/2022\/12\/Custom-Stretch-Tablecloth.mp4<\/a><\/video><\/div>","protected":false},"featured_media":716,"template":"","meta":{"_kad_post_transparent":"default","_kad_post_title":"hide","_kad_post_layout":"fullwidth","_kad_post_sidebar_id":"","_kad_post_content_style":"unboxed","_kad_post_vertical_padding":"hide","_kad_post_feature":"hide","_kad_post_feature_position":"","_kad_post_header":false,"_kad_post_footer":false},"product_cat":[80,81,83],"product_tag":[185,183,186,184],"class_list":{"0":"post-715","1":"product","2":"type-product","3":"status-publish","4":"has-post-thumbnail","6":"product_cat-custom-tablecloth","7":"product_cat-custom-stretch-tablecloth","8":"product_cat-fitted-table-cover","9":"product_tag-fitted-table-cover","10":"product_tag-personalized-fitted-table-cover","11":"product_tag-personalized-stretch-tablecloth","12":"product_tag-stretch-fitted-table-cover","14":"first","15":"instock","16":"shipping-taxable","17":"product-type-simple","18":"entry","19":"content-bg","20":"loop-entry"},"_links":{"self":[{"href":"https:\/\/cmykprinted.com\/sk_sk\/wp-json\/wp\/v2\/product\/715","targetHints":{"allow":["GET"]}}],"collection":[{"href":"https:\/\/cmykprinted.com\/sk_sk\/wp-json\/wp\/v2\/product"}],"about":[{"href":"https:\/\/cmykprinted.com\/sk_sk\/wp-json\/wp\/v2\/types\/product"}],"version-history":[{"count":1,"href":"https:\/\/cmykprinted.com\/sk_sk\/wp-json\/wp\/v2\/product\/715\/revisions"}],"predecessor-version":[{"id":722,"href":"https:\/\/cmykprinted.com\/sk_sk\/wp-json\/wp\/v2\/product\/715\/revisions\/722"}],"wp:featuredmedia":[{"embeddable":true,"href":"https:\/\/cmykprinted.com\/sk_sk\/wp-json\/wp\/v2\/media\/716"}],"wp:attachment":[{"href":"https:\/\/cmykprinted.com\/sk_sk\/wp-json\/wp\/v2\/media?parent=715"}],"wp:term":[{"taxonomy":"product_cat","embeddable":true,"href":"https:\/\/cmykprinted.com\/sk_sk\/wp-json\/wp\/v2\/product_cat?post=715"},{"taxonomy":"product_tag","embeddable":true,"href":"https:\/\/cmykprinted.com\/sk_sk\/wp-json\/wp\/v2\/product_tag?post=715"}],"curies":[{"name":"wp","href":"https:\/\/api.w.org\/{rel}","templated":true}]}}