{"id":723,"date":"2022-12-30T02:47:50","date_gmt":"2022-12-30T02:47:50","guid":{"rendered":"https:\/\/cmykprinted.com\/?post_type=product&#038;p=723"},"modified":"2022-12-30T03:52:19","modified_gmt":"2022-12-30T03:52:19","slug":"all-weather-outdoor-advertising-pvc-mesh-banner-printing","status":"publish","type":"product","link":"https:\/\/cmykprinted.com\/sk_sk\/produkt\/all-weather-outdoor-advertising-pvc-mesh-banner-printing\/","title":{"rendered":"Tla\u010d bannerov z PVC sie\u0165oviny do ka\u017ed\u00e9ho po\u010dasia"},"content":{"rendered":"","protected":false},"excerpt":{"rendered":"<p>Na\u0161a PVC sie\u0165ovina je vysoko \u0161pecializovan\u00fd materi\u00e1l, ktor\u00fd bol navrhnut\u00fd \u0161peci\u00e1lne tak, aby odolal siln\u00e9mu vetru a in\u00fdm drsn\u00fdm vonkaj\u0161\u00edm podmienkam. Perfor\u00e1cie v materi\u00e1li umo\u017e\u0148uj\u00fa priechod vetra, \u010d\u00edm sa zni\u017euje riziko po\u0161kodenia banneru a minimalizuje sa mo\u017enos\u0165 jeho roztrhnutia alebo odf\u00faknutia.<br \/>\nOkrem vlastnost\u00ed odoln\u00fdch vo\u010di vetru je PVC sie\u0165ov\u00fd banner tie\u017e extr\u00e9mne \u013eahk\u00fd, \u010do u\u013eah\u010duje jeho in\u0161tal\u00e1ciu a manipul\u00e1ciu. V\u010faka tomu je ide\u00e1lnou vo\u013ebou pre \u0161irok\u00fa \u0161k\u00e1lu \u0161peci\u00e1lnych aplik\u00e1ci\u00ed, kde sa vy\u017eaduje \u010diasto\u010dne prieh\u013eadn\u00fd materi\u00e1l, ktor\u00fd umo\u017e\u0148uje priechod svetla, zvuku a vzduchu.<br \/>\nObidva na\u0161e sie\u0165ov\u00e9 bannery aj p\u00f3diov\u00e9 bannery s\u00fa vytla\u010den\u00e9 bu\u010f na sie\u0165ovinovom PVC alebo l\u00e1tkovom materi\u00e1li AIRTEC, pri\u010dom oba s\u00fa perforovan\u00e9 po celom banneri s ve\u013emi intenz\u00edvnym vzorom mal\u00fdch otvorov. To zais\u0165uje, \u017ee bannery Stage si zachovaj\u00fa svoju \u0161truktur\u00e1lnu integritu a vizu\u00e1lnu pr\u00ed\u0165a\u017elivos\u0165 aj v t\u00fdch najn\u00e1ro\u010dnej\u0161\u00edch prostrediach. \u010ci u\u017e potrebujete banner na vonkaj\u0161ie podujatie, ve\u013etrh alebo in\u00fa \u0161peci\u00e1lnu pr\u00edle\u017eitos\u0165, na\u0161a PVC sie\u0165ka a p\u00f3diov\u00e9 bannery s\u00fa vynikaj\u00facou vo\u013ebou pre v\u0161etky va\u0161e potreby bannerov.<\/p>\n<div style=\"width: 1280px;\" class=\"wp-video\"><!--[if lt IE 9]><script>document.createElement('video');<\/script><![endif]--><br \/>\n<video class=\"wp-video-shortcode\" id=\"video-723-1\" width=\"1280\" height=\"720\" loop autoplay preload=\"metadata\" controls=\"controls\"><source type=\"video\/mp4\" src=\"http:\/\/cmykprinted.com\/wp-content\/uploads\/2022\/12\/PVC-Mesh-Banner.mp4?_=1\" \/><a href=\"http:\/\/cmykprinted.com\/wp-content\/uploads\/2022\/12\/PVC-Mesh-Banner.mp4\">http:\/\/cmykprinted.com\/wp-content\/uploads\/2022\/12\/PVC-Mesh-Banner.mp4<\/a><\/video><\/div>","protected":false},"featured_media":724,"template":"","meta":{"_kad_post_transparent":"default","_kad_post_title":"hide","_kad_post_layout":"fullwidth","_kad_post_sidebar_id":"","_kad_post_content_style":"unboxed","_kad_post_vertical_padding":"hide","_kad_post_feature":"hide","_kad_post_feature_position":"","_kad_post_header":false,"_kad_post_footer":false},"product_cat":[85,90,91,89,88],"product_tag":[189,191,188,190,187],"class_list":{"0":"post-723","1":"product","2":"type-product","3":"status-publish","4":"has-post-thumbnail","6":"product_cat-outdoor-vinyl-banners","7":"product_cat-glossy-pvc-banners","8":"product_cat-matte-vinyl-banners","9":"product_cat-pvc-banners","10":"product_cat-pvc-mesh-banners","11":"product_tag-advertising-mesh-banner","12":"product_tag-all-weather-mesh-banner","13":"product_tag-mesh-banner-printing","14":"product_tag-outdoor-mesh-banner","15":"product_tag-pvc-mesh-banner","17":"first","18":"instock","19":"shipping-taxable","20":"product-type-simple","21":"entry","22":"content-bg","23":"loop-entry"},"_links":{"self":[{"href":"https:\/\/cmykprinted.com\/sk_sk\/wp-json\/wp\/v2\/product\/723","targetHints":{"allow":["GET"]}}],"collection":[{"href":"https:\/\/cmykprinted.com\/sk_sk\/wp-json\/wp\/v2\/product"}],"about":[{"href":"https:\/\/cmykprinted.com\/sk_sk\/wp-json\/wp\/v2\/types\/product"}],"version-history":[{"count":2,"href":"https:\/\/cmykprinted.com\/sk_sk\/wp-json\/wp\/v2\/product\/723\/revisions"}],"predecessor-version":[{"id":732,"href":"https:\/\/cmykprinted.com\/sk_sk\/wp-json\/wp\/v2\/product\/723\/revisions\/732"}],"wp:featuredmedia":[{"embeddable":true,"href":"https:\/\/cmykprinted.com\/sk_sk\/wp-json\/wp\/v2\/media\/724"}],"wp:attachment":[{"href":"https:\/\/cmykprinted.com\/sk_sk\/wp-json\/wp\/v2\/media?parent=723"}],"wp:term":[{"taxonomy":"product_cat","embeddable":true,"href":"https:\/\/cmykprinted.com\/sk_sk\/wp-json\/wp\/v2\/product_cat?post=723"},{"taxonomy":"product_tag","embeddable":true,"href":"https:\/\/cmykprinted.com\/sk_sk\/wp-json\/wp\/v2\/product_tag?post=723"}],"curies":[{"name":"wp","href":"https:\/\/api.w.org\/{rel}","templated":true}]}}