{"id":733,"date":"2022-12-30T03:56:29","date_gmt":"2022-12-30T03:56:29","guid":{"rendered":"https:\/\/cmykprinted.com\/?post_type=product&#038;p=733"},"modified":"2022-12-30T04:21:48","modified_gmt":"2022-12-30T04:21:48","slug":"promotional-triangle-pop-up-banners-a-frame-pop-out-banners","status":"publish","type":"product","link":"https:\/\/cmykprinted.com\/sk_sk\/produkt\/promotional-triangle-pop-up-banners-a-frame-pop-out-banners\/","title":{"rendered":"Propaga\u010dn\u00e9 trojuholn\u00edkov\u00e9 vyskakovacie bannery A-Frame vyskakovacie bannery"},"content":{"rendered":"","protected":false},"excerpt":{"rendered":"<p>Trojuholn\u00edkov\u00e9 vyskakovacie bannery predstavuj\u00fa v\u0161estrann\u00fd a p\u00fatav\u00fd sp\u00f4sob propag\u00e1cie va\u0161ej firmy alebo zna\u010dky. S\u00fa navrhnut\u00e9 tak, aby sa dali \u013eahko nastavi\u0165 a zlo\u017ei\u0165, v\u010faka \u010domu s\u00fa ide\u00e1lne na pou\u017eitie na ve\u013etrhoch, konferenci\u00e1ch a in\u00fdch podujatiach. Tieto bannery s\u00fa vyroben\u00e9 z odolnej brosky\u0148ovej tkaniny, s\u00fa \u013eahk\u00e9 a \u013eahko sa prepravuj\u00fa a dod\u00e1vaj\u00fa sa s pohodlnou ta\u0161kou na uskladnenie.<br \/>\nOkrem toho, \u017ee sa na\u0161e trojuholn\u00edkov\u00e9 vyskakovacie bannery jednoducho pou\u017e\u00edvaj\u00fa, s\u00fa tie\u017e vysoko efekt\u00edvne pri up\u00fatavan\u00ed pozornosti. \u010ci u\u017e chcete inzerova\u0165 uvedenie nov\u00e9ho produktu, v\u00fdpredaj alebo nadch\u00e1dzaj\u00facu udalos\u0165, tieto bannery s\u00fa skvel\u00fdm sp\u00f4sobom, ako vzbudi\u0165 z\u00e1ujem \u013eud\u00ed o va\u0161u firmu. Daj\u00fa sa pou\u017ei\u0165 v interi\u00e9ri aj exteri\u00e9ri a ich hardv\u00e9r z pru\u017einovej ocele a kol\u00edkov u\u013eah\u010duje mont\u00e1\u017e a demont\u00e1\u017e.<br \/>\nAk h\u013ead\u00e1te sp\u00f4sob, ako posun\u00fa\u0165 svoju firemn\u00fa inzerciu na vy\u0161\u0161iu \u00farove\u0148, zv\u00e1\u017ete invest\u00edciu do trojuholn\u00edkov\u00e9ho kontextov\u00e9ho bannera. S\u00fa skvel\u00fdm sp\u00f4sobom, ako upozorni\u0165 na va\u0161u firmu a urobi\u0165 na potenci\u00e1lnych z\u00e1kazn\u00edkov trval\u00fd dojem. A v\u010faka n\u00e1\u0161mu komplexn\u00e9mu in\u0161tala\u010dn\u00e9mu n\u00e1vodu budete ma\u0165 v\u0161etko, \u010do potrebujete na jednoduch\u00e9 nastavenie a zru\u0161enie banneru. Tieto bannery s\u00fa teda ide\u00e1lnou vo\u013ebou pre ka\u017ed\u00fa firmu, ktor\u00e1 chce zauja\u0165 na svojej \u010fal\u0161ej akcii alebo konferencii.<\/p>\n<div style=\"width: 1280px;\" class=\"wp-video\"><!--[if lt IE 9]><script>document.createElement('video');<\/script><![endif]--><br \/>\n<video class=\"wp-video-shortcode\" id=\"video-733-1\" width=\"1280\" height=\"720\" loop autoplay preload=\"metadata\" controls=\"controls\"><source type=\"video\/mp4\" src=\"http:\/\/cmykprinted.com\/wp-content\/uploads\/2022\/12\/Triangle-Pop-Up-Banners.mp4?_=1\" \/><a href=\"http:\/\/cmykprinted.com\/wp-content\/uploads\/2022\/12\/Triangle-Pop-Up-Banners.mp4\">http:\/\/cmykprinted.com\/wp-content\/uploads\/2022\/12\/Triangle-Pop-Up-Banners.mp4<\/a><\/video><\/div>","protected":false},"featured_media":734,"template":"","meta":{"_kad_post_transparent":"default","_kad_post_title":"hide","_kad_post_layout":"fullwidth","_kad_post_sidebar_id":"","_kad_post_content_style":"unboxed","_kad_post_vertical_padding":"hide","_kad_post_feature":"hide","_kad_post_feature_position":"","_kad_post_header":false,"_kad_post_footer":false},"product_cat":[92,95],"product_tag":[193,194,128,195,192],"class_list":{"0":"post-733","1":"product","2":"type-product","3":"status-publish","4":"has-post-thumbnail","6":"product_cat-pop-up-banners","7":"product_cat-triangle-pop-up-banners","8":"product_tag-a-frame-pop-out-banners","9":"product_tag-pop-out-banners","10":"product_tag-pop-up-banner","11":"product_tag-promotional-pop-up-banners","12":"product_tag-triangle-pop-up-banner","14":"first","15":"instock","16":"shipping-taxable","17":"product-type-simple","18":"entry","19":"content-bg","20":"loop-entry"},"_links":{"self":[{"href":"https:\/\/cmykprinted.com\/sk_sk\/wp-json\/wp\/v2\/product\/733","targetHints":{"allow":["GET"]}}],"collection":[{"href":"https:\/\/cmykprinted.com\/sk_sk\/wp-json\/wp\/v2\/product"}],"about":[{"href":"https:\/\/cmykprinted.com\/sk_sk\/wp-json\/wp\/v2\/types\/product"}],"version-history":[{"count":3,"href":"https:\/\/cmykprinted.com\/sk_sk\/wp-json\/wp\/v2\/product\/733\/revisions"}],"predecessor-version":[{"id":743,"href":"https:\/\/cmykprinted.com\/sk_sk\/wp-json\/wp\/v2\/product\/733\/revisions\/743"}],"wp:featuredmedia":[{"embeddable":true,"href":"https:\/\/cmykprinted.com\/sk_sk\/wp-json\/wp\/v2\/media\/734"}],"wp:attachment":[{"href":"https:\/\/cmykprinted.com\/sk_sk\/wp-json\/wp\/v2\/media?parent=733"}],"wp:term":[{"taxonomy":"product_cat","embeddable":true,"href":"https:\/\/cmykprinted.com\/sk_sk\/wp-json\/wp\/v2\/product_cat?post=733"},{"taxonomy":"product_tag","embeddable":true,"href":"https:\/\/cmykprinted.com\/sk_sk\/wp-json\/wp\/v2\/product_tag?post=733"}],"curies":[{"name":"wp","href":"https:\/\/api.w.org\/{rel}","templated":true}]}}