{"id":744,"date":"2022-12-30T08:55:17","date_gmt":"2022-12-30T08:55:17","guid":{"rendered":"https:\/\/cmykprinted.com\/?post_type=product&#038;p=744"},"modified":"2022-12-30T12:44:27","modified_gmt":"2022-12-30T12:44:27","slug":"straight-tension-fabric-backdrop-media-wall-wholesale-price","status":"publish","type":"product","link":"https:\/\/cmykprinted.com\/sk_sk\/produkt\/straight-tension-fabric-backdrop-media-wall-wholesale-price\/","title":{"rendered":"Ve\u013ekoobchodn\u00e1 cena za medi\u00e1lnu stenu s rovn\u00fdm nap\u00e4t\u00edm"},"content":{"rendered":"","protected":false},"excerpt":{"rendered":"<p>Na\u0161e najpred\u00e1vanej\u0161ie rovn\u00e9 nap\u00ednacie textiln\u00e9 pozadie je v\u0161estrann\u00e9 a vhodn\u00e9 na r\u00f4zne \u00fa\u010dely, vr\u00e1tane pou\u017eitia ako pozadie v \u0161t\u00fadiu, na javisko alebo na podujatie, pozadie na fotob\u00fadku, pozadie tla\u010dovej konferencie, pozadie sl\u00e1vnostn\u00e9ho odovzd\u00e1vania cien a pozadie na \u010derven\u00fd koberec. S mo\u017enos\u0165ou zahrn\u00fa\u0165 dva r\u00f4zne vzory na rovnak\u00fd banner m\u00f4\u017eete maximalizova\u0165 svoju hodnotu a pohodlie pri preprave. Stre\u010dov\u00e1 tkanina je vyroben\u00e1 z odoln\u00e9ho a flexibiln\u00e9ho polyesteru 100%, ktor\u00fd mo\u017eno pra\u0165 v pr\u00e1\u010dke a je vytla\u010den\u00e1 pomocou n\u00e1\u0161ho vlastn\u00e9ho procesu potla\u010de tkaniny, ktor\u00fd zais\u0165uje, \u017ee v\u00e1\u0161 dizajn zostane \u017eiv\u00fd a jasn\u00fd aj po viacn\u00e1sobnom pran\u00ed a za ak\u00fdchko\u013evek poveternostn\u00fdch podmienok. N\u00e1\u0161 proces tla\u010de je tie\u017e ekologick\u00fd rozp\u00fa\u0161\u0165adl\u00e1, vyu\u017e\u00edvaj\u00face \u00faplne pr\u00edrodn\u00e9, biologicky odb\u00farate\u013en\u00e9 rozp\u00fa\u0161\u0165adl\u00e1, ktor\u00e9 s\u00fa pre telo menej drsn\u00e9 a bezpe\u010dnej\u0161ie. \u013dahk\u00fd a pevn\u00fd hlin\u00edkov\u00fd r\u00e1m je navrhnut\u00fd tak, aby podporoval roztiahnutie l\u00e1tky po dlh\u0161iu dobu, a dod\u00e1va sa so zacvak\u00e1vac\u00edmi r\u00farkami pre jednoduch\u00e9 a r\u00fdchle nastavenie bez potreby \u010fal\u0161\u00edch n\u00e1strojov. Stojan je nastavite\u013en\u00fd na preferovan\u00fa ve\u013ekos\u0165 a dod\u00e1va sa s rolovac\u00edm pevn\u00fdm p\u00f3diom pre \u013eahk\u00fa prenosnos\u0165. Rovn\u00e1 nap\u00ednacia tkanina sa dod\u00e1va do \u0161tyroch a\u017e piatich pracovn\u00fdch dn\u00ed bezplatne.<\/p>\n<div style=\"width: 1280px;\" class=\"wp-video\"><!--[if lt IE 9]><script>document.createElement('video');<\/script><![endif]--><br \/>\n<video class=\"wp-video-shortcode\" id=\"video-744-1\" width=\"1280\" height=\"720\" loop autoplay preload=\"auto\" controls=\"controls\"><source type=\"video\/mp4\" src=\"http:\/\/cmykprinted.com\/wp-content\/uploads\/2022\/12\/Straight-Tension-Fabric-Backdrop.mp4?_=1\" \/><a href=\"http:\/\/cmykprinted.com\/wp-content\/uploads\/2022\/12\/Straight-Tension-Fabric-Backdrop.mp4\">http:\/\/cmykprinted.com\/wp-content\/uploads\/2022\/12\/Straight-Tension-Fabric-Backdrop.mp4<\/a><\/video><\/div>","protected":false},"featured_media":745,"template":"","meta":{"_kad_post_transparent":"default","_kad_post_title":"hide","_kad_post_layout":"fullwidth","_kad_post_sidebar_id":"","_kad_post_content_style":"unboxed","_kad_post_vertical_padding":"hide","_kad_post_feature":"hide","_kad_post_feature_position":"","_kad_post_header":false,"_kad_post_footer":false},"product_cat":[97,100],"product_tag":[196,197,198],"class_list":{"0":"post-744","1":"product","2":"type-product","3":"status-publish","4":"has-post-thumbnail","6":"product_cat-tension-fabric-displays","7":"product_cat-straight-tension-fabric-backdrop","8":"product_tag-straight-tension-fabric-backdrop","9":"product_tag-tension-fabric-backdrop","10":"product_tag-tension-fabric-media-wall","12":"first","13":"instock","14":"shipping-taxable","15":"product-type-simple","16":"entry","17":"content-bg","18":"loop-entry"},"_links":{"self":[{"href":"https:\/\/cmykprinted.com\/sk_sk\/wp-json\/wp\/v2\/product\/744","targetHints":{"allow":["GET"]}}],"collection":[{"href":"https:\/\/cmykprinted.com\/sk_sk\/wp-json\/wp\/v2\/product"}],"about":[{"href":"https:\/\/cmykprinted.com\/sk_sk\/wp-json\/wp\/v2\/types\/product"}],"version-history":[{"count":4,"href":"https:\/\/cmykprinted.com\/sk_sk\/wp-json\/wp\/v2\/product\/744\/revisions"}],"predecessor-version":[{"id":750,"href":"https:\/\/cmykprinted.com\/sk_sk\/wp-json\/wp\/v2\/product\/744\/revisions\/750"}],"wp:featuredmedia":[{"embeddable":true,"href":"https:\/\/cmykprinted.com\/sk_sk\/wp-json\/wp\/v2\/media\/745"}],"wp:attachment":[{"href":"https:\/\/cmykprinted.com\/sk_sk\/wp-json\/wp\/v2\/media?parent=744"}],"wp:term":[{"taxonomy":"product_cat","embeddable":true,"href":"https:\/\/cmykprinted.com\/sk_sk\/wp-json\/wp\/v2\/product_cat?post=744"},{"taxonomy":"product_tag","embeddable":true,"href":"https:\/\/cmykprinted.com\/sk_sk\/wp-json\/wp\/v2\/product_tag?post=744"}],"curies":[{"name":"wp","href":"https:\/\/api.w.org\/{rel}","templated":true}]}}