{"id":751,"date":"2022-12-30T12:03:52","date_gmt":"2022-12-30T12:03:52","guid":{"rendered":"https:\/\/cmykprinted.com\/?post_type=product&#038;p=751"},"modified":"2022-12-30T12:39:33","modified_gmt":"2022-12-30T12:39:33","slug":"multipurpose-wholesale-adhesive-uv-transfer-stickers-labels","status":"publish","type":"product","link":"https:\/\/cmykprinted.com\/sk_sk\/produkt\/multipurpose-wholesale-adhesive-uv-transfer-stickers-labels\/","title":{"rendered":"Viac\u00fa\u010delov\u00e9 ve\u013ekoobchodn\u00e9 samolepiace UV prenosov\u00e9 n\u00e1lepky"},"content":{"rendered":"","protected":false},"excerpt":{"rendered":"<p>UV prenosov\u00e9 n\u00e1lepky s 3D stereo efektom v\u00e1m umo\u017e\u0148uj\u00fa vytv\u00e1ra\u0165 vlastn\u00e9 n\u00e1vrhy s vlastn\u00fdmi vzormi, logami a textom. Tieto n\u00e1lepky s\u00fa vyroben\u00e9 z UV prenosovej pasty, ktor\u00e1 je zn\u00e1ma svojimi siln\u00fdmi adh\u00e9znymi vlastnos\u0165ami a vodeodoln\u00fdmi vlastnos\u0165ami. Je tie\u017e odoln\u00fd vo\u010di po\u0161kriabaniu, v\u010faka \u010domu je odolnou a dlhotrvaj\u00facou vo\u013ebou pre r\u00f4zne povrchy. Je v\u0161ak d\u00f4le\u017eit\u00e9 si uvedomi\u0165, \u017ee tieto n\u00e1lepky by nemali by\u0165 vystaven\u00e9 hor\u00facej vode alebo zahrievaniu, preto\u017ee to m\u00f4\u017ee ovplyvni\u0165 ich lepivos\u0165.<br \/>\nTieto n\u00e1lepky je mo\u017en\u00e9 pou\u017ei\u0165 na \u0161irok\u00fa \u0161k\u00e1lu povrchov vr\u00e1tane kovu, plastu, skla, lakovan\u00fdch povrchov, kn\u00edh, kart\u00f3nu, dreva, kart\u00f3nov, \u017eivicov\u00fdch materi\u00e1lov, keramick\u00fdch materi\u00e1lov, tvrd\u00fdch obalov\u00fdch materi\u00e1lov, pier, trofej\u00ed, flia\u0161, termosiek, pozn\u00e1mkov\u00fdch blokov, pendrive a ak\u00fdko\u013evek in\u00fd hladk\u00fd materi\u00e1l. M\u00f4\u017eu by\u0165 dokonca aplikovan\u00e9 na va\u0161e auto, pokia\u013e je povrch pred pou\u017eit\u00edm \u010dist\u00fd.<br \/>\nOkrem toho je mo\u017en\u00e9 tieto n\u00e1lepky vyreza\u0165 na mieru do \u013eubovo\u013en\u00e9ho tvaru, ktor\u00fd si \u017eel\u00e1te, pomocou procesu naz\u00fdvan\u00e9ho vysek\u00e1vanie alebo rezanie bozkom. To v\u00e1m umo\u017en\u00ed vytv\u00e1ra\u0165 jedine\u010dn\u00e9 a prisp\u00f4soben\u00e9 n\u00e1lepky, ktor\u00e9 mo\u017eno pou\u017ei\u0165 na r\u00f4zne \u00fa\u010dely, ako je budovanie zna\u010dky, marketing alebo osobn\u00e9 vyjadrenie. Tieto n\u00e1lepky s\u00fa teda ve\u013emi univerz\u00e1lne a daj\u00fa sa pou\u017ei\u0165 v \u0161irokej \u0161k\u00e1le aplik\u00e1ci\u00ed.<\/p>\n<div style=\"width: 1280px;\" class=\"wp-video\"><!--[if lt IE 9]><script>document.createElement('video');<\/script><![endif]--><br \/>\n<video class=\"wp-video-shortcode\" id=\"video-751-1\" width=\"1280\" height=\"720\" loop autoplay preload=\"auto\" controls=\"controls\"><source type=\"video\/mp4\" src=\"http:\/\/cmykprinted.com\/wp-content\/uploads\/2022\/12\/UV-transfer-stickers.mp4?_=1\" \/><a href=\"http:\/\/cmykprinted.com\/wp-content\/uploads\/2022\/12\/UV-transfer-stickers.mp4\">http:\/\/cmykprinted.com\/wp-content\/uploads\/2022\/12\/UV-transfer-stickers.mp4<\/a><\/video><\/div>","protected":false},"featured_media":752,"template":"","meta":{"_kad_post_transparent":"default","_kad_post_title":"hide","_kad_post_layout":"fullwidth","_kad_post_sidebar_id":"","_kad_post_content_style":"unboxed","_kad_post_vertical_padding":"hide","_kad_post_feature":"hide","_kad_post_feature_position":"","_kad_post_header":false,"_kad_post_footer":false},"product_cat":[101,103],"product_tag":[202,200,199,138,201],"class_list":{"0":"post-751","1":"product","2":"type-product","3":"status-publish","4":"has-post-thumbnail","6":"product_cat-transfer-stickers","7":"product_cat-uv-transfer-stickers","8":"product_tag-adhesive-transfer-stickers","9":"product_tag-multipurpose-transfer-stickers","10":"product_tag-uv-transfer-labels","11":"product_tag-uv-transfer-stickers","12":"product_tag-wholesale-transfer-stickers","14":"first","15":"instock","16":"shipping-taxable","17":"product-type-simple","18":"entry","19":"content-bg","20":"loop-entry"},"_links":{"self":[{"href":"https:\/\/cmykprinted.com\/sk_sk\/wp-json\/wp\/v2\/product\/751","targetHints":{"allow":["GET"]}}],"collection":[{"href":"https:\/\/cmykprinted.com\/sk_sk\/wp-json\/wp\/v2\/product"}],"about":[{"href":"https:\/\/cmykprinted.com\/sk_sk\/wp-json\/wp\/v2\/types\/product"}],"version-history":[{"count":3,"href":"https:\/\/cmykprinted.com\/sk_sk\/wp-json\/wp\/v2\/product\/751\/revisions"}],"predecessor-version":[{"id":761,"href":"https:\/\/cmykprinted.com\/sk_sk\/wp-json\/wp\/v2\/product\/751\/revisions\/761"}],"wp:featuredmedia":[{"embeddable":true,"href":"https:\/\/cmykprinted.com\/sk_sk\/wp-json\/wp\/v2\/media\/752"}],"wp:attachment":[{"href":"https:\/\/cmykprinted.com\/sk_sk\/wp-json\/wp\/v2\/media?parent=751"}],"wp:term":[{"taxonomy":"product_cat","embeddable":true,"href":"https:\/\/cmykprinted.com\/sk_sk\/wp-json\/wp\/v2\/product_cat?post=751"},{"taxonomy":"product_tag","embeddable":true,"href":"https:\/\/cmykprinted.com\/sk_sk\/wp-json\/wp\/v2\/product_tag?post=751"}],"curies":[{"name":"wp","href":"https:\/\/api.w.org\/{rel}","templated":true}]}}