{"id":778,"date":"2022-12-31T02:58:49","date_gmt":"2022-12-31T02:58:49","guid":{"rendered":"https:\/\/cmykprinted.com\/?post_type=product&#038;p=778"},"modified":"2022-12-31T03:33:16","modified_gmt":"2022-12-31T03:33:16","slug":"heavy-duty-instant-enclosed-10x20ft-pop-up-canopies-gazebo","status":"publish","type":"product","link":"https:\/\/cmykprinted.com\/sk_sk\/produkt\/heavy-duty-instant-enclosed-10x20ft-pop-up-canopies-gazebo\/","title":{"rendered":"Vysoko odoln\u00e9 okam\u017eite uzavret\u00e9 v\u00fdsuvn\u00e9 pr\u00edstre\u0161ky s rozmermi 10x20 st\u00f4p"},"content":{"rendered":"","protected":false},"excerpt":{"rendered":"<p>10 x 20 st\u00f4p vys\u00favacie baldach\u00fdny s\u00fa navrhnut\u00e9 pre vonkaj\u0161ie akcie a maj\u00fa pohodln\u00fa ta\u0161ku na \u013eahk\u00fa prepravu. 10 x 20 st\u00f4p vys\u00favacie pr\u00edstre\u0161ky pon\u00fakaj\u00fa ve\u013ek\u00fa tieniacu plochu 200 \u0161tvorcov\u00fdch st\u00f4p, dostato\u010dn\u00fa na umiestnenie 8 st\u00f4p obd\u013a\u017enikov\u00e9ho stola s 25 stoli\u010dkami alebo pribli\u017ene 30 \u013eud\u00ed stojacich s\u00fa\u010dasne. Strie\u0161ka je vyroben\u00e1 z odolnej 420D Oxford tkaniny s PVC z\u00e1terom pre odolnos\u0165 proti vetru a opotrebovaniu, ako aj UV30+ ochranu a vodeodolnos\u0165. Jeho in\u0161tal\u00e1cia je r\u00fdchla a jednoduch\u00e1, s procesom in\u0161tal\u00e1cie bez pou\u017eitia n\u00e1radia a robustn\u00fdm oce\u013eov\u00fdm r\u00e1mom so 4-polohov\u00fdm nastaven\u00edm v\u00fd\u0161ky. Baldach\u00fdn m\u00e1 tie\u017e bo\u010dn\u00e9 steny s prieh\u013eadn\u00fdmi oknami a centr\u00e1lnymi dvierkami na zips pre dodato\u010dn\u00fa ochranu pred vetrom a \u0161kodliv\u00fdm slne\u010dn\u00fdm \u017eiaren\u00edm, pri\u010dom st\u00e1le umo\u017e\u0148uje jasn\u00fd v\u00fdh\u013ead von. Bo\u010dn\u00e9 steny mo\u017eno \u013eahko pripevni\u0165 alebo odpoji\u0165 od r\u00e1mu strie\u0161ky pomocou such\u00fdch zipsov.<\/p>\n<div style=\"width: 1280px;\" class=\"wp-video\"><!--[if lt IE 9]><script>document.createElement('video');<\/script><![endif]--><br \/>\n<video class=\"wp-video-shortcode\" id=\"video-778-1\" width=\"1280\" height=\"720\" loop autoplay preload=\"auto\" controls=\"controls\"><source type=\"video\/mp4\" src=\"http:\/\/cmykprinted.com\/wp-content\/uploads\/2022\/12\/10x20ft-Pop-Up-Canopies.mp4?_=1\" \/><a href=\"http:\/\/cmykprinted.com\/wp-content\/uploads\/2022\/12\/10x20ft-Pop-Up-Canopies.mp4\">http:\/\/cmykprinted.com\/wp-content\/uploads\/2022\/12\/10x20ft-Pop-Up-Canopies.mp4<\/a><\/video><\/div>","protected":false},"featured_media":780,"template":"","meta":{"_kad_post_transparent":"default","_kad_post_title":"hide","_kad_post_layout":"fullwidth","_kad_post_sidebar_id":"","_kad_post_content_style":"unboxed","_kad_post_vertical_padding":"hide","_kad_post_feature":"hide","_kad_post_feature_position":"","_kad_post_header":false,"_kad_post_footer":false},"product_cat":[68,72,69],"product_tag":[208,211,209,210],"class_list":{"0":"post-778","1":"product","2":"type-product","3":"status-publish","4":"has-post-thumbnail","6":"product_cat-custom-canopy-tents","7":"product_cat-10x20ft-pop-up-canopies","8":"product_cat-40mm-hexagon-aluminum-tents","9":"product_tag-10x20ft-pop-up-canopies","10":"product_tag-heavy-duty-gazebo","11":"product_tag-heavy-duty-pop-up-canopies","12":"product_tag-instant-pop-up-canopies","14":"first","15":"instock","16":"shipping-taxable","17":"product-type-simple","18":"entry","19":"content-bg","20":"loop-entry"},"_links":{"self":[{"href":"https:\/\/cmykprinted.com\/sk_sk\/wp-json\/wp\/v2\/product\/778","targetHints":{"allow":["GET"]}}],"collection":[{"href":"https:\/\/cmykprinted.com\/sk_sk\/wp-json\/wp\/v2\/product"}],"about":[{"href":"https:\/\/cmykprinted.com\/sk_sk\/wp-json\/wp\/v2\/types\/product"}],"version-history":[{"count":4,"href":"https:\/\/cmykprinted.com\/sk_sk\/wp-json\/wp\/v2\/product\/778\/revisions"}],"predecessor-version":[{"id":790,"href":"https:\/\/cmykprinted.com\/sk_sk\/wp-json\/wp\/v2\/product\/778\/revisions\/790"}],"wp:featuredmedia":[{"embeddable":true,"href":"https:\/\/cmykprinted.com\/sk_sk\/wp-json\/wp\/v2\/media\/780"}],"wp:attachment":[{"href":"https:\/\/cmykprinted.com\/sk_sk\/wp-json\/wp\/v2\/media?parent=778"}],"wp:term":[{"taxonomy":"product_cat","embeddable":true,"href":"https:\/\/cmykprinted.com\/sk_sk\/wp-json\/wp\/v2\/product_cat?post=778"},{"taxonomy":"product_tag","embeddable":true,"href":"https:\/\/cmykprinted.com\/sk_sk\/wp-json\/wp\/v2\/product_tag?post=778"}],"curies":[{"name":"wp","href":"https:\/\/api.w.org\/{rel}","templated":true}]}}