{"id":791,"date":"2022-12-31T06:57:00","date_gmt":"2022-12-31T06:57:00","guid":{"rendered":"https:\/\/cmykprinted.com\/?post_type=product&#038;p=791"},"modified":"2022-12-31T07:06:35","modified_gmt":"2022-12-31T07:06:35","slug":"wall-mounted-promotional-flags-end-sign-flags-custom-printed","status":"publish","type":"product","link":"https:\/\/cmykprinted.com\/sk_sk\/produkt\/wall-mounted-promotional-flags-end-sign-flags-custom-printed\/","title":{"rendered":"N\u00e1stenn\u00e9 propaga\u010dn\u00e9 vlajky Vlajky na konci tla\u010den\u00e9 na mieru"},"content":{"rendered":"","protected":false},"excerpt":{"rendered":"<p>Na\u0161e n\u00e1stenn\u00e9 reklamn\u00e9 vlajky s\u00fa vytla\u010den\u00e9 na pevnom, odolnom PVC bannerovom materi\u00e1li a o\u0161etren\u00e9 UV atramentom pre dlh\u00fa \u017eivotnos\u0165 v exteri\u00e9ri. Tieto vlajky meraj\u00fa 430 mm na \u0161\u00edrku a 355 mm na jednej strane a 560 mm na druhej strane. Tieto vlajky s\u00fa vyroben\u00e9 zo siln\u00e9ho, ale flexibiln\u00e9ho bieleho PVC a maj\u00fa sto\u017eiar dlh\u00fd 750 mm. Z\u00fa\u017een\u00e1 obj\u00edmka zais\u0165uje bezpe\u010dn\u00e9 uchytenie na ty\u010di a zabra\u0148uje strate vlajky vo vetern\u00fdch podmienkach. Tieto vlajky sa daj\u00fa \u013eahko priskrutkova\u0165 na steny a dod\u00e1vaj\u00fa sa so s\u00fapravou, ktor\u00e1 obsahuje polypropyl\u00e9nov\u00fd dr\u017eiak, ty\u010d z PVC, koncovku a golier. Pon\u00fakame tie\u017e oby\u010dajn\u00e9 \u201eDisplay Flags\u201c vyroben\u00e9 zo 780 g\/m2 vystu\u017een\u00e9ho \u013eahk\u00e9ho bloku PVC, ktor\u00e9 s\u00fa vhodn\u00e9 na vinylov\u00fa aplik\u00e1ciu a daj\u00fa sa vytla\u010di\u0165 na objedn\u00e1vku. K dispoz\u00edcii s\u00fa aj vlastn\u00e9 tvarovan\u00e9 vlajky. V\u0161etky na\u0161e vlajky s\u00fa vyroben\u00e9 s pou\u017eit\u00edm superpevn\u00fdch m\u00e9di\u00ed a polyesterov\u00fdch stehov n\u00e1mornej kvality pre najlep\u0161\u00ed vonkaj\u0161\u00ed v\u00fdkon.<\/p>","protected":false},"featured_media":792,"template":"","meta":{"_kad_post_transparent":"default","_kad_post_title":"hide","_kad_post_layout":"fullwidth","_kad_post_sidebar_id":"","_kad_post_content_style":"unboxed","_kad_post_vertical_padding":"hide","_kad_post_feature":"hide","_kad_post_feature_position":"","_kad_post_header":false,"_kad_post_footer":false},"product_cat":[79],"product_tag":[215,213,214,212],"class_list":{"0":"post-791","1":"product","2":"type-product","3":"status-publish","4":"has-post-thumbnail","6":"product_cat-custom-flags","7":"product_tag-custom-promotional-flags","8":"product_tag-end-sign-flags","9":"product_tag-promotional-flags","10":"product_tag-wall-mounted-promotional-flags","12":"first","13":"instock","14":"shipping-taxable","15":"product-type-simple","16":"entry","17":"content-bg","18":"loop-entry"},"_links":{"self":[{"href":"https:\/\/cmykprinted.com\/sk_sk\/wp-json\/wp\/v2\/product\/791","targetHints":{"allow":["GET"]}}],"collection":[{"href":"https:\/\/cmykprinted.com\/sk_sk\/wp-json\/wp\/v2\/product"}],"about":[{"href":"https:\/\/cmykprinted.com\/sk_sk\/wp-json\/wp\/v2\/types\/product"}],"version-history":[{"count":3,"href":"https:\/\/cmykprinted.com\/sk_sk\/wp-json\/wp\/v2\/product\/791\/revisions"}],"predecessor-version":[{"id":799,"href":"https:\/\/cmykprinted.com\/sk_sk\/wp-json\/wp\/v2\/product\/791\/revisions\/799"}],"wp:featuredmedia":[{"embeddable":true,"href":"https:\/\/cmykprinted.com\/sk_sk\/wp-json\/wp\/v2\/media\/792"}],"wp:attachment":[{"href":"https:\/\/cmykprinted.com\/sk_sk\/wp-json\/wp\/v2\/media?parent=791"}],"wp:term":[{"taxonomy":"product_cat","embeddable":true,"href":"https:\/\/cmykprinted.com\/sk_sk\/wp-json\/wp\/v2\/product_cat?post=791"},{"taxonomy":"product_tag","embeddable":true,"href":"https:\/\/cmykprinted.com\/sk_sk\/wp-json\/wp\/v2\/product_tag?post=791"}],"curies":[{"name":"wp","href":"https:\/\/api.w.org\/{rel}","templated":true}]}}