{"id":810,"date":"2022-12-31T13:39:50","date_gmt":"2022-12-31T13:39:50","guid":{"rendered":"https:\/\/cmykprinted.com\/?post_type=product&#038;p=810"},"modified":"2022-12-31T13:53:52","modified_gmt":"2022-12-31T13:53:52","slug":"durable-custom-printed-outdoor-scrim-glossy-vinyl-banner","status":"publish","type":"product","link":"https:\/\/cmykprinted.com\/sk_sk\/produkt\/durable-custom-printed-outdoor-scrim-glossy-vinyl-banner\/","title":{"rendered":"Odoln\u00fd vonkaj\u0161\u00ed leskl\u00fd vinylov\u00fd transparent s potla\u010dou na mieru"},"content":{"rendered":"","protected":false},"excerpt":{"rendered":"<p>Na\u0161e leskl\u00e9 vinylov\u00e9 bannery s\u00fa vhodn\u00e9 na vn\u00fatorn\u00e9 aj vonkaj\u0161ie pou\u017eitie, preto\u017ee s\u00fa odoln\u00e9 vo\u010di vyblednutiu, roztrhnutiu a vetru. S\u00fa tie\u017e ve\u013emi n\u00e1kladovo efekt\u00edvne, v\u010faka \u010domu s\u00fa skvelou vo\u013ebou pre \u013eud\u00ed s obmedzen\u00fdm rozpo\u010dtom. Vinylov\u00fd materi\u00e1l pou\u017eit\u00fd v t\u00fdchto banneroch je jasn\u00fd a leskl\u00fd, v\u010faka \u010domu farby vo va\u0161om dizajne vyzeraj\u00fa \u017eiv\u0161ie a p\u00fatavej\u0161ie. Navy\u0161e ultra hladk\u00fd povrch s n\u00e1pismi na t\u00fdchto banneroch pom\u00e1ha o\u017eivi\u0165 va\u0161u grafiku.<br \/>\nNa\u0161e leskl\u00e9 vinylov\u00e9 bannery s\u00fa ob\u013e\u00fabenou vo\u013ebou pri vonkaj\u0161\u00edch podujatiach, ako s\u00fa futbalov\u00e9 z\u00e1pasy, kde ich mo\u017eno zavesi\u0165 pozd\u013a\u017e plotu alebo steny obklopuj\u00facej ihrisko, aby prezentovali sponzorov t\u00edmu. S\u00fa tie\u017e skvelou vo\u013ebou pre rodinn\u00e9 stretnutia, firemn\u00e9 pikniky a in\u00e9 vonkaj\u0161ie stretnutia, preto\u017ee ich mo\u017eno jednoducho zavesi\u0165 medzi dva stromy a vytvori\u0165 tak \u017eiv\u00fd a cenovo dostupn\u00fd displej. Bez oh\u013eadu na pr\u00edle\u017eitos\u0165, na\u0161e leskl\u00e9 vinylov\u00e9 bannery ur\u010dite urobia va\u0161u udalos\u0165 v\u00fdnimo\u010dnou.<\/p>\n<div style=\"width: 1290px;\" class=\"wp-video\"><!--[if lt IE 9]><script>document.createElement('video');<\/script><![endif]--><br \/>\n<video class=\"wp-video-shortcode\" id=\"video-810-1\" width=\"1290\" height=\"726\" loop autoplay preload=\"auto\" controls=\"controls\"><source type=\"video\/mp4\" src=\"http:\/\/cmykprinted.com\/wp-content\/uploads\/2022\/12\/vinyl-PVC-banners.mp4?_=1\" \/><a href=\"http:\/\/cmykprinted.com\/wp-content\/uploads\/2022\/12\/vinyl-PVC-banners.mp4\">http:\/\/cmykprinted.com\/wp-content\/uploads\/2022\/12\/vinyl-PVC-banners.mp4<\/a><\/video><\/div>\n<p>&nbsp;<\/p>","protected":false},"featured_media":811,"template":"","meta":{"_kad_post_transparent":"default","_kad_post_title":"hide","_kad_post_layout":"fullwidth","_kad_post_sidebar_id":"","_kad_post_content_style":"unboxed","_kad_post_vertical_padding":"hide","_kad_post_feature":"hide","_kad_post_feature_position":"","_kad_post_header":false,"_kad_post_footer":false},"product_cat":[85,90,91,89],"product_tag":[221,220,219,222],"class_list":{"0":"post-810","1":"product","2":"type-product","3":"status-publish","4":"has-post-thumbnail","6":"product_cat-outdoor-vinyl-banners","7":"product_cat-glossy-pvc-banners","8":"product_cat-matte-vinyl-banners","9":"product_cat-pvc-banners","10":"product_tag-custom-vinyl-banner","11":"product_tag-durable-vinyl-banner","12":"product_tag-glossy-vinyl-banner","13":"product_tag-outdoor-vinyl-banner","15":"first","16":"instock","17":"shipping-taxable","18":"product-type-simple","19":"entry","20":"content-bg","21":"loop-entry"},"_links":{"self":[{"href":"https:\/\/cmykprinted.com\/sk_sk\/wp-json\/wp\/v2\/product\/810","targetHints":{"allow":["GET"]}}],"collection":[{"href":"https:\/\/cmykprinted.com\/sk_sk\/wp-json\/wp\/v2\/product"}],"about":[{"href":"https:\/\/cmykprinted.com\/sk_sk\/wp-json\/wp\/v2\/types\/product"}],"version-history":[{"count":2,"href":"https:\/\/cmykprinted.com\/sk_sk\/wp-json\/wp\/v2\/product\/810\/revisions"}],"predecessor-version":[{"id":817,"href":"https:\/\/cmykprinted.com\/sk_sk\/wp-json\/wp\/v2\/product\/810\/revisions\/817"}],"wp:featuredmedia":[{"embeddable":true,"href":"https:\/\/cmykprinted.com\/sk_sk\/wp-json\/wp\/v2\/media\/811"}],"wp:attachment":[{"href":"https:\/\/cmykprinted.com\/sk_sk\/wp-json\/wp\/v2\/media?parent=810"}],"wp:term":[{"taxonomy":"product_cat","embeddable":true,"href":"https:\/\/cmykprinted.com\/sk_sk\/wp-json\/wp\/v2\/product_cat?post=810"},{"taxonomy":"product_tag","embeddable":true,"href":"https:\/\/cmykprinted.com\/sk_sk\/wp-json\/wp\/v2\/product_tag?post=810"}],"curies":[{"name":"wp","href":"https:\/\/api.w.org\/{rel}","templated":true}]}}