{"id":818,"date":"2022-12-31T14:04:19","date_gmt":"2022-12-31T14:04:19","guid":{"rendered":"https:\/\/cmykprinted.com\/?post_type=product&#038;p=818"},"modified":"2022-12-31T14:16:24","modified_gmt":"2022-12-31T14:16:24","slug":"vertical-pop-up-banners-for-promotional-outdoor-advertising","status":"publish","type":"product","link":"https:\/\/cmykprinted.com\/sk_sk\/produkt\/vertical-pop-up-banners-for-promotional-outdoor-advertising\/","title":{"rendered":"Vertik\u00e1lne vyskakovacie bannery pre vonkaj\u0161iu reklamu"},"content":{"rendered":"","protected":false},"excerpt":{"rendered":"<p>Vertik\u00e1lne vyskakovacie bannery s\u00fa skvelou alternat\u00edvou k tradi\u010dn\u00fdm dizajnom A-r\u00e1mu, preto\u017ee pon\u00fakaj\u00fa ove\u013ea v\u00e4\u010d\u0161iu plochu na tla\u010d. Tieto bannery s\u00fa navrhnut\u00e9 tak, aby sa dali \u013eahko prepravova\u0165, nastavova\u0165 a sklada\u0165, v\u010faka \u010domu s\u00fa vhodnou vo\u013ebou na podujatia, obchodn\u00e9 v\u00fdstavy a in\u00e9 pr\u00edle\u017eitosti. S\u00fa tie\u017e vhodn\u00e9 pre vn\u00fatorn\u00e9 aj vonkaj\u0161ie pou\u017eitie a dod\u00e1vaj\u00fa sa so \u0161tyrmi br\u00fasen\u00fdmi hrotmi pre v\u00e4\u010d\u0161iu stabilitu.<br \/>\nJednou z k\u013e\u00fa\u010dov\u00fdch v\u00fdhod vertik\u00e1lnych vyskakovac\u00edch bannerov je to, \u017ee s\u00fa z jedn\u00e9ho kusu, \u010do znamen\u00e1, \u017ee stojan a grafika s\u00fa spojen\u00e9 do jedn\u00e9ho celku. V\u010faka tomu sa \u013eahko pres\u00favaj\u00fa a prepravuj\u00fa, preto\u017ee sa nemus\u00edte stara\u0165 o samostatn\u00e9 kusy. Samotn\u00e1 grafika je vytla\u010den\u00e1 na vysokokvalitnej poly sat\u00e9novej l\u00e1tke, ktor\u00e1 je hladk\u00e1, odoln\u00e1 a \u013eahko sa sklad\u00e1 na prepravu.<br \/>\nV ka\u017edej konfigur\u00e1cii s\u00fa k dispoz\u00edcii r\u00f4zne ve\u013ekosti, tak\u017ee si m\u00f4\u017eete vybra\u0165 t\u00fa, ktor\u00e1 najlep\u0161ie vyhovuje va\u0161im potreb\u00e1m. Okrem toho je v\u017edy s\u00fa\u010das\u0165ou balenia vlastn\u00e1 ta\u0161ka na pren\u00e1\u0161anie, ktor\u00e1 u\u013eah\u010duje ulo\u017eenie a prepravu bannera z jednej udalosti na druh\u00fa. Celkovo s\u00fa vertik\u00e1lne vyskakovacie bannery v\u0161estrann\u00fdm, pohodln\u00fdm a efekt\u00edvnym sp\u00f4sobom, ako zobrazi\u0165 va\u0161u zna\u010dku alebo spr\u00e1vu vo ve\u013ekom.<\/p>\n<div style=\"width: 1290px;\" class=\"wp-video\"><!--[if lt IE 9]><script>document.createElement('video');<\/script><![endif]--><br \/>\n<video class=\"wp-video-shortcode\" id=\"video-818-1\" width=\"1290\" height=\"726\" loop autoplay preload=\"auto\" controls=\"controls\"><source type=\"video\/mp4\" src=\"http:\/\/cmykprinted.com\/wp-content\/uploads\/2022\/12\/horizontal-pop-up-banners.mp4?_=1\" \/><a href=\"http:\/\/cmykprinted.com\/wp-content\/uploads\/2022\/12\/horizontal-pop-up-banners.mp4\">http:\/\/cmykprinted.com\/wp-content\/uploads\/2022\/12\/horizontal-pop-up-banners.mp4<\/a><\/video><\/div>\n<p>&nbsp;<\/p>","protected":false},"featured_media":819,"template":"","meta":{"_kad_post_transparent":"default","_kad_post_title":"hide","_kad_post_layout":"fullwidth","_kad_post_sidebar_id":"","_kad_post_content_style":"unboxed","_kad_post_vertical_padding":"hide","_kad_post_feature":"hide","_kad_post_feature_position":"","_kad_post_header":false,"_kad_post_footer":false},"product_cat":[92,96],"product_tag":[224,167,225,166,195,223],"class_list":{"0":"post-818","1":"product","2":"type-product","3":"status-publish","4":"has-post-thumbnail","6":"product_cat-pop-up-banners","7":"product_cat-vertical-pop-up-banners","8":"product_tag-advertising-pop-up-banners","9":"product_tag-custom-pop-up-banners","10":"product_tag-outdoor-pop-up-banners","11":"product_tag-pop-up-banners","12":"product_tag-promotional-pop-up-banners","13":"product_tag-vertical-pop-up-banners","15":"first","16":"instock","17":"shipping-taxable","18":"product-type-simple","19":"entry","20":"content-bg","21":"loop-entry"},"_links":{"self":[{"href":"https:\/\/cmykprinted.com\/sk_sk\/wp-json\/wp\/v2\/product\/818","targetHints":{"allow":["GET"]}}],"collection":[{"href":"https:\/\/cmykprinted.com\/sk_sk\/wp-json\/wp\/v2\/product"}],"about":[{"href":"https:\/\/cmykprinted.com\/sk_sk\/wp-json\/wp\/v2\/types\/product"}],"version-history":[{"count":1,"href":"https:\/\/cmykprinted.com\/sk_sk\/wp-json\/wp\/v2\/product\/818\/revisions"}],"predecessor-version":[{"id":825,"href":"https:\/\/cmykprinted.com\/sk_sk\/wp-json\/wp\/v2\/product\/818\/revisions\/825"}],"wp:featuredmedia":[{"embeddable":true,"href":"https:\/\/cmykprinted.com\/sk_sk\/wp-json\/wp\/v2\/media\/819"}],"wp:attachment":[{"href":"https:\/\/cmykprinted.com\/sk_sk\/wp-json\/wp\/v2\/media?parent=818"}],"wp:term":[{"taxonomy":"product_cat","embeddable":true,"href":"https:\/\/cmykprinted.com\/sk_sk\/wp-json\/wp\/v2\/product_cat?post=818"},{"taxonomy":"product_tag","embeddable":true,"href":"https:\/\/cmykprinted.com\/sk_sk\/wp-json\/wp\/v2\/product_tag?post=818"}],"curies":[{"name":"wp","href":"https:\/\/api.w.org\/{rel}","templated":true}]}}