{"id":834,"date":"2023-01-01T06:16:03","date_gmt":"2023-01-01T06:16:03","guid":{"rendered":"https:\/\/cmykprinted.com\/?post_type=product&#038;p=834"},"modified":"2023-01-01T06:28:27","modified_gmt":"2023-01-01T06:28:27","slug":"metallic-letters-labels-adhesive-3d-transfer-metal-sticker","status":"publish","type":"product","link":"https:\/\/cmykprinted.com\/sk_sk\/produkt\/metallic-letters-labels-adhesive-3d-transfer-metal-sticker\/","title":{"rendered":"Kovov\u00e9 p\u00edsmen\u00e1, \u0161t\u00edtky, lepidlo, 3D prenos, kovov\u00e1 n\u00e1lepka"},"content":{"rendered":"","protected":false},"excerpt":{"rendered":"<p>Pomocou \u0161t\u00edtkov s kovov\u00fdmi p\u00edsmenami m\u00f4\u017eete \u013eahko up\u00fata\u0165 pozornos\u0165 svojich z\u00e1kazn\u00edkov a pritiahnu\u0165 ich, aby sa dozvedeli viac o tom, \u010do pon\u00fakate. Tieto p\u00fatav\u00e9 n\u00e1lepky s\u00fa navrhnut\u00e9 tak, aby dodali v\u00e1\u0161mu produktu alebo slu\u017ebe vizu\u00e1lny dojem, v\u010faka \u010domu vynikn\u00fa od konkurencie.<br \/>\nPomocou najnov\u0161ej technol\u00f3gie sa tieto \u0161t\u00edtky vyr\u00e1baj\u00fa v \u017eiariv\u00fdch farb\u00e1ch v rade gradientov a polt\u00f3nov, \u010do im dod\u00e1va leskl\u00fd a atrakt\u00edvny vzh\u013ead, ktor\u00fd zvy\u0161uje vn\u00edman\u00fa hodnotu va\u0161ej ponuky. \u010ci u\u017e podnik\u00e1te v oblasti predaja produktov alebo propag\u00e1cie podujat\u00ed alebo slu\u017eieb, tieto vlastn\u00e9 \u0161t\u00edtky ur\u010dite up\u00fataj\u00fa pozornos\u0165 va\u0161ej cie\u013eovej skupiny a pom\u00f4\u017eu v\u00e1m vynikn\u00fa\u0165 na preplnenom trhu.<br \/>\nTak na\u010do \u010daka\u0165? Investujte do kovov\u00fdch \u0161t\u00edtkov s p\u00edsmenami e\u0161te dnes a sledujte, ako sa va\u0161e podnikanie rozbieha do nov\u00fdch v\u00fd\u0161in!<\/p>\n<div style=\"width: 1280px;\" class=\"wp-video\"><!--[if lt IE 9]><script>document.createElement('video');<\/script><![endif]--><br \/>\n<video class=\"wp-video-shortcode\" id=\"video-834-1\" width=\"1280\" height=\"720\" loop autoplay preload=\"metadata\" controls=\"controls\"><source type=\"video\/mp4\" src=\"http:\/\/cmykprinted.com\/wp-content\/uploads\/2022\/12\/Metal-Transfer-Sticker.mp4?_=1\" \/><a href=\"http:\/\/cmykprinted.com\/wp-content\/uploads\/2022\/12\/Metal-Transfer-Sticker.mp4\">http:\/\/cmykprinted.com\/wp-content\/uploads\/2022\/12\/Metal-Transfer-Sticker.mp4<\/a><\/video><\/div>\n<p>&nbsp;<\/p>","protected":false},"featured_media":835,"template":"","meta":{"_kad_post_transparent":"default","_kad_post_title":"hide","_kad_post_layout":"fullwidth","_kad_post_sidebar_id":"","_kad_post_content_style":"unboxed","_kad_post_vertical_padding":"hide","_kad_post_feature":"hide","_kad_post_feature_position":"","_kad_post_header":false,"_kad_post_footer":false},"product_cat":[101,102],"product_tag":[232,233,230,231],"class_list":{"0":"post-834","1":"product","2":"type-product","3":"status-publish","4":"has-post-thumbnail","6":"product_cat-transfer-stickers","7":"product_cat-metal-transfer-stickers","8":"product_tag-3d-transfer-sticker","9":"product_tag-adhesive-metal-sticker","10":"product_tag-metallic-letters-labels","11":"product_tag-transfer-metal-sticker","13":"first","14":"instock","15":"shipping-taxable","16":"product-type-simple","17":"entry","18":"content-bg","19":"loop-entry"},"_links":{"self":[{"href":"https:\/\/cmykprinted.com\/sk_sk\/wp-json\/wp\/v2\/product\/834","targetHints":{"allow":["GET"]}}],"collection":[{"href":"https:\/\/cmykprinted.com\/sk_sk\/wp-json\/wp\/v2\/product"}],"about":[{"href":"https:\/\/cmykprinted.com\/sk_sk\/wp-json\/wp\/v2\/types\/product"}],"version-history":[{"count":1,"href":"https:\/\/cmykprinted.com\/sk_sk\/wp-json\/wp\/v2\/product\/834\/revisions"}],"predecessor-version":[{"id":841,"href":"https:\/\/cmykprinted.com\/sk_sk\/wp-json\/wp\/v2\/product\/834\/revisions\/841"}],"wp:featuredmedia":[{"embeddable":true,"href":"https:\/\/cmykprinted.com\/sk_sk\/wp-json\/wp\/v2\/media\/835"}],"wp:attachment":[{"href":"https:\/\/cmykprinted.com\/sk_sk\/wp-json\/wp\/v2\/media?parent=834"}],"wp:term":[{"taxonomy":"product_cat","embeddable":true,"href":"https:\/\/cmykprinted.com\/sk_sk\/wp-json\/wp\/v2\/product_cat?post=834"},{"taxonomy":"product_tag","embeddable":true,"href":"https:\/\/cmykprinted.com\/sk_sk\/wp-json\/wp\/v2\/product_tag?post=834"}],"curies":[{"name":"wp","href":"https:\/\/api.w.org\/{rel}","templated":true}]}}