{"id":842,"date":"2023-01-01T06:44:35","date_gmt":"2023-01-01T06:44:35","guid":{"rendered":"https:\/\/cmykprinted.com\/?post_type=product&#038;p=842"},"modified":"2023-01-01T06:50:35","modified_gmt":"2023-01-01T06:50:35","slug":"rectangle-flag-banners-with-custom-printing-fast-delivery","status":"publish","type":"product","link":"https:\/\/cmykprinted.com\/sk_sk\/produkt\/rectangle-flag-banners-with-custom-printing-fast-delivery\/","title":{"rendered":"Obd\u013a\u017enikov\u00e9 vlajkov\u00e9 bannery s vlastnou potla\u010dou a r\u00fdchlym dodan\u00edm"},"content":{"rendered":"","protected":false},"excerpt":{"rendered":"<p>Ak chcete urobi\u0165 ve\u013ek\u00fd vplyv va\u0161ou \u010fal\u0161ou propag\u00e1ciou alebo udalos\u0165ou, zv\u00e1\u017ete vlastn\u00fa tla\u010d obd\u013a\u017enikov\u00fdch vlajkov\u00fdch bannerov s va\u0161\u00edm logom alebo dizajnom pod\u013ea vlastn\u00e9ho v\u00fdberu. Tieto bannery s\u00fa dostupn\u00e9 v troch ve\u013ekostiach \u2013 5 st\u00f4p, 8 st\u00f4p alebo 11 st\u00f4p \u2013 tak\u017ee si m\u00f4\u017eete vybra\u0165 mo\u017enos\u0165, ktor\u00e1 najlep\u0161ie vyhovuje va\u0161im potreb\u00e1m. Ke\u010f je nieko\u013eko vlajok zoraden\u00fdch za sebou, vytv\u00e1raj\u00fa obrovsk\u00fa a vizu\u00e1lne p\u00f4sobiv\u00fa obrazovku, ktor\u00e1 dod\u00e1 va\u0161ej akcii \u010dist\u00fa, profesion\u00e1lnu a vzru\u0161uj\u00facu atmosf\u00e9ru.<br \/>\nJednou zo skvel\u00fdch vec\u00ed na t\u00fdchto obd\u013a\u017enikov\u00fdch banneroch je, \u017ee vlastn\u00e1 tla\u010d na prednej strane je vidite\u013en\u00e1 na zadnej strane v zrkadlovom form\u00e1te. To znamen\u00e1, \u017ee ich m\u00f4\u017eete pou\u017ei\u0165 v r\u00f4znych nastaveniach a napriek tomu bude va\u0161a spr\u00e1va zobrazen\u00e1 na poprednom mieste. Okrem toho je k dispoz\u00edcii obojstrann\u00e1 tla\u010d pre t\u00fdch, ktor\u00ed chc\u00fa sprostredkova\u0165 du\u00e1lne spr\u00e1vy.<br \/>\nZa\u010da\u0165 s vlastn\u00fdm obd\u013a\u017enikov\u00fdm bannerom je jednoduch\u00e9 \u2013 jednoducho nahrajte svoje logo alebo dizajn pod\u013ea vy\u0161\u0161ie uveden\u00fdch pokynov alebo si stiahnite umeleck\u00fa \u0161abl\u00f3nu ni\u017e\u0161ie a vytvorte si vlastn\u00fd s\u00fabor na nahranie a zaplatenie. S na\u0161ou vysokokvalitnou tla\u010dou a zmyslom pre detail si m\u00f4\u017eete by\u0165 ist\u00ed, \u017ee v\u00e1\u0161 obd\u013a\u017enikov\u00fd banner s vlajkou urob\u00ed na va\u0161e publikum trval\u00fd dojem.<\/p>\n<div style=\"width: 1280px;\" class=\"wp-video\"><!--[if lt IE 9]><script>document.createElement('video');<\/script><![endif]--><br \/>\n<video class=\"wp-video-shortcode\" id=\"video-842-1\" width=\"1280\" height=\"720\" loop autoplay preload=\"metadata\" controls=\"controls\"><source type=\"video\/mp4\" src=\"http:\/\/cmykprinted.com\/wp-content\/uploads\/2022\/12\/Feather-beach-flags.mp4?_=1\" \/><a href=\"http:\/\/cmykprinted.com\/wp-content\/uploads\/2022\/12\/Feather-beach-flags.mp4\">http:\/\/cmykprinted.com\/wp-content\/uploads\/2022\/12\/Feather-beach-flags.mp4<\/a><\/video><\/div>","protected":false},"featured_media":843,"template":"","meta":{"_kad_post_transparent":"default","_kad_post_title":"hide","_kad_post_layout":"fullwidth","_kad_post_sidebar_id":"","_kad_post_content_style":"unboxed","_kad_post_vertical_padding":"hide","_kad_post_feature":"hide","_kad_post_feature_position":"","_kad_post_header":false,"_kad_post_footer":false},"product_cat":[64,66],"product_tag":[236,235,234],"class_list":{"0":"post-842","1":"product","2":"type-product","3":"status-publish","4":"has-post-thumbnail","6":"product_cat-beach-flags","7":"product_cat-rectangular-flags-banners","8":"product_tag-custom-rectangle-banners","9":"product_tag-custom-rectangle-flag","10":"product_tag-rectangle-flag-banners","12":"first","13":"instock","14":"shipping-taxable","15":"product-type-simple","16":"entry","17":"content-bg","18":"loop-entry"},"_links":{"self":[{"href":"https:\/\/cmykprinted.com\/sk_sk\/wp-json\/wp\/v2\/product\/842","targetHints":{"allow":["GET"]}}],"collection":[{"href":"https:\/\/cmykprinted.com\/sk_sk\/wp-json\/wp\/v2\/product"}],"about":[{"href":"https:\/\/cmykprinted.com\/sk_sk\/wp-json\/wp\/v2\/types\/product"}],"version-history":[{"count":1,"href":"https:\/\/cmykprinted.com\/sk_sk\/wp-json\/wp\/v2\/product\/842\/revisions"}],"predecessor-version":[{"id":848,"href":"https:\/\/cmykprinted.com\/sk_sk\/wp-json\/wp\/v2\/product\/842\/revisions\/848"}],"wp:featuredmedia":[{"embeddable":true,"href":"https:\/\/cmykprinted.com\/sk_sk\/wp-json\/wp\/v2\/media\/843"}],"wp:attachment":[{"href":"https:\/\/cmykprinted.com\/sk_sk\/wp-json\/wp\/v2\/media?parent=842"}],"wp:term":[{"taxonomy":"product_cat","embeddable":true,"href":"https:\/\/cmykprinted.com\/sk_sk\/wp-json\/wp\/v2\/product_cat?post=842"},{"taxonomy":"product_tag","embeddable":true,"href":"https:\/\/cmykprinted.com\/sk_sk\/wp-json\/wp\/v2\/product_tag?post=842"}],"curies":[{"name":"wp","href":"https:\/\/api.w.org\/{rel}","templated":true}]}}