{"id":849,"date":"2023-01-01T07:11:40","date_gmt":"2023-01-01T07:11:40","guid":{"rendered":"https:\/\/cmykprinted.com\/?post_type=product&#038;p=849"},"modified":"2023-01-01T07:22:48","modified_gmt":"2023-01-01T07:22:48","slug":"custom-small-instant-5x5ft-pop-up-canopy-tents-wholesale","status":"publish","type":"product","link":"https:\/\/cmykprinted.com\/sk_sk\/produkt\/custom-small-instant-5x5ft-pop-up-canopy-tents-wholesale\/","title":{"rendered":"Ve\u013ekoobchod so stanom s vys\u00favac\u00edm baldach\u00fdnom na mieru s rozmermi 5 x 5 st\u00f4p"},"content":{"rendered":"","protected":false},"excerpt":{"rendered":"<p>Ak h\u013ead\u00e1te v\u00fdkonn\u00fd propaga\u010dn\u00fd n\u00e1stroj, ktor\u00fd sa d\u00e1 \u013eahko nastavi\u0165 a prisp\u00f4sobi\u0165, stan s v\u00fdsuvn\u00fdm baldach\u00fdnom 5 x 5 st\u00f4p je skvelou vo\u013ebou. Tento stan je navrhnut\u00fd tak, aby zap\u00f4sobil, obsahuje vysokokvalitn\u00fd hlin\u00edkov\u00fd r\u00e1m s do\u017eivotnou z\u00e1rukou, plne prisp\u00f4soben\u00fd vrch a mo\u017enos\u0165 prida\u0165 chrb\u00e1t a boky pre e\u0161te v\u00e4\u010d\u0161iu vidite\u013enos\u0165.<br \/>\nVyskakovac\u00ed dizajn tohto stanu umo\u017e\u0148uje neuverite\u013ene jednoduch\u00e9 nastavenie, tak\u017ee m\u00f4\u017eete okam\u017eite za\u010da\u0165 prezentova\u0165 svoju spr\u00e1vu. \u010ci u\u017e ho pou\u017e\u00edvate na ve\u013etrhu, outdoorovom podujat\u00ed alebo na akomko\u013evek inom propaga\u010dnom mieste, tento stan ur\u010dite up\u00fata pozornos\u0165 va\u0161ej cie\u013eovej skupiny a pom\u00f4\u017ee v\u00e1m odl\u00ed\u0161i\u0165 sa od konkurencie.<br \/>\nTak na\u010do \u010daka\u0165? Investujte e\u0161te dnes do stanu s v\u00fdsuvn\u00fdm baldach\u00fdnom s rozmermi 5 x 5 st\u00f4p a za\u010dnite propagova\u0165 svoju firmu alebo udalos\u0165 vo ve\u013ekom \u0161t\u00fdle!<\/p>\n<div style=\"width: 1280px;\" class=\"wp-video\"><!--[if lt IE 9]><script>document.createElement('video');<\/script><![endif]--><br \/>\n<video class=\"wp-video-shortcode\" id=\"video-849-1\" width=\"1280\" height=\"720\" loop autoplay preload=\"auto\" controls=\"controls\"><source type=\"video\/mp4\" src=\"http:\/\/cmykprinted.com\/wp-content\/uploads\/2022\/12\/10x20ft-Pop-Up-Canopies.mp4?_=1\" \/><a href=\"http:\/\/cmykprinted.com\/wp-content\/uploads\/2022\/12\/10x20ft-Pop-Up-Canopies.mp4\">http:\/\/cmykprinted.com\/wp-content\/uploads\/2022\/12\/10x20ft-Pop-Up-Canopies.mp4<\/a><\/video><\/div>","protected":false},"featured_media":850,"template":"","meta":{"_kad_post_transparent":"default","_kad_post_title":"hide","_kad_post_layout":"fullwidth","_kad_post_sidebar_id":"","_kad_post_content_style":"unboxed","_kad_post_vertical_padding":"hide","_kad_post_feature":"hide","_kad_post_feature_position":"","_kad_post_header":false,"_kad_post_footer":false},"product_cat":[68,69,73],"product_tag":[238,237,239,240],"class_list":{"0":"post-849","1":"product","2":"type-product","3":"status-publish","4":"has-post-thumbnail","6":"product_cat-custom-canopy-tents","7":"product_cat-40mm-hexagon-aluminum-tents","8":"product_cat-5x5ft-custom-pop-up-canopies","9":"product_tag-5x5ft-canopy-tents","10":"product_tag-5x5ft-pop-up-canopy-tents","11":"product_tag-custom-pop-up-canopy-tents","12":"product_tag-small-pop-up-canopy-tents","14":"first","15":"instock","16":"shipping-taxable","17":"product-type-simple","18":"entry","19":"content-bg","20":"loop-entry"},"_links":{"self":[{"href":"https:\/\/cmykprinted.com\/sk_sk\/wp-json\/wp\/v2\/product\/849","targetHints":{"allow":["GET"]}}],"collection":[{"href":"https:\/\/cmykprinted.com\/sk_sk\/wp-json\/wp\/v2\/product"}],"about":[{"href":"https:\/\/cmykprinted.com\/sk_sk\/wp-json\/wp\/v2\/types\/product"}],"version-history":[{"count":1,"href":"https:\/\/cmykprinted.com\/sk_sk\/wp-json\/wp\/v2\/product\/849\/revisions"}],"predecessor-version":[{"id":857,"href":"https:\/\/cmykprinted.com\/sk_sk\/wp-json\/wp\/v2\/product\/849\/revisions\/857"}],"wp:featuredmedia":[{"embeddable":true,"href":"https:\/\/cmykprinted.com\/sk_sk\/wp-json\/wp\/v2\/media\/850"}],"wp:attachment":[{"href":"https:\/\/cmykprinted.com\/sk_sk\/wp-json\/wp\/v2\/media?parent=849"}],"wp:term":[{"taxonomy":"product_cat","embeddable":true,"href":"https:\/\/cmykprinted.com\/sk_sk\/wp-json\/wp\/v2\/product_cat?post=849"},{"taxonomy":"product_tag","embeddable":true,"href":"https:\/\/cmykprinted.com\/sk_sk\/wp-json\/wp\/v2\/product_tag?post=849"}],"curies":[{"name":"wp","href":"https:\/\/api.w.org\/{rel}","templated":true}]}}