{"id":858,"date":"2023-01-01T07:50:37","date_gmt":"2023-01-01T07:50:37","guid":{"rendered":"https:\/\/cmykprinted.com\/?post_type=product&#038;p=858"},"modified":"2023-01-01T07:57:12","modified_gmt":"2023-01-01T07:57:12","slug":"custom-branded-promotional-hand-held-stick-flags-printing","status":"publish","type":"product","link":"https:\/\/cmykprinted.com\/sk_sk\/produkt\/custom-branded-promotional-hand-held-stick-flags-printing\/","title":{"rendered":"Vlastn\u00e1 zna\u010dkov\u00e1 ru\u010dn\u00e1 tla\u010d vlajok"},"content":{"rendered":"","protected":false},"excerpt":{"rendered":"<p>Ru\u010dn\u00e9 vlajo\u010dky s\u00fa ob\u013e\u00fabenou vo\u013ebou pre podniky a organiz\u00e1cie, ktor\u00e9 chc\u00fa zv\u00fd\u0161i\u0165 vidite\u013enos\u0165 zna\u010dky a zauja\u0165 cie\u013eov\u00e9 publikum na prehliadkach, \u0161portov\u00fdch podujatiach a in\u00fdch vonkaj\u0161\u00edch stretnutiach. Tieto vlajky s\u00fa obzvl\u00e1\u0161\u0165 ob\u013e\u00faben\u00e9 u det\u00ed a in\u00fdch \u00fa\u010dastn\u00edkov, ktor\u00ed nimi radi m\u00e1vaj\u00fa a d\u00e1vaj\u00fa najavo svoju podporu ur\u010ditej veci alebo t\u00edmu.<br \/>\nJedn\u00fdm z k\u013e\u00fa\u010dov\u00fdch predajn\u00fdch bodov ru\u010dn\u00fdch vlajok je ve\u013ek\u00e1 oblas\u0165 zna\u010dky, ktor\u00e1 umo\u017e\u0148uje podnikom vyu\u017ei\u0165 ka\u017ed\u00fd milimeter zobrazen\u00e9ho priestoru okrem bieleho pruhu okolo namontovanej palice. To poskytuje podnikom dostato\u010dn\u00fd priestor na prezent\u00e1ciu identity svojej zna\u010dky, loga a posolstva, \u010d\u00edm sa zabezpe\u010d\u00ed, \u017ee ich uvid\u00ed ve\u013ek\u00e9 a vn\u00edmav\u00e9 publikum.<br \/>\nOkrem toho, \u017ee s\u00fa ru\u010dn\u00e9 vlajo\u010dky \u00fa\u010dinn\u00fdm marketingov\u00fdm n\u00e1strojom, s\u00fa aj cenovo dostupnou vo\u013ebou pre podniky a organiz\u00e1cie, ktor\u00e9 chc\u00fa propagova\u0165 svoju zna\u010dku. S\u00fa vyroben\u00e9 z odoln\u00fdch materi\u00e1lov, ako je polyester alebo nylon, a maj\u00fa dreven\u00fa alebo plastov\u00fa ty\u010d pre \u013eahk\u00e9 m\u00e1vanie. Tieto vlajky s\u00fa \u013eahk\u00e9 a \u013eahko sa pren\u00e1\u0161aj\u00fa, v\u010faka \u010domu s\u00fa praktickou vo\u013ebou pre vonkaj\u0161ie akcie.<br \/>\nCelkovo s\u00fa ru\u010dn\u00e9 palicov\u00e9 vlajky n\u00e1kladovo efekt\u00edvnym a interakt\u00edvnym marketingov\u00fdm n\u00e1strojom, ktor\u00fd mo\u017eno pou\u017ei\u0165 na propag\u00e1ciu identity zna\u010dky a zv\u00fd\u0161enie vidite\u013enosti na r\u00f4znych podujatiach.<\/p>\n<div style=\"width: 1290px;\" class=\"wp-video\"><!--[if lt IE 9]><script>document.createElement('video');<\/script><![endif]--><br \/>\n<video class=\"wp-video-shortcode\" id=\"video-858-1\" width=\"1290\" height=\"726\" loop autoplay preload=\"auto\" controls=\"controls\"><source type=\"video\/mp4\" src=\"http:\/\/cmykprinted.com\/wp-content\/uploads\/2022\/12\/Custom-Printed-Hand-Flags.mp4?_=1\" \/><a href=\"http:\/\/cmykprinted.com\/wp-content\/uploads\/2022\/12\/Custom-Printed-Hand-Flags.mp4\">http:\/\/cmykprinted.com\/wp-content\/uploads\/2022\/12\/Custom-Printed-Hand-Flags.mp4<\/a><\/video><\/div>\n<p>&nbsp;<\/p>","protected":false},"featured_media":859,"template":"","meta":{"_kad_post_transparent":"default","_kad_post_title":"hide","_kad_post_layout":"fullwidth","_kad_post_sidebar_id":"","_kad_post_content_style":"unboxed","_kad_post_vertical_padding":"hide","_kad_post_feature":"hide","_kad_post_feature_position":"","_kad_post_header":false,"_kad_post_footer":false},"product_cat":[79],"product_tag":[153,243,241,242],"class_list":{"0":"post-858","1":"product","2":"type-product","3":"status-publish","4":"has-post-thumbnail","6":"product_cat-custom-flags","7":"product_tag-custom-hand-flags","8":"product_tag-hand-flags-printing","9":"product_tag-hand-held-stick-flags","10":"product_tag-promotional-hand-flags","12":"first","13":"instock","14":"shipping-taxable","15":"product-type-simple","16":"entry","17":"content-bg","18":"loop-entry"},"_links":{"self":[{"href":"https:\/\/cmykprinted.com\/sk_sk\/wp-json\/wp\/v2\/product\/858","targetHints":{"allow":["GET"]}}],"collection":[{"href":"https:\/\/cmykprinted.com\/sk_sk\/wp-json\/wp\/v2\/product"}],"about":[{"href":"https:\/\/cmykprinted.com\/sk_sk\/wp-json\/wp\/v2\/types\/product"}],"version-history":[{"count":2,"href":"https:\/\/cmykprinted.com\/sk_sk\/wp-json\/wp\/v2\/product\/858\/revisions"}],"predecessor-version":[{"id":865,"href":"https:\/\/cmykprinted.com\/sk_sk\/wp-json\/wp\/v2\/product\/858\/revisions\/865"}],"wp:featuredmedia":[{"embeddable":true,"href":"https:\/\/cmykprinted.com\/sk_sk\/wp-json\/wp\/v2\/media\/859"}],"wp:attachment":[{"href":"https:\/\/cmykprinted.com\/sk_sk\/wp-json\/wp\/v2\/media?parent=858"}],"wp:term":[{"taxonomy":"product_cat","embeddable":true,"href":"https:\/\/cmykprinted.com\/sk_sk\/wp-json\/wp\/v2\/product_cat?post=858"},{"taxonomy":"product_tag","embeddable":true,"href":"https:\/\/cmykprinted.com\/sk_sk\/wp-json\/wp\/v2\/product_tag?post=858"}],"curies":[{"name":"wp","href":"https:\/\/api.w.org\/{rel}","templated":true}]}}