{"id":866,"date":"2023-01-01T08:19:36","date_gmt":"2023-01-01T08:19:36","guid":{"rendered":"https:\/\/cmykprinted.com\/?post_type=product&#038;p=866"},"modified":"2023-01-01T08:25:52","modified_gmt":"2023-01-01T08:25:52","slug":"promotional-advertising-color-printing-custom-table-runner","status":"publish","type":"product","link":"https:\/\/cmykprinted.com\/sk_sk\/produkt\/promotional-advertising-color-printing-custom-table-runner\/","title":{"rendered":"Reklamn\u00e1 reklama Farebn\u00e1 tla\u010d Vlastn\u00fd stolov\u00fd be\u017eec"},"content":{"rendered":"","protected":false},"excerpt":{"rendered":"<p>Potrebujete kvalitn\u00e9 beh\u00fane na mieru pre va\u0161u \u010fal\u0161iu akciu alebo ve\u013etrh? Neh\u013eadaj \u010falej! V na\u0161ej tov\u00e1rni pon\u00fakame pr\u00e9miov\u00e9 prikr\u00fdvky na st\u00f4l, ktor\u00e9 s\u00fa ide\u00e1lne pre osobn\u00e9 aj profesion\u00e1lne udalosti. Na\u0161e stolov\u00e9 beh\u00fane s\u00fa vyroben\u00e9 z kvalitnej polyesterovej tkaniny a maj\u00fa plnofarebn\u00fa, 1440 DPI, farbivo-sublima\u010dn\u00fa potla\u010d, ktor\u00e1 zais\u0165uje, \u017ee bud\u00fa dlhotrvaj\u00face a efekt\u00edvne pri reklame va\u0161ej firmy alebo pri propag\u00e1cii v\u00e1\u0161ho loga.<br \/>\nTieto prisp\u00f4soben\u00e9 beh\u00fane s\u00fa skvel\u00fdm sp\u00f4sobom, ako ozna\u010di\u0165 svoju firmu alebo prida\u0165 n\u00e1dych dekor\u00e1cie a elegancie ak\u00e9muko\u013evek stolu. S\u00fa k dispoz\u00edcii v preddefinovan\u00fdch rozmeroch 2&#039;x7,5\u2032, alebo si m\u00f4\u017eete vybra\u0165 mo\u017enos\u0165 vlastnej ve\u013ekosti, aby ste z\u00edskali presn\u00fa ve\u013ekos\u0165, ktor\u00fa potrebujete. Jednoducho ich polo\u017ete na pevn\u00fd kryt stola a dodaj\u00fa va\u0161ej udalosti profesion\u00e1lny a s\u00fadr\u017en\u00fd vzh\u013ead.<br \/>\n\u010ci u\u017e sa z\u00fa\u010dast\u0148ujete na ve\u013etrhu, organizujete konferenciu alebo pl\u00e1nujete zbierku, vlastn\u00fd stoln\u00fd beh\u00fa\u0148 je vynikaj\u00facou vo\u013ebou, ako efekt\u00edvne propagova\u0165 va\u0161u zna\u010dku a urobi\u0165 trval\u00fd dojem. Nepreme\u0161kajte t\u00fato pr\u00edle\u017eitos\u0165 doda\u0165 va\u0161ej akcii kvalitn\u00fd a profesion\u00e1lny n\u00e1dych.<\/p>","protected":false},"featured_media":867,"template":"","meta":{"_kad_post_transparent":"default","_kad_post_title":"hide","_kad_post_layout":"fullwidth","_kad_post_sidebar_id":"","_kad_post_content_style":"unboxed","_kad_post_vertical_padding":"hide","_kad_post_feature":"hide","_kad_post_feature_position":"","_kad_post_header":false,"_kad_post_footer":false},"product_cat":[80,82],"product_tag":[246,244,245],"class_list":{"0":"post-866","1":"product","2":"type-product","3":"status-publish","4":"has-post-thumbnail","6":"product_cat-custom-tablecloth","7":"product_cat-custom-table-runner","8":"product_tag-advertising-table-runner","9":"product_tag-custom-table-runner","10":"product_tag-promotional-table-runner","12":"first","13":"instock","14":"shipping-taxable","15":"product-type-simple","16":"entry","17":"content-bg","18":"loop-entry"},"_links":{"self":[{"href":"https:\/\/cmykprinted.com\/sk_sk\/wp-json\/wp\/v2\/product\/866","targetHints":{"allow":["GET"]}}],"collection":[{"href":"https:\/\/cmykprinted.com\/sk_sk\/wp-json\/wp\/v2\/product"}],"about":[{"href":"https:\/\/cmykprinted.com\/sk_sk\/wp-json\/wp\/v2\/types\/product"}],"version-history":[{"count":2,"href":"https:\/\/cmykprinted.com\/sk_sk\/wp-json\/wp\/v2\/product\/866\/revisions"}],"predecessor-version":[{"id":874,"href":"https:\/\/cmykprinted.com\/sk_sk\/wp-json\/wp\/v2\/product\/866\/revisions\/874"}],"wp:featuredmedia":[{"embeddable":true,"href":"https:\/\/cmykprinted.com\/sk_sk\/wp-json\/wp\/v2\/media\/867"}],"wp:attachment":[{"href":"https:\/\/cmykprinted.com\/sk_sk\/wp-json\/wp\/v2\/media?parent=866"}],"wp:term":[{"taxonomy":"product_cat","embeddable":true,"href":"https:\/\/cmykprinted.com\/sk_sk\/wp-json\/wp\/v2\/product_cat?post=866"},{"taxonomy":"product_tag","embeddable":true,"href":"https:\/\/cmykprinted.com\/sk_sk\/wp-json\/wp\/v2\/product_tag?post=866"}],"curies":[{"name":"wp","href":"https:\/\/api.w.org\/{rel}","templated":true}]}}