{"id":875,"date":"2023-01-01T08:42:13","date_gmt":"2023-01-01T08:42:13","guid":{"rendered":"https:\/\/cmykprinted.com\/?post_type=product&#038;p=875"},"modified":"2023-01-01T08:53:01","modified_gmt":"2023-01-01T08:53:01","slug":"wholesale-personalized-advertising-matte-pvc-vinyl-banner","status":"publish","type":"product","link":"https:\/\/cmykprinted.com\/sk_sk\/produkt\/wholesale-personalized-advertising-matte-pvc-vinyl-banner\/","title":{"rendered":"Ve\u013ekoobchodn\u00fd personalizovan\u00fd reklamn\u00fd matn\u00fd PVC vinylov\u00fd banner"},"content":{"rendered":"","protected":false},"excerpt":{"rendered":"<p>Ak potrebujete dlhotrvaj\u00face a odoln\u00e9 reklamn\u00e9 rie\u0161enie pre va\u0161u firmu, na\u0161e matn\u00e9 PVC vinylov\u00e9 bannery m\u00f4\u017eu by\u0165 tou spr\u00e1vnou vo\u013ebou. Tieto bannery s\u00fa vyroben\u00e9 z odoln\u00e9ho PVC flex materi\u00e1lu a pon\u00fakaj\u00fa vynikaj\u00facu odolnos\u0165 a odolnos\u0165 vo\u010di drsn\u00fdm vonkaj\u0161\u00edm vplyvom, v\u010faka \u010domu s\u00fa vhodn\u00e9 na vonkaj\u0161ie pou\u017eitie.<br \/>\n\u010ci u\u017e propagujete podujatie, predv\u00e1dzate svoje produkty alebo slu\u017eby, alebo jednoducho zdie\u013eate d\u00f4le\u017eit\u00e9 inform\u00e1cie so svoj\u00edm publikom, na\u0161e vlastn\u00e9 matn\u00e9 bannery s\u00fa efekt\u00edvnou a cenovo v\u00fdhodnou vo\u013ebou. Ich odoln\u00e1 povaha im umo\u017e\u0148uje odol\u00e1va\u0165 poveternostn\u00fdm vplyvom a poskytova\u0165 dlhodob\u00fa slu\u017ebu, tak\u017ee ich m\u00f4\u017eete v pr\u00edpade potreby znova pou\u017ei\u0165.<br \/>\nJednou z v\u00fdhod pou\u017e\u00edvania matn\u00fdch PVC vinylov\u00fdch bannerov je, \u017ee m\u00f4\u017eu pom\u00f4c\u0165 zn\u00ed\u017ei\u0165 celkov\u00e9 n\u00e1klady na reklamu v\u00e1\u0161ho zariadenia. Ke\u010f\u017ee s\u00fa tak\u00e9 odoln\u00e9 a maj\u00fa dlh\u00fa \u017eivotnos\u0165, nebudete sa musie\u0165 ob\u00e1va\u0165 \u010dast\u00fdch n\u00e1kupov alebo v\u00fdmen. To v\u00e1m m\u00f4\u017ee z dlhodob\u00e9ho h\u013eadiska u\u0161etri\u0165 \u010das a peniaze a z\u00e1rove\u0148 zabezpe\u010di\u0165, \u017ee va\u0161e bannery zostan\u00fa v \u0161pi\u010dkovom stave a bud\u00fa na\u010falej efekt\u00edvne propagova\u0165 va\u0161u firmu.<br \/>\nZ\u00e1verom mo\u017eno poveda\u0165, \u017ee na\u0161e matn\u00e9 PVC vinylov\u00e9 bannery s\u00fa spo\u013eahlivou a cenovo v\u00fdhodnou vo\u013ebou pre reklamu v\u00e1\u0161ho podnikania vonku. V\u010faka robustn\u00e9mu materi\u00e1lu a odolnej kon\u0161trukcii s\u00fa vhodn\u00e9 na dlhodob\u00e9 pou\u017e\u00edvanie, \u010do v\u00e1m pom\u00f4\u017ee u\u0161etri\u0165 peniaze a dosiahnu\u0165 va\u0161e reklamn\u00e9 ciele.<\/p>\n<div style=\"width: 1280px;\" class=\"wp-video\"><!--[if lt IE 9]><script>document.createElement('video');<\/script><![endif]--><br \/>\n<video class=\"wp-video-shortcode\" id=\"video-875-1\" width=\"1280\" height=\"720\" loop autoplay preload=\"metadata\" controls=\"controls\"><source type=\"video\/mp4\" src=\"http:\/\/cmykprinted.com\/wp-content\/uploads\/2022\/12\/PVC-Mesh-Banner.mp4?_=1\" \/><a href=\"http:\/\/cmykprinted.com\/wp-content\/uploads\/2022\/12\/PVC-Mesh-Banner.mp4\">http:\/\/cmykprinted.com\/wp-content\/uploads\/2022\/12\/PVC-Mesh-Banner.mp4<\/a><\/video><\/div>","protected":false},"featured_media":876,"template":"","meta":{"_kad_post_transparent":"default","_kad_post_title":"hide","_kad_post_layout":"fullwidth","_kad_post_sidebar_id":"","_kad_post_content_style":"unboxed","_kad_post_vertical_padding":"hide","_kad_post_feature":"hide","_kad_post_feature_position":"","_kad_post_header":false,"_kad_post_footer":false},"product_cat":[85,90,91,89,88],"product_tag":[189,191,188,190,187],"class_list":{"0":"post-875","1":"product","2":"type-product","3":"status-publish","4":"has-post-thumbnail","6":"product_cat-outdoor-vinyl-banners","7":"product_cat-glossy-pvc-banners","8":"product_cat-matte-vinyl-banners","9":"product_cat-pvc-banners","10":"product_cat-pvc-mesh-banners","11":"product_tag-advertising-mesh-banner","12":"product_tag-all-weather-mesh-banner","13":"product_tag-mesh-banner-printing","14":"product_tag-outdoor-mesh-banner","15":"product_tag-pvc-mesh-banner","17":"first","18":"instock","19":"shipping-taxable","20":"product-type-simple","21":"entry","22":"content-bg","23":"loop-entry"},"_links":{"self":[{"href":"https:\/\/cmykprinted.com\/sk_sk\/wp-json\/wp\/v2\/product\/875","targetHints":{"allow":["GET"]}}],"collection":[{"href":"https:\/\/cmykprinted.com\/sk_sk\/wp-json\/wp\/v2\/product"}],"about":[{"href":"https:\/\/cmykprinted.com\/sk_sk\/wp-json\/wp\/v2\/types\/product"}],"version-history":[{"count":2,"href":"https:\/\/cmykprinted.com\/sk_sk\/wp-json\/wp\/v2\/product\/875\/revisions"}],"predecessor-version":[{"id":883,"href":"https:\/\/cmykprinted.com\/sk_sk\/wp-json\/wp\/v2\/product\/875\/revisions\/883"}],"wp:featuredmedia":[{"embeddable":true,"href":"https:\/\/cmykprinted.com\/sk_sk\/wp-json\/wp\/v2\/media\/876"}],"wp:attachment":[{"href":"https:\/\/cmykprinted.com\/sk_sk\/wp-json\/wp\/v2\/media?parent=875"}],"wp:term":[{"taxonomy":"product_cat","embeddable":true,"href":"https:\/\/cmykprinted.com\/sk_sk\/wp-json\/wp\/v2\/product_cat?post=875"},{"taxonomy":"product_tag","embeddable":true,"href":"https:\/\/cmykprinted.com\/sk_sk\/wp-json\/wp\/v2\/product_tag?post=875"}],"curies":[{"name":"wp","href":"https:\/\/api.w.org\/{rel}","templated":true}]}}