{"id":884,"date":"2023-01-01T12:57:04","date_gmt":"2023-01-01T12:57:04","guid":{"rendered":"https:\/\/cmykprinted.com\/?post_type=product&#038;p=884"},"modified":"2023-01-01T13:07:05","modified_gmt":"2023-01-01T13:07:05","slug":"portable-advertising-a-frame-round-pop-up-banners-stand","status":"publish","type":"product","link":"https:\/\/cmykprinted.com\/sk_sk\/produkt\/portable-advertising-a-frame-round-pop-up-banners-stand\/","title":{"rendered":"Prenosn\u00fd stojan na okr\u00fahle vyskakovacie bannery s r\u00e1mom A-Frame"},"content":{"rendered":"","protected":false},"excerpt":{"rendered":"<p>Okr\u00fahle vyskakovacie bannery pon\u00fakaj\u00fa jedine\u010dn\u00fa a priestorovo \u00fasporn\u00fa mo\u017enos\u0165 pre zobrazenie na chodn\u00edku. Tieto bannery s\u00fa tla\u010den\u00e9 sublim\u00e1ciou farbiva, \u010do je met\u00f3da tla\u010de, ktor\u00e1 zais\u0165uje dlhotrvaj\u00face a trv\u00e1cne v\u00fdsledky aj pri vystaven\u00ed priamemu slne\u010dn\u00e9mu \u017eiareniu. Pou\u017eitie oce\u013eov\u00e9ho r\u00e1mu rob\u00ed tieto bannery \u013eahk\u00fdmi a robustn\u00fdmi a dod\u00e1vaj\u00fa sa s kol\u00edkmi, ktor\u00e9 mo\u017eno pou\u017ei\u0165 na pripevnenie banneru k zemi, ak je to potrebn\u00e9. Tieto vyskakovacie bannery s\u00fa v\u0161estrann\u00e9 a daj\u00fa sa pou\u017ei\u0165 v interi\u00e9ri aj exteri\u00e9ri, v\u010faka \u010domu s\u00fa skvelou vo\u013ebou pre r\u00f4zne udalosti a miesta, ako s\u00fa \u0161portov\u00e9 podujatia, turnaje, festivaly, ly\u017eiarske stredisk\u00e1 a \u010fal\u0161ie. S\u00fa ide\u00e1lnou vo\u013ebou pre ka\u017ed\u00e9ho, kto chce urobi\u0165 vyhl\u00e1senie a vynikn\u00fa\u0165 v preplnenom a ru\u0161nom prostred\u00ed.<\/p>\n<div style=\"width: 1280px;\" class=\"wp-video\"><!--[if lt IE 9]><script>document.createElement('video');<\/script><![endif]--><br \/>\n<video class=\"wp-video-shortcode\" id=\"video-884-1\" width=\"1280\" height=\"720\" loop autoplay preload=\"metadata\" controls=\"controls\"><source type=\"video\/mp4\" src=\"http:\/\/cmykprinted.com\/wp-content\/uploads\/2022\/12\/Triangle-Pop-Up-Banners.mp4?_=1\" \/><a href=\"http:\/\/cmykprinted.com\/wp-content\/uploads\/2022\/12\/Triangle-Pop-Up-Banners.mp4\">http:\/\/cmykprinted.com\/wp-content\/uploads\/2022\/12\/Triangle-Pop-Up-Banners.mp4<\/a><\/video><\/div>","protected":false},"featured_media":885,"template":"","meta":{"_kad_post_transparent":"default","_kad_post_title":"hide","_kad_post_layout":"fullwidth","_kad_post_sidebar_id":"","_kad_post_content_style":"unboxed","_kad_post_vertical_padding":"hide","_kad_post_feature":"hide","_kad_post_feature_position":"","_kad_post_header":false,"_kad_post_footer":false},"product_cat":[92,93],"product_tag":[248,224,249,247],"class_list":{"0":"post-884","1":"product","2":"type-product","3":"status-publish","4":"has-post-thumbnail","6":"product_cat-pop-up-banners","7":"product_cat-circle-pop-up-banners","8":"product_tag-a-frame-pop-up-banne","9":"product_tag-advertising-pop-up-banners","10":"product_tag-portable-pop-up-banners","11":"product_tag-round-pop-up-banners","13":"first","14":"instock","15":"shipping-taxable","16":"product-type-simple","17":"entry","18":"content-bg","19":"loop-entry"},"_links":{"self":[{"href":"https:\/\/cmykprinted.com\/sk_sk\/wp-json\/wp\/v2\/product\/884","targetHints":{"allow":["GET"]}}],"collection":[{"href":"https:\/\/cmykprinted.com\/sk_sk\/wp-json\/wp\/v2\/product"}],"about":[{"href":"https:\/\/cmykprinted.com\/sk_sk\/wp-json\/wp\/v2\/types\/product"}],"version-history":[{"count":1,"href":"https:\/\/cmykprinted.com\/sk_sk\/wp-json\/wp\/v2\/product\/884\/revisions"}],"predecessor-version":[{"id":892,"href":"https:\/\/cmykprinted.com\/sk_sk\/wp-json\/wp\/v2\/product\/884\/revisions\/892"}],"wp:featuredmedia":[{"embeddable":true,"href":"https:\/\/cmykprinted.com\/sk_sk\/wp-json\/wp\/v2\/media\/885"}],"wp:attachment":[{"href":"https:\/\/cmykprinted.com\/sk_sk\/wp-json\/wp\/v2\/media?parent=884"}],"wp:term":[{"taxonomy":"product_cat","embeddable":true,"href":"https:\/\/cmykprinted.com\/sk_sk\/wp-json\/wp\/v2\/product_cat?post=884"},{"taxonomy":"product_tag","embeddable":true,"href":"https:\/\/cmykprinted.com\/sk_sk\/wp-json\/wp\/v2\/product_tag?post=884"}],"curies":[{"name":"wp","href":"https:\/\/api.w.org\/{rel}","templated":true}]}}