{"id":904,"date":"2023-01-11T13:28:48","date_gmt":"2023-01-11T13:28:48","guid":{"rendered":"https:\/\/cmykprinted.com\/?post_type=product&#038;p=904"},"modified":"2023-01-12T06:44:08","modified_gmt":"2023-01-12T06:44:08","slug":"uv-3d-dtf-vinyl-adhesive-transfer-stickers-labels-printing","status":"publish","type":"product","link":"https:\/\/cmykprinted.com\/sk_sk\/produkt\/uv-3d-dtf-vinyl-adhesive-transfer-stickers-labels-printing\/","title":{"rendered":"UV 3D DTF Vinyl Adhesive Transfer Stickers Tla\u010d \u0161t\u00edtkov"},"content":{"rendered":"","protected":false},"excerpt":{"rendered":"<p>Predstavujeme na\u0161u nov\u00fa vlastn\u00fa UV n\u00e1lepku s jedine\u010dn\u00fdm 3D stereo efektom. Pre n\u00e1lepky si m\u00f4\u017eete navrhn\u00fa\u0165 vlastn\u00fd vzor, logo alebo text. N\u00e1lepky vyroben\u00e9 z UV prenosovej pasty s\u00fa vysoko pri\u013enav\u00e9, vodeodoln\u00e9 a odoln\u00e9 vo\u010di po\u0161kriabaniu. Je v\u0161ak d\u00f4le\u017eit\u00e9 poznamena\u0165, \u017ee pou\u017eitie hor\u00facej vody alebo ohrevu m\u00f4\u017ee ovplyvni\u0165 lepivos\u0165 pasty. Tieto n\u00e1lepky je mo\u017en\u00e9 aplikova\u0165 na r\u00f4zne hladk\u00e9 povrchy vr\u00e1tane kovu, plastu, skla, lakovan\u00fdch povrchov, kn\u00edh, kart\u00f3nu, dreva a dokonca aj \u00e1ut (pred aplik\u00e1ciou sa len uistite, \u017ee je povrch \u010dist\u00fd). Ve\u013ekos\u0165 tla\u010de n\u00e1lepiek je A3 (11X16 palcov) a mno\u017estvo n\u00e1lepiek, ktor\u00e9 dostanete, bude z\u00e1visie\u0165 od ve\u013ekosti, ktor\u00fa si vyberiete. Ak potrebujete v\u00e4\u010d\u0161ie mno\u017estvo, dajte n\u00e1m vedie\u0165 vopred. Okrem toho, ak chcete dosiahnu\u0165 najlep\u0161ie v\u00fdsledky, odovzdajte kvalitn\u00e9 obr\u00e1zky s vysok\u00fdm rozl\u00ed\u0161en\u00edm, jasn\u00e9, v\u00e4\u010d\u0161ie, v re\u017eime makro a zaostren\u00e9. \u010c\u00edm vy\u0161\u0161ia je kvalita fotografie, t\u00fdm lep\u0161\u00ed bude v\u00fdsledn\u00fd efekt.<\/p>\n<div style=\"width: 1280px;\" class=\"wp-video\"><!--[if lt IE 9]><script>document.createElement('video');<\/script><![endif]--><br \/>\n<video class=\"wp-video-shortcode\" id=\"video-904-1\" width=\"1280\" height=\"720\" loop autoplay preload=\"auto\" controls=\"controls\"><source type=\"video\/mp4\" src=\"http:\/\/cmykprinted.com\/wp-content\/uploads\/2022\/12\/UV-transfer-stickers.mp4?_=1\" \/><a href=\"http:\/\/cmykprinted.com\/wp-content\/uploads\/2022\/12\/UV-transfer-stickers.mp4\">http:\/\/cmykprinted.com\/wp-content\/uploads\/2022\/12\/UV-transfer-stickers.mp4<\/a><\/video><\/div>","protected":false},"featured_media":905,"template":"","meta":{"_kad_post_transparent":"default","_kad_post_title":"hide","_kad_post_layout":"fullwidth","_kad_post_sidebar_id":"","_kad_post_content_style":"unboxed","_kad_post_vertical_padding":"hide","_kad_post_feature":"hide","_kad_post_feature_position":"","_kad_post_header":false,"_kad_post_footer":false},"product_cat":[101,103],"product_tag":[202,252,251,250],"class_list":{"0":"post-904","1":"product","2":"type-product","3":"status-publish","4":"has-post-thumbnail","6":"product_cat-transfer-stickers","7":"product_cat-uv-transfer-stickers","8":"product_tag-adhesive-transfer-stickers","9":"product_tag-dtf-transfer-stickers","10":"product_tag-uv-3d-stickers","11":"product_tag-vinyl-transfer-stickers","13":"first","14":"instock","15":"shipping-taxable","16":"product-type-simple","17":"entry","18":"content-bg","19":"loop-entry"},"_links":{"self":[{"href":"https:\/\/cmykprinted.com\/sk_sk\/wp-json\/wp\/v2\/product\/904","targetHints":{"allow":["GET"]}}],"collection":[{"href":"https:\/\/cmykprinted.com\/sk_sk\/wp-json\/wp\/v2\/product"}],"about":[{"href":"https:\/\/cmykprinted.com\/sk_sk\/wp-json\/wp\/v2\/types\/product"}],"version-history":[{"count":3,"href":"https:\/\/cmykprinted.com\/sk_sk\/wp-json\/wp\/v2\/product\/904\/revisions"}],"predecessor-version":[{"id":912,"href":"https:\/\/cmykprinted.com\/sk_sk\/wp-json\/wp\/v2\/product\/904\/revisions\/912"}],"wp:featuredmedia":[{"embeddable":true,"href":"https:\/\/cmykprinted.com\/sk_sk\/wp-json\/wp\/v2\/media\/905"}],"wp:attachment":[{"href":"https:\/\/cmykprinted.com\/sk_sk\/wp-json\/wp\/v2\/media?parent=904"}],"wp:term":[{"taxonomy":"product_cat","embeddable":true,"href":"https:\/\/cmykprinted.com\/sk_sk\/wp-json\/wp\/v2\/product_cat?post=904"},{"taxonomy":"product_tag","embeddable":true,"href":"https:\/\/cmykprinted.com\/sk_sk\/wp-json\/wp\/v2\/product_tag?post=904"}],"curies":[{"name":"wp","href":"https:\/\/api.w.org\/{rel}","templated":true}]}}