{"id":913,"date":"2023-01-13T12:49:09","date_gmt":"2023-01-13T12:49:09","guid":{"rendered":"https:\/\/cmykprinted.com\/?post_type=product&#038;p=913"},"modified":"2023-01-13T12:59:43","modified_gmt":"2023-01-13T12:59:43","slug":"custom-personalized-teardrop-shaped-advertising-flags","status":"publish","type":"product","link":"https:\/\/cmykprinted.com\/sk_sk\/produkt\/custom-personalized-teardrop-shaped-advertising-flags\/","title":{"rendered":"Prisp\u00f4soben\u00e9 reklamn\u00e9 vlajky v tvare slzy"},"content":{"rendered":"","protected":false},"excerpt":{"rendered":"<p>Reklamn\u00e9 vlajky v tvare slzy, zn\u00e1me aj ako pierkov\u00e9 bannery, s\u00fa vynikaj\u00facim sp\u00f4sobom, ako propagova\u0165 va\u0161u firmu a up\u00fata\u0165 pozornos\u0165 potenci\u00e1lnych z\u00e1kazn\u00edkov. V\u010faka r\u00f4znym dostupn\u00fdm mo\u017enostiam mo\u017eno na\u0161e vlajky pou\u017ei\u0165 v interi\u00e9ri aj exteri\u00e9ri, v\u010faka \u010domu s\u00fa v\u0161estrannou vo\u013ebou pre ka\u017ed\u00fa firmu.<br \/>\nNa\u0161e vlajky sa dod\u00e1vaj\u00fa s viacer\u00fdmi mo\u017enos\u0165ami podstavy, vr\u00e1tane pozemn\u00fdch hrotov a kr\u00ed\u017eov\u00fdch podstavcov, aby sa zabezpe\u010dilo, \u017ee ich mo\u017eno umiestni\u0165 na ak\u00e9ko\u013evek miesto. Pon\u00fakame tie\u017e mo\u017enosti jednostrannej aj obojstrannej tla\u010de, tak\u017ee va\u0161u reklamu je mo\u017en\u00e9 vidie\u0165 zo v\u0161etk\u00fdch uhlov.<br \/>\nNa\u0161e vlajky s\u00fa vyroben\u00e9 z odoln\u00e9ho 3,24 oz. polyesterov\u00e1 tkanina a s\u00fa potla\u010den\u00e9 atramentom odoln\u00fdm vo\u010di UV \u017eiareniu, aby sa zabezpe\u010dilo, \u017ee odolaj\u00fa poveternostn\u00fdm vplyvom a vydr\u017eia dlh\u00fa dobu. Vlajky s\u00fa tie\u017e \u013eahk\u00e9 a \u013eahko sa prepravuj\u00fa, v\u010faka \u010domu s\u00fa ide\u00e1lne na podujatia a obchodn\u00e9 v\u00fdstavy.<br \/>\nKe\u010f si k\u00fapite jednu z na\u0161ich s\u00faprav na ty\u010de, dostanete aj cestovn\u00fa ta\u0161ku na pren\u00e1\u0161anie, v\u010faka ktorej budete m\u00f4c\u0165 svoju vlajku jednoducho prepravova\u0165 na r\u00f4zne miesta. S na\u0161imi vysokokvalitn\u00fdmi vlajkami a pohodln\u00fdmi mo\u017enos\u0165ami cestovania si m\u00f4\u017eete by\u0165 ist\u00ed, \u017ee va\u0161u firmu bud\u00fa vidie\u0165, kamko\u013evek p\u00f4jdete.<\/p>\n<div style=\"width: 1280px;\" class=\"wp-video\"><!--[if lt IE 9]><script>document.createElement('video');<\/script><![endif]--><br \/>\n<video class=\"wp-video-shortcode\" id=\"video-913-1\" width=\"1280\" height=\"720\" loop autoplay preload=\"metadata\" controls=\"controls\"><source type=\"video\/mp4\" src=\"http:\/\/cmykprinted.com\/wp-content\/uploads\/2022\/12\/Feather-beach-flags.mp4?_=1\" \/><a href=\"http:\/\/cmykprinted.com\/wp-content\/uploads\/2022\/12\/Feather-beach-flags.mp4\">http:\/\/cmykprinted.com\/wp-content\/uploads\/2022\/12\/Feather-beach-flags.mp4<\/a><\/video><\/div>","protected":false},"featured_media":914,"template":"","meta":{"_kad_post_transparent":"default","_kad_post_title":"hide","_kad_post_layout":"fullwidth","_kad_post_sidebar_id":"","_kad_post_content_style":"unboxed","_kad_post_vertical_padding":"hide","_kad_post_feature":"hide","_kad_post_feature_position":"","_kad_post_header":false,"_kad_post_footer":false},"product_cat":[64,67],"product_tag":[254,255,256,253],"class_list":{"0":"post-913","1":"product","2":"type-product","3":"status-publish","4":"has-post-thumbnail","6":"product_cat-beach-flags","7":"product_cat-teardrop-flags-banners","8":"product_tag-custom-teardrop-flags","9":"product_tag-personalized-teardrop-flags","10":"product_tag-teardrop-advertising-flags","11":"product_tag-teardrop-shaped-advertising-flags","13":"first","14":"instock","15":"shipping-taxable","16":"product-type-simple","17":"entry","18":"content-bg","19":"loop-entry"},"_links":{"self":[{"href":"https:\/\/cmykprinted.com\/sk_sk\/wp-json\/wp\/v2\/product\/913","targetHints":{"allow":["GET"]}}],"collection":[{"href":"https:\/\/cmykprinted.com\/sk_sk\/wp-json\/wp\/v2\/product"}],"about":[{"href":"https:\/\/cmykprinted.com\/sk_sk\/wp-json\/wp\/v2\/types\/product"}],"version-history":[{"count":2,"href":"https:\/\/cmykprinted.com\/sk_sk\/wp-json\/wp\/v2\/product\/913\/revisions"}],"predecessor-version":[{"id":920,"href":"https:\/\/cmykprinted.com\/sk_sk\/wp-json\/wp\/v2\/product\/913\/revisions\/920"}],"wp:featuredmedia":[{"embeddable":true,"href":"https:\/\/cmykprinted.com\/sk_sk\/wp-json\/wp\/v2\/media\/914"}],"wp:attachment":[{"href":"https:\/\/cmykprinted.com\/sk_sk\/wp-json\/wp\/v2\/media?parent=913"}],"wp:term":[{"taxonomy":"product_cat","embeddable":true,"href":"https:\/\/cmykprinted.com\/sk_sk\/wp-json\/wp\/v2\/product_cat?post=913"},{"taxonomy":"product_tag","embeddable":true,"href":"https:\/\/cmykprinted.com\/sk_sk\/wp-json\/wp\/v2\/product_tag?post=913"}],"curies":[{"name":"wp","href":"https:\/\/api.w.org\/{rel}","templated":true}]}}