{"id":921,"date":"2023-01-13T13:12:06","date_gmt":"2023-01-13T13:12:06","guid":{"rendered":"https:\/\/cmykprinted.com\/?post_type=product&#038;p=921"},"modified":"2023-01-13T13:59:27","modified_gmt":"2023-01-13T13:59:27","slug":"promotional-5-x-5-pop-up-tent-outdoor-indoor-canopy-tent","status":"publish","type":"product","link":"https:\/\/cmykprinted.com\/sk_sk\/produkt\/promotional-5-x-5-pop-up-tent-outdoor-indoor-canopy-tent\/","title":{"rendered":"Reklamn\u00fd rozkladac\u00ed stan s rozmermi 5\u2032 x 5\u2032, vonkaj\u0161\u00ed a vn\u00fatorn\u00fd stan s baldach\u00fdnom"},"content":{"rendered":"","protected":false},"excerpt":{"rendered":"<p>Tento vys\u00favac\u00ed stan s rozmermi 5 \u00d7 5 je dokonal\u00fdm rie\u0161en\u00edm na poskytnutie tie\u0148a a pr\u00edstre\u0161ia pri predaji na chodn\u00edku, st\u00e1nku na farm\u00e1rskom trhu alebo pri vonkaj\u0161\u00edch akci\u00e1ch. Dostupn\u00e9 v r\u00f4znych farb\u00e1ch vr\u00e1tane bielej, zelenej, \u010dervenej, n\u00e1morn\u00edckej modrej a \u010diernej, m\u00f4\u017eete si vybra\u0165 perfektn\u00fa farbu, ktor\u00e1 bude ladi\u0165 s va\u0161ou udalos\u0165ou alebo zna\u010dkou. Stan je vyroben\u00fd z odoln\u00e9ho hlin\u00edka, v\u010faka \u010domu sa d\u00e1 \u013eahko zostavi\u0165 v priebehu nieko\u013ek\u00fdch sek\u00fand a po skon\u010den\u00ed pr\u00e1ce sa zmest\u00ed do prepravn\u00e9ho kufr\u00edka s kolieskami, \u010do u\u013eah\u010duje prepravu a skladovanie.<br \/>\nTento komer\u010dn\u00fd vyskakovac\u00ed stan 5\u00d75 je pevne dr\u017ean\u00fd na mieste pomocou kotviacich kol\u00edkov a vytv\u00e1ra celkovo 25 \u0161tvorcov\u00fdch st\u00f4p tie\u0148a. Je ide\u00e1lny pre vonkaj\u0161ie akcie, mal\u00e9 odbavovacie kab\u00ednky, \u0161portov\u00e9 z\u00e1pasy alebo v\u00fdlety na pl\u00e1\u017e, preto\u017ee sa do\u0148 pohodlne zmestia asi dve z\u00e1hradn\u00e9 stoli\u010dky alebo mal\u00fd st\u00f4l a odol\u00e1 vetru s r\u00fdchlos\u0165ou 30 MPH. Farebn\u00e1 polyesterov\u00e1 mark\u00edza je certifikovan\u00e1 ako spoma\u013eova\u010d horenia a test hydrostatick\u00e9ho tlaku pre bezpe\u010dn\u00e9 komer\u010dn\u00e9 rie\u0161enie. Teleskopick\u00e9 nohy na uvo\u013enenie \u010dapu mo\u017eno nastavi\u0165 do piatich v\u00fd\u0161kov\u00fdch nastaven\u00ed pomocou p\u00e1\u010dok, ktor\u00e9 sa zaistia na mieste.<br \/>\nN\u00e1\u0161 komer\u010dne dostupn\u00fd 5\u00d75 vykl\u00e1pac\u00ed stan predstavuje pohodln\u00fd sp\u00f4sob, ako r\u00fdchlo postavi\u0165 zatienen\u00fd priestor na pr\u00e1cu alebo z\u00e1bavu v priebehu nieko\u013ek\u00fdch sek\u00fand. \u010ci u\u017e podnik\u00e1te, alebo len h\u013ead\u00e1te pohodln\u00fd sp\u00f4sob, ako si u\u017ei\u0165 pobyt vonku, tento stan je ide\u00e1lnou vo\u013ebou. V\u010faka odoln\u00e9mu hlin\u00edkov\u00e9mu r\u00e1mu a \u013eahko zostavite\u013en\u00e9mu dizajnu je dokonal\u00fdm doplnkom na ak\u00fako\u013evek udalos\u0165 alebo vonkaj\u0161ie stretnutie.<\/p>\n<div style=\"width: 1280px;\" class=\"wp-video\"><!--[if lt IE 9]><script>document.createElement('video');<\/script><![endif]--><br \/>\n<video class=\"wp-video-shortcode\" id=\"video-921-1\" width=\"1280\" height=\"720\" loop autoplay preload=\"auto\" controls=\"controls\"><source type=\"video\/mp4\" src=\"http:\/\/cmykprinted.com\/wp-content\/uploads\/2022\/12\/10x20ft-Pop-Up-Canopies.mp4?_=1\" \/><a href=\"http:\/\/cmykprinted.com\/wp-content\/uploads\/2022\/12\/10x20ft-Pop-Up-Canopies.mp4\">http:\/\/cmykprinted.com\/wp-content\/uploads\/2022\/12\/10x20ft-Pop-Up-Canopies.mp4<\/a><\/video><\/div>","protected":false},"featured_media":922,"template":"","meta":{"_kad_post_transparent":"default","_kad_post_title":"hide","_kad_post_layout":"fullwidth","_kad_post_sidebar_id":"","_kad_post_content_style":"unboxed","_kad_post_vertical_padding":"hide","_kad_post_feature":"hide","_kad_post_feature_position":"","_kad_post_header":false,"_kad_post_footer":false},"product_cat":[68,74,78],"product_tag":[257,259,258,260],"class_list":{"0":"post-921","1":"product","2":"type-product","3":"status-publish","4":"has-post-thumbnail","6":"product_cat-custom-canopy-tents","7":"product_cat-50mm-heavy-duty-hexagon-aluminum-tents","8":"product_cat-5x5ft-custom-pop-up-canopies-50mm-heavy-duty-hexagon-aluminum-tents-custom-canopy-tents","9":"product_tag-5-x-5-pop-up-tent","10":"product_tag-indoor-canopy-tent","11":"product_tag-outdoor-canopy-tent","12":"product_tag-promotional-pop-up-tent","14":"first","15":"instock","16":"shipping-taxable","17":"product-type-simple","18":"entry","19":"content-bg","20":"loop-entry"},"_links":{"self":[{"href":"https:\/\/cmykprinted.com\/sk_sk\/wp-json\/wp\/v2\/product\/921","targetHints":{"allow":["GET"]}}],"collection":[{"href":"https:\/\/cmykprinted.com\/sk_sk\/wp-json\/wp\/v2\/product"}],"about":[{"href":"https:\/\/cmykprinted.com\/sk_sk\/wp-json\/wp\/v2\/types\/product"}],"version-history":[{"count":2,"href":"https:\/\/cmykprinted.com\/sk_sk\/wp-json\/wp\/v2\/product\/921\/revisions"}],"predecessor-version":[{"id":929,"href":"https:\/\/cmykprinted.com\/sk_sk\/wp-json\/wp\/v2\/product\/921\/revisions\/929"}],"wp:featuredmedia":[{"embeddable":true,"href":"https:\/\/cmykprinted.com\/sk_sk\/wp-json\/wp\/v2\/media\/922"}],"wp:attachment":[{"href":"https:\/\/cmykprinted.com\/sk_sk\/wp-json\/wp\/v2\/media?parent=921"}],"wp:term":[{"taxonomy":"product_cat","embeddable":true,"href":"https:\/\/cmykprinted.com\/sk_sk\/wp-json\/wp\/v2\/product_cat?post=921"},{"taxonomy":"product_tag","embeddable":true,"href":"https:\/\/cmykprinted.com\/sk_sk\/wp-json\/wp\/v2\/product_tag?post=921"}],"curies":[{"name":"wp","href":"https:\/\/api.w.org\/{rel}","templated":true}]}}